{"id":1072,"date":"2024-11-17T11:19:42","date_gmt":"2024-11-17T11:19:42","guid":{"rendered":"https:\/\/kaidastay.com\/?page_id=1072"},"modified":"2025-02-19T12:40:24","modified_gmt":"2025-02-19T11:40:24","slug":"termsconditions","status":"publish","type":"page","link":"https:\/\/kaidastay.com\/es\/termsconditions\/","title":{"rendered":"Condiciones generales"},"content":{"rendered":"<div style=\"background-image:url(&apos;https:\/\/kaidastay.com\/wp-content\/uploads\/2024\/09\/About-it.png&apos;);background-position:50% 0;background-size:cover;\" class=\"wp-block-group has-global-padding is-layout-constrained wp-block-group-is-layout-constrained has-background\">\n<div style=\"height:8px\" aria-hidden=\"true\" class=\"wp-block-spacer\"><\/div>\n\n\n\n<h1 class=\"wp-block-heading has-text-align-center has-text-color has-link-color has-heading-font-family wp-elements-8f98beb44216d9df309a0ba7f031f416\" style=\"color:#1a7a89;font-size:clamp(1.502rem, 1.502rem + ((1vw - 0.2rem) * 1.663), 2.5rem);font-style:normal;font-weight:700\">Condiciones generales<\/h1>\n\n\n\n<div style=\"height:124px\" aria-hidden=\"true\" class=\"wp-block-spacer\"><\/div>\n<\/div>\n\n\n\n<div class=\"wp-block-group is-vertical is-layout-flex wp-container-core-group-is-layout-7d44d595 wp-block-group-is-layout-flex\" style=\"margin-top:var(--wp--preset--spacing--20);margin-bottom:var(--wp--preset--spacing--20);padding-right:var(--wp--preset--spacing--60);padding-left:var(--wp--preset--spacing--60)\">\n<div class=\"wp-block-group is-nowrap is-layout-flex wp-container-core-group-is-layout-581d59e2 wp-block-group-is-layout-flex\" style=\"padding-right:var(--wp--preset--spacing--20);padding-left:var(--wp--preset--spacing--20)\">\n<div class=\"wp-block-group is-vertical is-layout-flex wp-container-core-group-is-layout-fe9cc265 wp-block-group-is-layout-flex\">\n<h2 class=\"wp-block-heading has-text-color has-link-color has-heading-font-family wp-elements-037a06609ea39fe800227d853bfbdf68\" style=\"color:#ecf0f1;font-style:normal;font-weight:400\"><strong><strong>1. Introducci\u00f3n<\/strong><\/strong><\/h2>\n\n\n\n<div class=\"wp-block-group is-nowrap is-layout-flex wp-container-core-group-is-layout-6c531013 wp-block-group-is-layout-flex\">\n<p class=\"has-text-color has-link-color has-heading-font-family has-medium-font-size wp-elements-005a347ce823310f177316b4f8d4dfab\" style=\"color:#ecf0f1;font-style:normal;font-weight:400\">Bienvenido a <strong>Kaida Estancia<\/strong>. Al acceder y utilizar nuestro sitio web (<a href=\"http:\/\/www.kaidaystay.com\/\" target=\"_blank\" rel=\"noreferrer noopener\">www.kaidaystay.com<\/a>) y servicios, usted acepta estar sujeto a los siguientes T\u00e9rminos y Condiciones. Estas condiciones se aplican a todos los usuarios, ya sean propietarios o hu\u00e9spedes que reserven una propiedad en alquiler. Si no est\u00e1 de acuerdo con alguna parte de estas condiciones, le rogamos que deje de utilizar nuestros servicios.&nbsp;<\/p>\n<\/div>\n<\/div>\n<\/div>\n<\/div>\n\n\n\n<div class=\"wp-block-group is-vertical is-layout-flex wp-container-core-group-is-layout-7d44d595 wp-block-group-is-layout-flex\" style=\"margin-top:var(--wp--preset--spacing--20);margin-bottom:var(--wp--preset--spacing--20);padding-right:var(--wp--preset--spacing--60);padding-left:var(--wp--preset--spacing--60)\">\n<div class=\"wp-block-group is-nowrap is-layout-flex wp-container-core-group-is-layout-581d59e2 wp-block-group-is-layout-flex\" style=\"padding-right:var(--wp--preset--spacing--20);padding-left:var(--wp--preset--spacing--20)\">\n<div class=\"wp-block-group is-vertical is-layout-flex wp-container-core-group-is-layout-fe9cc265 wp-block-group-is-layout-flex\">\n<h2 class=\"wp-block-heading has-text-color has-link-color has-heading-font-family wp-elements-90f2a27c5e699f92b9e55738d020673c\" style=\"color:#ecf0f1;font-style:normal;font-weight:400\"><strong><strong><strong>2. Servicios<\/strong><\/strong><\/strong><\/h2>\n\n\n\n<div class=\"wp-block-group is-vertical is-layout-flex wp-container-core-group-is-layout-fe9cc265 wp-block-group-is-layout-flex\">\n<p class=\"has-text-color has-link-color has-heading-font-family has-medium-font-size wp-elements-f5c65cb8988ae503ff89759722d244f0\" style=\"color:#ecf0f1;font-style:normal;font-weight:400\">Kaida Stay presta servicios de gesti\u00f3n de alquileres vacacionales, entre los que se incluyen:&nbsp;<\/p>\n\n\n\n<ul class=\"wp-block-list\">\n<li class=\"has-heading-font-family\">Listado de propiedades en alquiler a corto plazo&nbsp;<\/li>\n\n\n\n<li class=\"has-heading-font-family\">Mantenimiento de la propiedad y limpieza&nbsp;<\/li>\n\n\n\n<li class=\"has-heading-font-family\">Facilitar el registro de entrada y salida de los hu\u00e9spedes&nbsp;<\/li>\n\n\n\n<li class=\"has-heading-font-family\">Gesti\u00f3n de pagos y reservas de alquileres&nbsp;<\/li>\n<\/ul>\n<\/div>\n<\/div>\n<\/div>\n<\/div>\n\n\n\n<div class=\"wp-block-group is-vertical is-layout-flex wp-container-core-group-is-layout-7d44d595 wp-block-group-is-layout-flex\" style=\"margin-top:var(--wp--preset--spacing--20);margin-bottom:var(--wp--preset--spacing--20);padding-right:var(--wp--preset--spacing--60);padding-left:var(--wp--preset--spacing--60)\">\n<div class=\"wp-block-group is-nowrap is-layout-flex wp-container-core-group-is-layout-581d59e2 wp-block-group-is-layout-flex\" style=\"padding-right:var(--wp--preset--spacing--20);padding-left:var(--wp--preset--spacing--20)\">\n<div class=\"wp-block-group is-vertical is-layout-flex wp-container-core-group-is-layout-fe9cc265 wp-block-group-is-layout-flex\">\n<h2 class=\"wp-block-heading has-text-color has-link-color has-heading-font-family wp-elements-8ff9467f4b3321f5e73ac7d9086b5d7f\" style=\"color:#ecf0f1;font-style:normal;font-weight:400\"><strong><strong><strong><strong>3. Condiciones de reserva y pago<\/strong>&nbsp;<\/strong><\/strong><\/strong><\/h2>\n\n\n\n<div class=\"wp-block-group is-vertical is-layout-flex wp-container-core-group-is-layout-fe9cc265 wp-block-group-is-layout-flex\">\n<ul class=\"wp-block-list\">\n<li class=\"has-heading-font-family\"><strong>Invitados<\/strong>: Al reservar un alojamiento a trav\u00e9s de Kaida Stay, se compromete a pagar el importe total indicado en la confirmaci\u00f3n de la reserva. Los m\u00e9todos de pago se indican en el momento de la reserva. Las pol\u00edticas de cancelaci\u00f3n var\u00edan seg\u00fan la propiedad y se detallan en la confirmaci\u00f3n de la reserva.&nbsp;<\/li>\n\n\n\n<li class=\"has-heading-font-family\"><strong>Propietarios<\/strong>: Kaida Stay gestionar\u00e1 la propiedad en su nombre y facilitar\u00e1 las reservas. Las tarifas de las comisiones y las condiciones de pago se acordar\u00e1n mediante un contrato independiente. Los propietarios recibir\u00e1n los ingresos por alquiler menos nuestros honorarios de gesti\u00f3n, seg\u00fan el acuerdo contractual.&nbsp;&nbsp;<\/li>\n<\/ul>\n<\/div>\n<\/div>\n<\/div>\n<\/div>\n\n\n\n<div class=\"wp-block-group is-vertical is-layout-flex wp-container-core-group-is-layout-7d44d595 wp-block-group-is-layout-flex\" style=\"margin-top:var(--wp--preset--spacing--20);margin-bottom:var(--wp--preset--spacing--20);padding-right:var(--wp--preset--spacing--60);padding-left:var(--wp--preset--spacing--60)\">\n<div class=\"wp-block-group is-nowrap is-layout-flex wp-container-core-group-is-layout-581d59e2 wp-block-group-is-layout-flex\" style=\"padding-right:var(--wp--preset--spacing--20);padding-left:var(--wp--preset--spacing--20)\">\n<div class=\"wp-block-group is-vertical is-layout-flex wp-container-core-group-is-layout-fe9cc265 wp-block-group-is-layout-flex\">\n<h2 class=\"wp-block-heading has-text-color has-link-color has-heading-font-family wp-elements-180df1c62ec87a00a26c96950f3e4404\" style=\"color:#ecf0f1;font-style:normal;font-weight:400\"><strong><strong><strong><strong><strong>4. Pol\u00edtica de cancelaci\u00f3n y reembolso<\/strong><\/strong><\/strong><\/strong><\/strong><\/h2>\n\n\n\n<div class=\"wp-block-group is-vertical is-layout-flex wp-container-core-group-is-layout-fe9cc265 wp-block-group-is-layout-flex\">\n<ul class=\"wp-block-list\">\n<li class=\"has-heading-font-family\"><strong>Invitados<\/strong>: Las cancelaciones deben realizarse dentro del plazo estipulado en la confirmaci\u00f3n de la reserva para recibir el reembolso. Las cancelaciones fuera de plazo pueden conllevar un recargo, o es posible que no se realicen reembolsos en funci\u00f3n de la pol\u00edtica de cancelaci\u00f3n del establecimiento.&nbsp;<\/li>\n\n\n\n<li class=\"has-heading-font-family\"><strong>Propietarios<\/strong>: En caso de cancelaci\u00f3n por parte de los hu\u00e9spedes, los propietarios no tendr\u00e1n derecho a los ingresos por alquiler de ese periodo, a menos que se estipule lo contrario en el contrato de gesti\u00f3n.&nbsp;&nbsp;<\/li>\n<\/ul>\n<\/div>\n<\/div>\n<\/div>\n<\/div>\n\n\n\n<div class=\"wp-block-group is-vertical is-layout-flex wp-container-core-group-is-layout-7d44d595 wp-block-group-is-layout-flex\" style=\"margin-top:var(--wp--preset--spacing--20);margin-bottom:var(--wp--preset--spacing--20);padding-right:var(--wp--preset--spacing--60);padding-left:var(--wp--preset--spacing--60)\">\n<div class=\"wp-block-group is-nowrap is-layout-flex wp-container-core-group-is-layout-581d59e2 wp-block-group-is-layout-flex\" style=\"padding-right:var(--wp--preset--spacing--20);padding-left:var(--wp--preset--spacing--20)\">\n<div class=\"wp-block-group is-vertical is-layout-flex wp-container-core-group-is-layout-fe9cc265 wp-block-group-is-layout-flex\">\n<h2 class=\"wp-block-heading has-text-color has-link-color has-heading-font-family wp-elements-9b9c45667e4fe208c838369705ecca77\" style=\"color:#ecf0f1;font-style:normal;font-weight:400\"><strong><strong><strong><strong><strong><strong>5. Mantenimiento de la propiedad y responsabilidad<\/strong>&nbsp;<\/strong><\/strong><\/strong><\/strong><\/strong><\/h2>\n\n\n\n<p class=\"has-text-color has-link-color has-heading-font-family has-medium-font-size wp-elements-d46c3a01d4fbc97365d3aaab0c021d65\" style=\"color:#ecf0f1;font-style:normal;font-weight:400\">Kaida Stay mantendr\u00e1 la propiedad de acuerdo con los servicios de gesti\u00f3n acordados. Sin embargo, Kaida Stay no es responsable de:&nbsp;&nbsp;<\/p>\n\n\n\n<div class=\"wp-block-group is-vertical is-layout-flex wp-container-core-group-is-layout-fe9cc265 wp-block-group-is-layout-flex\">\n<ul class=\"wp-block-list has-medium-font-size\">\n<li class=\"has-heading-font-family has-medium-font-size\">Actos de vandalismo, cat\u00e1strofes naturales u otros incidentes fuera de nuestro control.&nbsp;<\/li>\n\n\n\n<li class=\"has-heading-font-family\">P\u00e9rdida o da\u00f1os a objetos personales dejados en la vivienda&nbsp;<\/li>\n<\/ul>\n<\/div>\n\n\n\n<p class=\"has-text-color has-link-color has-heading-font-family has-medium-font-size wp-elements-95e06469de1c7d7c4982f7ea31e80ca8\" style=\"color:#ecf0f1;font-style:normal;font-weight:400\">Los propietarios son responsables de garantizar que su propiedad est\u00e1 adecuadamente asegurada.&nbsp;<\/p>\n<\/div>\n<\/div>\n<\/div>\n\n\n\n<div class=\"wp-block-group is-vertical is-layout-flex wp-container-core-group-is-layout-7d44d595 wp-block-group-is-layout-flex\" style=\"margin-top:var(--wp--preset--spacing--20);margin-bottom:var(--wp--preset--spacing--20);padding-right:var(--wp--preset--spacing--60);padding-left:var(--wp--preset--spacing--60)\">\n<div class=\"wp-block-group is-nowrap is-layout-flex wp-container-core-group-is-layout-581d59e2 wp-block-group-is-layout-flex\" style=\"padding-right:var(--wp--preset--spacing--20);padding-left:var(--wp--preset--spacing--20)\">\n<div class=\"wp-block-group is-vertical is-layout-flex wp-container-core-group-is-layout-fe9cc265 wp-block-group-is-layout-flex\">\n<h2 class=\"wp-block-heading has-text-color has-link-color has-heading-font-family wp-elements-3986e0e76cc684d2d24d20ef86f9ce2f\" style=\"color:#ecf0f1;font-style:normal;font-weight:400\"><strong><strong><strong><strong><strong><strong><strong>6. Responsabilidades de los invitados<\/strong>&nbsp;<\/strong>&nbsp;<\/strong><\/strong><\/strong><\/strong><\/strong><\/h2>\n\n\n\n<p class=\"has-text-color has-link-color has-heading-font-family has-medium-font-size wp-elements-6a8c87fb90ac50f2d2c4c40c28c88c97\" style=\"color:#ecf0f1;font-style:normal;font-weight:400\">Se espera que los hu\u00e9spedes:&nbsp;<\/p>\n\n\n\n<div class=\"wp-block-group is-vertical is-layout-flex wp-container-core-group-is-layout-fe9cc265 wp-block-group-is-layout-flex\">\n<ul class=\"wp-block-list has-medium-font-size\">\n<li class=\"has-heading-font-family has-medium-font-size\">Respetar la propiedad y cumplir las normas de la casa indicadas en el momento de la reserva.&nbsp;&nbsp;<\/li>\n\n\n\n<li class=\"has-heading-font-family\">Informe inmediatamente de cualquier da\u00f1o o problema&nbsp;&nbsp;<\/li>\n\n\n\n<li class=\"has-heading-font-family\">Salida a la hora indicada a menos que se acuerde lo contrario con Kaida Stay.&nbsp;&nbsp;&nbsp;<\/li>\n<\/ul>\n<\/div>\n\n\n\n<p class=\"has-text-color has-link-color has-heading-font-family has-medium-font-size wp-elements-19b10fef6764e382fb88dd305b724389\" style=\"color:#ecf0f1;font-style:normal;font-weight:400\">El incumplimiento de estas responsabilidades puede dar lugar a cargos adicionales por da\u00f1os o uso no autorizado.&nbsp;&nbsp;<\/p>\n<\/div>\n<\/div>\n<\/div>\n\n\n\n<div class=\"wp-block-group is-vertical is-layout-flex wp-container-core-group-is-layout-7d44d595 wp-block-group-is-layout-flex\" style=\"margin-top:var(--wp--preset--spacing--20);margin-bottom:var(--wp--preset--spacing--20);padding-right:var(--wp--preset--spacing--60);padding-left:var(--wp--preset--spacing--60)\">\n<div class=\"wp-block-group is-nowrap is-layout-flex wp-container-core-group-is-layout-581d59e2 wp-block-group-is-layout-flex\" style=\"padding-right:var(--wp--preset--spacing--20);padding-left:var(--wp--preset--spacing--20)\">\n<div class=\"wp-block-group is-vertical is-layout-flex wp-container-core-group-is-layout-fe9cc265 wp-block-group-is-layout-flex\">\n<h2 class=\"wp-block-heading has-text-color has-link-color has-heading-font-family wp-elements-7cbef07085d1fd07fd925ac6a4819057\" style=\"color:#ecf0f1;font-style:normal;font-weight:400\"><strong><strong><strong><strong><strong><strong><strong><strong>7. Responsabilidades del propietario<\/strong>&nbsp;<\/strong>&nbsp;<\/strong>&nbsp;<\/strong><\/strong><\/strong><\/strong><\/strong><\/h2>\n\n\n\n<p class=\"has-text-color has-link-color has-heading-font-family has-medium-font-size wp-elements-7380f95cf91a39134c0fea3716eeea12\" style=\"color:#ecf0f1;font-style:normal;font-weight:400\">Se espera que los propietarios:&nbsp;&nbsp;<\/p>\n\n\n\n<div class=\"wp-block-group is-vertical is-layout-flex wp-container-core-group-is-layout-fe9cc265 wp-block-group-is-layout-flex\">\n<ul class=\"wp-block-list has-medium-font-size\">\n<li class=\"has-heading-font-family has-medium-font-size\">Proporcionar informaci\u00f3n precisa y actualizada sobre su propiedad, incluidas las normas de la casa, las caracter\u00edsticas de la propiedad y los servicios.&nbsp;&nbsp;&nbsp;<\/li>\n\n\n\n<li class=\"has-heading-font-family\">Asegurarse de que la propiedad cumple todas las leyes y normativas locales relativas a los alquileres de corta duraci\u00f3n.&nbsp;&nbsp;&nbsp;<\/li>\n\n\n\n<li class=\"has-heading-font-family\">Mantener una cobertura de seguro adecuada para la propiedad&nbsp;&nbsp;&nbsp;<\/li>\n<\/ul>\n<\/div>\n<\/div>\n<\/div>\n<\/div>\n\n\n\n<div class=\"wp-block-group is-vertical is-layout-flex wp-container-core-group-is-layout-7d44d595 wp-block-group-is-layout-flex\" style=\"margin-top:var(--wp--preset--spacing--20);margin-bottom:var(--wp--preset--spacing--20);padding-right:var(--wp--preset--spacing--60);padding-left:var(--wp--preset--spacing--60)\">\n<div class=\"wp-block-group is-nowrap is-layout-flex wp-container-core-group-is-layout-581d59e2 wp-block-group-is-layout-flex\" style=\"padding-right:var(--wp--preset--spacing--20);padding-left:var(--wp--preset--spacing--20)\">\n<div class=\"wp-block-group is-vertical is-layout-flex wp-container-core-group-is-layout-fe9cc265 wp-block-group-is-layout-flex\">\n<h2 class=\"wp-block-heading has-text-color has-link-color has-heading-font-family wp-elements-f0cba16afccbeb2cef286bca352b408f\" style=\"color:#ecf0f1;font-style:normal;font-weight:400\"><strong><strong><strong><strong><strong><strong><strong><strong><strong>8. Privacidad y protecci\u00f3n de datos<\/strong>&nbsp;<\/strong>&nbsp;<\/strong>&nbsp;<\/strong>&nbsp;<\/strong><\/strong><\/strong><\/strong><\/strong><\/h2>\n\n\n\n<p class=\"has-text-color has-link-color has-heading-font-family has-medium-font-size wp-elements-e385775e17789740983557fee3b167c6\" style=\"color:#ecf0f1;font-style:normal;font-weight:400\">Kaida Stay valora su privacidad. Los datos personales recopilados durante las reservas o consultas se tratar\u00e1n de acuerdo con nuestra Pol\u00edtica de privacidad. No compartiremos sus datos con terceros sin su consentimiento, excepto cuando sea necesario para prestar nuestros servicios.&nbsp;&nbsp;&nbsp;<\/p>\n<\/div>\n<\/div>\n<\/div>\n\n\n\n<div class=\"wp-block-group is-vertical is-layout-flex wp-container-core-group-is-layout-7d44d595 wp-block-group-is-layout-flex\" style=\"margin-top:var(--wp--preset--spacing--20);margin-bottom:var(--wp--preset--spacing--20);padding-right:var(--wp--preset--spacing--60);padding-left:var(--wp--preset--spacing--60)\">\n<div class=\"wp-block-group is-nowrap is-layout-flex wp-container-core-group-is-layout-581d59e2 wp-block-group-is-layout-flex\" style=\"padding-right:var(--wp--preset--spacing--20);padding-left:var(--wp--preset--spacing--20)\">\n<div class=\"wp-block-group is-vertical is-layout-flex wp-container-core-group-is-layout-fe9cc265 wp-block-group-is-layout-flex\">\n<h2 class=\"wp-block-heading has-text-color has-link-color has-heading-font-family wp-elements-babbe0a64ab5e3e04609fbc78c933183\" style=\"color:#ecf0f1;font-style:normal;font-weight:400\"><strong><strong><strong><strong><strong><strong><strong><strong><strong><strong>9. 9. Propiedad intelectual<\/strong>&nbsp;<\/strong>&nbsp;<\/strong>&nbsp;<\/strong>&nbsp;<\/strong>&nbsp;<\/strong><\/strong><\/strong><\/strong><\/strong><\/h2>\n\n\n\n<p class=\"has-text-color has-link-color has-heading-font-family has-medium-font-size wp-elements-70fc153565457bdba7197c1f5971b3c3\" style=\"color:#ecf0f1;font-style:normal;font-weight:400\">Todos los contenidos de <a href=\"http:\/\/www.kaidaystay.com\/\" target=\"_blank\" rel=\"noreferrer noopener\">www.kaidaystay.com<\/a>Todos los contenidos, incluidos textos, im\u00e1genes, logotipos y dise\u00f1os, son propiedad intelectual de Kaida Stay, salvo que se indique lo contrario. Queda prohibida la reproducci\u00f3n o utilizaci\u00f3n no autorizada de este contenido.<\/p>\n<\/div>\n<\/div>\n<\/div>\n\n\n\n<div class=\"wp-block-group is-vertical is-layout-flex wp-container-core-group-is-layout-7d44d595 wp-block-group-is-layout-flex\" style=\"margin-top:var(--wp--preset--spacing--20);margin-bottom:var(--wp--preset--spacing--20);padding-right:var(--wp--preset--spacing--60);padding-left:var(--wp--preset--spacing--60)\">\n<div class=\"wp-block-group is-nowrap is-layout-flex wp-container-core-group-is-layout-581d59e2 wp-block-group-is-layout-flex\" style=\"padding-right:var(--wp--preset--spacing--20);padding-left:var(--wp--preset--spacing--20)\">\n<div class=\"wp-block-group is-vertical is-layout-flex wp-container-core-group-is-layout-fe9cc265 wp-block-group-is-layout-flex\">\n<h2 class=\"wp-block-heading has-text-color has-link-color has-heading-font-family wp-elements-1bbd170289ac008a241029603ae9ff3c\" style=\"color:#ecf0f1;font-style:normal;font-weight:400\"><strong><strong><strong><strong><strong><strong><strong><strong><strong><strong><strong>10. Resoluci\u00f3n de litigios<\/strong>&nbsp;<\/strong>&nbsp;<\/strong>&nbsp;<\/strong>&nbsp;<\/strong>&nbsp;<\/strong>&nbsp;<\/strong><\/strong><\/strong><\/strong><\/strong><\/h2>\n\n\n\n<p class=\"has-text-color has-link-color has-heading-font-family has-medium-font-size wp-elements-361b396e82d944f2a4f2f1bc56f77f9e\" style=\"color:#ecf0f1;font-style:normal;font-weight:400\">En caso de litigio, ambas partes (hu\u00e9spedes o propietarios) se comprometen a buscar primero una soluci\u00f3n a trav\u00e9s de la comunicaci\u00f3n directa con Kaida Stay. Si no se puede llegar a una resoluci\u00f3n, se podr\u00e1n emprender acciones legales de acuerdo con la jurisdicci\u00f3n local.&nbsp;<\/p>\n<\/div>\n<\/div>\n<\/div>\n\n\n\n<div class=\"wp-block-group is-vertical is-layout-flex wp-container-core-group-is-layout-7d44d595 wp-block-group-is-layout-flex\" style=\"margin-top:var(--wp--preset--spacing--20);margin-bottom:var(--wp--preset--spacing--20);padding-right:var(--wp--preset--spacing--60);padding-left:var(--wp--preset--spacing--60)\">\n<div class=\"wp-block-group is-nowrap is-layout-flex wp-container-core-group-is-layout-581d59e2 wp-block-group-is-layout-flex\" style=\"padding-right:var(--wp--preset--spacing--20);padding-left:var(--wp--preset--spacing--20)\">\n<div class=\"wp-block-group is-vertical is-layout-flex wp-container-core-group-is-layout-fe9cc265 wp-block-group-is-layout-flex\">\n<h2 class=\"wp-block-heading has-text-color has-link-color has-heading-font-family wp-elements-a13810de5db12b9a30497083df2468f3\" style=\"color:#ecf0f1;font-style:normal;font-weight:400\"><strong><strong><strong><strong><strong><strong><strong><strong><strong><strong><strong><strong>11. Modificaciones de las condiciones generales<\/strong><\/strong><\/strong><\/strong>&nbsp;<\/strong>&nbsp;<\/strong>&nbsp;<\/strong>&nbsp;<\/strong><\/strong><\/strong><\/strong><\/strong><\/h2>\n\n\n\n<p class=\"has-text-color has-link-color has-heading-font-family has-medium-font-size wp-elements-d37001dbd159fdfda1e155ed06c13215\" style=\"color:#ecf0f1;font-style:normal;font-weight:400\">Kaida Stay se reserva el derecho a actualizar o modificar estas Condiciones en cualquier momento y sin previo aviso. Es su responsabilidad revisar estos t\u00e9rminos peri\u00f3dicamente. El uso continuado de nuestros servicios despu\u00e9s de cualquier modificaci\u00f3n indica su aceptaci\u00f3n de los t\u00e9rminos revisados.&nbsp;&nbsp;<\/p>\n<\/div>\n<\/div>\n<\/div>\n\n\n\n<div class=\"wp-block-group is-vertical is-layout-flex wp-container-core-group-is-layout-7d44d595 wp-block-group-is-layout-flex\" style=\"margin-top:var(--wp--preset--spacing--20);margin-bottom:var(--wp--preset--spacing--20);padding-right:var(--wp--preset--spacing--60);padding-left:var(--wp--preset--spacing--60)\">\n<div class=\"wp-block-group is-nowrap is-layout-flex wp-container-core-group-is-layout-581d59e2 wp-block-group-is-layout-flex\" style=\"padding-right:var(--wp--preset--spacing--20);padding-left:var(--wp--preset--spacing--20)\">\n<div class=\"wp-block-group is-vertical is-layout-flex wp-container-core-group-is-layout-fe9cc265 wp-block-group-is-layout-flex\">\n<h2 class=\"wp-block-heading has-text-color has-link-color has-heading-font-family wp-elements-2c49c20381c416d752cbf40f5c55c30e\" style=\"color:#ecf0f1;font-style:normal;font-weight:400\"><strong><strong><strong><strong><strong><strong><strong><strong><strong><strong><strong><strong><strong>12. Ley aplicable<\/strong>&nbsp;<\/strong><\/strong><\/strong><\/strong>&nbsp;<\/strong>&nbsp;<\/strong>&nbsp;<\/strong>&nbsp;<\/strong><\/strong><\/strong><\/strong><\/strong><\/h2>\n\n\n\n<p class=\"has-text-color has-link-color has-heading-font-family has-medium-font-size wp-elements-4d34e76e2556bea11b5a1a8f2fd763c7\" style=\"color:#ecf0f1;font-style:normal;font-weight:400\">Estos T\u00e9rminos y Condiciones se rigen por las leyes de Espa\u00f1a. Cualquier disputa derivada o relacionada con estos t\u00e9rminos estar\u00e1 sujeta a la jurisdicci\u00f3n exclusiva de los tribunales de M\u00e1laga, Espa\u00f1a.&nbsp;&nbsp;&nbsp;<\/p>\n<\/div>\n<\/div>\n<\/div>\n\n\n\n<div class=\"wp-block-group is-vertical is-layout-flex wp-container-core-group-is-layout-7d44d595 wp-block-group-is-layout-flex\" style=\"margin-top:var(--wp--preset--spacing--20);margin-bottom:var(--wp--preset--spacing--20);padding-right:var(--wp--preset--spacing--60);padding-left:var(--wp--preset--spacing--60)\">\n<div class=\"wp-block-group is-nowrap is-layout-flex wp-container-core-group-is-layout-581d59e2 wp-block-group-is-layout-flex\" style=\"padding-right:var(--wp--preset--spacing--20);padding-left:var(--wp--preset--spacing--20)\">\n<div class=\"wp-block-group is-vertical is-layout-flex wp-container-core-group-is-layout-fe9cc265 wp-block-group-is-layout-flex\">\n<h2 class=\"wp-block-heading has-text-color has-link-color has-heading-font-family wp-elements-4e69674fe98030e61acf8f5727355a8e\" style=\"color:#ecf0f1;font-style:normal;font-weight:400\"><strong><strong><strong><strong><strong><strong><strong><strong><strong><strong><strong><strong><strong>Contacto<\/strong>&nbsp;<\/strong><\/strong><\/strong><\/strong>&nbsp;<\/strong>&nbsp;<\/strong>&nbsp;<\/strong>&nbsp;<\/strong><\/strong><\/strong><\/strong><\/strong><\/h2>\n\n\n\n<p class=\"has-text-color has-link-color has-heading-font-family has-medium-font-size wp-elements-d6a78411cd449bdf3c0857487f886f2d\" style=\"color:#ecf0f1;font-style:normal;font-weight:400\">Para cualquier consulta relativa a las presentes Condiciones Generales, p\u00f3ngase en contacto con nosotros:&nbsp;<\/p>\n\n\n\n<p>Kaida Estancia<\/p>\n\n\n\n<p>Correo electr\u00f3nico: hola@kaidastay.com<\/p>\n\n\n\n<p>Tel: +34 62 360 2332<\/p>\n<\/div>\n<\/div>\n<\/div>","protected":false},"excerpt":{"rendered":"<p>Terms &amp; Conditions 1. Introduction Welcome to Kaida Stay. By accessing and using our website (www.kaidaystay.com) and services, you agree to be bound by the following Terms and Conditions. These terms apply to all users, whether you&#8217;re a property owner or a guest booking a rental property. If you disagree with any part of these [&hellip;]<\/p>","protected":false},"author":1,"featured_media":0,"parent":0,"menu_order":0,"comment_status":"closed","ping_status":"closed","template":"page-no-title","meta":{"_acf_changed":false,"footnotes":""},"class_list":["post-1072","page","type-page","status-publish","hentry"],"acf":[],"_links":{"self":[{"href":"https:\/\/kaidastay.com\/es\/wp-json\/wp\/v2\/pages\/1072","targetHints":{"allow":["GET"]}}],"collection":[{"href":"https:\/\/kaidastay.com\/es\/wp-json\/wp\/v2\/pages"}],"about":[{"href":"https:\/\/kaidastay.com\/es\/wp-json\/wp\/v2\/types\/page"}],"author":[{"embeddable":true,"href":"https:\/\/kaidastay.com\/es\/wp-json\/wp\/v2\/users\/1"}],"replies":[{"embeddable":true,"href":"https:\/\/kaidastay.com\/es\/wp-json\/wp\/v2\/comments?post=1072"}],"version-history":[{"count":3,"href":"https:\/\/kaidastay.com\/es\/wp-json\/wp\/v2\/pages\/1072\/revisions"}],"predecessor-version":[{"id":1441,"href":"https:\/\/kaidastay.com\/es\/wp-json\/wp\/v2\/pages\/1072\/revisions\/1441"}],"wp:attachment":[{"href":"https:\/\/kaidastay.com\/es\/wp-json\/wp\/v2\/media?parent=1072"}],"curies":[{"name":"wp","href":"https:\/\/api.w.org\/{rel}","templated":true}]}}