{"id":1088,"date":"2024-11-17T12:20:51","date_gmt":"2024-11-17T12:20:51","guid":{"rendered":"https:\/\/kaidastay.com\/?page_id=1088"},"modified":"2025-02-19T12:39:36","modified_gmt":"2025-02-19T11:39:36","slug":"gdpr","status":"publish","type":"page","link":"https:\/\/kaidastay.com\/es\/gdpr\/","title":{"rendered":"GDPR"},"content":{"rendered":"<div style=\"background-image:url(&apos;https:\/\/kaidastay.com\/wp-content\/uploads\/2024\/09\/About-it.png&apos;);background-position:50% 0;background-size:cover;\" class=\"wp-block-group has-global-padding is-layout-constrained wp-block-group-is-layout-constrained has-background\">\n<div style=\"height:60px\" aria-hidden=\"true\" class=\"wp-block-spacer\"><\/div>\n\n\n\n<h1 class=\"wp-block-heading has-text-align-center has-text-color has-link-color has-heading-font-family wp-elements-445dcbc586bf97ae1d889d537d960899\" style=\"color:#1a7a89;font-size:clamp(1.502rem, 1.502rem + ((1vw - 0.2rem) * 1.663), 2.5rem);font-style:normal;font-weight:700\">Reglamento general de protecci\u00f3n de datos<\/h1>\n\n\n\n<div style=\"height:63px\" aria-hidden=\"true\" class=\"wp-block-spacer\"><\/div>\n<\/div>\n\n\n\n<div class=\"wp-block-group is-vertical is-layout-flex wp-container-core-group-is-layout-7d44d595 wp-block-group-is-layout-flex\" style=\"margin-top:var(--wp--preset--spacing--20);margin-bottom:var(--wp--preset--spacing--20);padding-right:var(--wp--preset--spacing--60);padding-left:var(--wp--preset--spacing--60)\">\n<div class=\"wp-block-group is-nowrap is-layout-flex wp-container-core-group-is-layout-581d59e2 wp-block-group-is-layout-flex\" style=\"padding-right:var(--wp--preset--spacing--20);padding-left:var(--wp--preset--spacing--20)\">\n<div class=\"wp-block-group is-vertical is-layout-flex wp-container-core-group-is-layout-fe9cc265 wp-block-group-is-layout-flex\">\n<p class=\"has-text-color has-link-color has-heading-font-family has-medium-font-size wp-elements-bc83240608e55a0fe22dd1cd921b242d\" style=\"color:#ecf0f1;font-style:normal;font-weight:400\">En <strong>Kaida Estancia<\/strong>nos comprometemos a proteger la privacidad y los datos personales de nuestros usuarios. La presente Pol\u00edtica de privacidad describe c\u00f3mo recopilamos, utilizamos y protegemos sus datos en cumplimiento de la <strong>Reglamento general de protecci\u00f3n de datos (RGPD)<\/strong>.&nbsp;<\/p>\n\n\n\n<h2 class=\"wp-block-heading has-text-color has-link-color has-heading-font-family wp-elements-f9244713d6eb29687d7276d35fce3236\" style=\"color:#ecf0f1;font-style:normal;font-weight:400\"><strong><strong><strong>1. Controlador de datos<\/strong>&nbsp;<\/strong><\/strong><\/h2>\n\n\n\n<div class=\"wp-block-group is-vertical is-layout-flex wp-container-core-group-is-layout-fe9cc265 wp-block-group-is-layout-flex\">\n<p class=\"has-text-color has-link-color has-heading-font-family has-medium-font-size wp-elements-6530a9a852354b33b6fb77fb1654b9fe\" style=\"color:#ecf0f1;font-style:normal;font-weight:400\"><strong>Kaida Estancia<\/strong>&nbsp;<\/p>\n\n\n\n<p>Correo electr\u00f3nico: <a href=\"mailto:hola@kaidastay.com\" target=\"_blank\" rel=\"noreferrer noopener\">hola@kaidastay.com<\/a>&nbsp;<\/p>\n\n\n\n<p class=\"has-text-color has-link-color has-heading-font-family has-medium-font-size wp-elements-bf96a62672ab19bb8203719f918db188\" style=\"color:#ecf0f1;font-style:normal;font-weight:400\">Direcci\u00f3n: Monteolivo 36, Co\u00edn 29100, M\u00e1laga, Espa\u00f1a.<\/p>\n<\/div>\n<\/div>\n<\/div>\n<\/div>\n\n\n\n<div class=\"wp-block-group is-vertical is-layout-flex wp-container-core-group-is-layout-7d44d595 wp-block-group-is-layout-flex\" style=\"margin-top:var(--wp--preset--spacing--20);margin-bottom:var(--wp--preset--spacing--20);padding-right:var(--wp--preset--spacing--60);padding-left:var(--wp--preset--spacing--60)\">\n<div class=\"wp-block-group is-nowrap is-layout-flex wp-container-core-group-is-layout-581d59e2 wp-block-group-is-layout-flex\" style=\"padding-right:var(--wp--preset--spacing--20);padding-left:var(--wp--preset--spacing--20)\">\n<div class=\"wp-block-group is-vertical is-layout-flex wp-container-core-group-is-layout-fe9cc265 wp-block-group-is-layout-flex\">\n<h2 class=\"wp-block-heading has-text-color has-link-color has-heading-font-family wp-elements-a148a8d9c7c3b7a45c376d243bff8ab8\" style=\"color:#ecf0f1;font-style:normal;font-weight:400\"><strong><strong><strong><strong>2. Qu\u00e9 datos recogemos<\/strong>&nbsp;<\/strong><\/strong><\/strong><\/h2>\n\n\n\n<div class=\"wp-block-group is-vertical is-layout-flex wp-container-core-group-is-layout-fe9cc265 wp-block-group-is-layout-flex\">\n<p class=\"has-text-color has-link-color has-heading-font-family has-medium-font-size wp-elements-72ec736023ac9041a0a5b8ee2345b2c2\" style=\"color:#ecf0f1;font-style:normal;font-weight:400\">Cuando visita nuestro sitio web, se suscribe a nuestro bolet\u00edn de noticias o env\u00eda consultas a trav\u00e9s de formularios, podemos recopilar los siguientes datos personales:&nbsp;<\/p>\n\n\n\n<ul class=\"wp-block-list\">\n<li class=\"has-heading-font-family\"><strong>Nombre<\/strong><\/li>\n\n\n\n<li class=\"has-heading-font-family\"><strong>Direcci\u00f3n de correo electr\u00f3nico<\/strong>&nbsp;<\/li>\n\n\n\n<li class=\"has-heading-font-family\"><strong><strong>Ubicaci\u00f3n<\/strong><\/strong>&nbsp;<\/li>\n\n\n\n<li class=\"has-heading-font-family\"><strong>N\u00famero de tel\u00e9fono<\/strong>&nbsp;<\/li>\n<\/ul>\n<\/div>\n<\/div>\n<\/div>\n<\/div>\n\n\n\n<div class=\"wp-block-group is-vertical is-layout-flex wp-container-core-group-is-layout-7d44d595 wp-block-group-is-layout-flex\" style=\"margin-top:var(--wp--preset--spacing--20);margin-bottom:var(--wp--preset--spacing--20);padding-right:var(--wp--preset--spacing--60);padding-left:var(--wp--preset--spacing--60)\">\n<div class=\"wp-block-group is-nowrap is-layout-flex wp-container-core-group-is-layout-581d59e2 wp-block-group-is-layout-flex\" style=\"padding-right:var(--wp--preset--spacing--20);padding-left:var(--wp--preset--spacing--20)\">\n<div class=\"wp-block-group is-vertical is-layout-flex wp-container-core-group-is-layout-fe9cc265 wp-block-group-is-layout-flex\">\n<h2 class=\"wp-block-heading has-text-color has-link-color has-heading-font-family wp-elements-9b87419bd8433d46865a5650db43bdab\" style=\"color:#ecf0f1;font-style:normal;font-weight:400\"><strong><strong><strong><strong><strong>3. C\u00f3mo utilizamos sus datos<\/strong>&nbsp;<\/strong>&nbsp;<\/strong><\/strong><\/strong><\/h2>\n\n\n\n<div class=\"wp-block-group is-vertical is-layout-flex wp-container-core-group-is-layout-fe9cc265 wp-block-group-is-layout-flex\">\n<p class=\"has-text-color has-link-color has-heading-font-family has-medium-font-size wp-elements-db905051f1b817a3032500baa699bba9\" style=\"color:#ecf0f1;font-style:normal;font-weight:400\">Los datos que recopilamos se utilizan para los siguientes fines:<\/p>\n\n\n\n<ul class=\"wp-block-list\">\n<li class=\"has-heading-font-family\"><strong><strong>Responder a consultas o solicitudes<\/strong> a trav\u00e9s de nuestro sitio web.<\/strong><\/li>\n\n\n\n<li class=\"has-heading-font-family\"><strong><strong>Env\u00edo de comunicaciones de marketing<\/strong> como boletines informativos u ofertas, s\u00f3lo si usted ha optado por ello.&nbsp;<\/strong>&nbsp;<\/li>\n\n\n\n<li class=\"has-heading-font-family\"><strong><strong><strong>Mejorar nuestro sitio web y nuestros servicios<\/strong>.<\/strong><\/strong>&nbsp;<\/li>\n\n\n\n<li class=\"has-heading-font-family\"><strong><strong>Garantizar la seguridad de nuestro sitio web y nuestros servicios<\/strong>.<\/strong>&nbsp;<\/li>\n<\/ul>\n<\/div>\n<\/div>\n<\/div>\n<\/div>\n\n\n\n<div class=\"wp-block-group is-vertical is-layout-flex wp-container-core-group-is-layout-7d44d595 wp-block-group-is-layout-flex\" style=\"margin-top:var(--wp--preset--spacing--20);margin-bottom:var(--wp--preset--spacing--20);padding-right:var(--wp--preset--spacing--60);padding-left:var(--wp--preset--spacing--60)\">\n<div class=\"wp-block-group is-nowrap is-layout-flex wp-container-core-group-is-layout-581d59e2 wp-block-group-is-layout-flex\" style=\"padding-right:var(--wp--preset--spacing--20);padding-left:var(--wp--preset--spacing--20)\">\n<div class=\"wp-block-group is-vertical is-layout-flex wp-container-core-group-is-layout-fe9cc265 wp-block-group-is-layout-flex\">\n<h2 class=\"wp-block-heading has-text-color has-link-color has-heading-font-family wp-elements-b85c48109d1d256d4c1188766209129d\" style=\"color:#ecf0f1;font-style:normal;font-weight:400\"><strong><strong><strong><strong><strong><strong>4. Base jur\u00eddica del tratamiento de datos<\/strong>&nbsp;<\/strong>&nbsp;<\/strong>&nbsp;<\/strong><\/strong><\/strong><\/h2>\n\n\n\n<div class=\"wp-block-group is-vertical is-layout-flex wp-container-core-group-is-layout-fe9cc265 wp-block-group-is-layout-flex\">\n<p class=\"has-text-color has-link-color has-heading-font-family has-medium-font-size wp-elements-7d5989feaed95d6e3566d18bfbd23ce4\" style=\"color:#ecf0f1;font-style:normal;font-weight:400\">Tratamos sus datos con arreglo a las siguientes bases jur\u00eddicas:&nbsp;<\/p>\n\n\n\n<ul class=\"wp-block-list\">\n<li class=\"has-heading-font-family\"><strong><strong><strong>Consentimiento<\/strong>: Al suscribirse a nuestro bolet\u00edn o enviar una solicitud, nos da su consentimiento para procesar sus datos con fines de comunicaci\u00f3n y marketing.<\/strong><\/strong><\/li>\n\n\n\n<li class=\"has-heading-font-family\"><strong>Inter\u00e9s leg\u00edtimo<\/strong>: Podemos procesar sus datos para mejorar nuestro sitio web, mejorar la experiencia del usuario o satisfacer sus peticiones.&nbsp;<\/li>\n<\/ul>\n<\/div>\n<\/div>\n<\/div>\n<\/div>\n\n\n\n<div class=\"wp-block-group is-vertical is-layout-flex wp-container-core-group-is-layout-7d44d595 wp-block-group-is-layout-flex\" style=\"margin-top:var(--wp--preset--spacing--20);margin-bottom:var(--wp--preset--spacing--20);padding-right:var(--wp--preset--spacing--60);padding-left:var(--wp--preset--spacing--60)\">\n<div class=\"wp-block-group is-nowrap is-layout-flex wp-container-core-group-is-layout-581d59e2 wp-block-group-is-layout-flex\" style=\"padding-right:var(--wp--preset--spacing--20);padding-left:var(--wp--preset--spacing--20)\">\n<div class=\"wp-block-group is-vertical is-layout-flex wp-container-core-group-is-layout-fe9cc265 wp-block-group-is-layout-flex\">\n<h2 class=\"wp-block-heading has-text-color has-link-color has-heading-font-family wp-elements-9dc5e43439545ae05c13145ead679ff9\" style=\"color:#ecf0f1;font-style:normal;font-weight:400\"><strong><strong><strong><strong><strong><strong><strong>5. 5. Conservaci\u00f3n de datos<\/strong><\/strong><\/strong>&nbsp;<\/strong>&nbsp;<\/strong><\/strong><\/strong><\/h2>\n\n\n\n<div class=\"wp-block-group is-vertical is-layout-flex wp-container-core-group-is-layout-fe9cc265 wp-block-group-is-layout-flex\">\n<p class=\"has-text-color has-link-color has-heading-font-family has-medium-font-size wp-elements-c493e09b99367ebde1df275ac60c82ef\" style=\"color:#ecf0f1;font-style:normal;font-weight:400\">Conservaremos sus datos personales durante el tiempo que sea necesario para cumplir los fines descritos en esta pol\u00edtica o seg\u00fan lo exija la ley.&nbsp;&nbsp;<\/p>\n<\/div>\n<\/div>\n<\/div>\n<\/div>\n\n\n\n<div class=\"wp-block-group is-vertical is-layout-flex wp-container-core-group-is-layout-7d44d595 wp-block-group-is-layout-flex\" style=\"margin-top:var(--wp--preset--spacing--20);margin-bottom:var(--wp--preset--spacing--20);padding-right:var(--wp--preset--spacing--60);padding-left:var(--wp--preset--spacing--60)\">\n<div class=\"wp-block-group is-nowrap is-layout-flex wp-container-core-group-is-layout-581d59e2 wp-block-group-is-layout-flex\" style=\"padding-right:var(--wp--preset--spacing--20);padding-left:var(--wp--preset--spacing--20)\">\n<div class=\"wp-block-group is-vertical is-layout-flex wp-container-core-group-is-layout-fe9cc265 wp-block-group-is-layout-flex\">\n<h2 class=\"wp-block-heading has-text-color has-link-color has-heading-font-family wp-elements-253ad9a4372aa1b57c78f3116627f2db\" style=\"color:#ecf0f1;font-style:normal;font-weight:400\"><strong><strong><strong><strong><strong><strong><strong>6. Sus derechos en virtud del GDPR<\/strong>&nbsp;<\/strong>&nbsp;<\/strong>&nbsp;<\/strong>&nbsp;<\/strong><\/strong><\/strong><\/h2>\n\n\n\n<div class=\"wp-block-group is-vertical is-layout-flex wp-container-core-group-is-layout-fe9cc265 wp-block-group-is-layout-flex\">\n<p class=\"has-text-color has-link-color has-heading-font-family has-medium-font-size wp-elements-0fe785456791f868d3c0911766159ba1\" style=\"color:#ecf0f1;font-style:normal;font-weight:400\">Como usuario de nuestros servicios, tiene los siguientes derechos:&nbsp;<\/p>\n\n\n\n<ul class=\"wp-block-list\">\n<li class=\"has-heading-font-family\"><strong><strong><strong><strong>Derecho de acceso<\/strong>: Puede solicitar una copia de los datos personales que tenemos sobre usted.&nbsp;<\/strong><\/strong><\/strong><\/li>\n\n\n\n<li class=\"has-heading-font-family\"><strong>Derecho de rectificaci\u00f3n<\/strong>: Puede pedirnos que corrijamos cualquier dato inexacto o incompleto.&nbsp;&nbsp;<\/li>\n\n\n\n<li class=\"has-heading-font-family\"><strong>Derecho de supresi\u00f3n<\/strong>: Puede solicitar la supresi\u00f3n de sus datos personales cuando ya no sean necesarios.&nbsp;<\/li>\n\n\n\n<li class=\"has-heading-font-family\"><strong>Derecho a restringir el tratamiento<\/strong>: Puede pedirnos que limitemos el uso que hacemos de sus datos.&nbsp;<\/li>\n\n\n\n<li class=\"has-heading-font-family\"><strong>Derecho de oposici\u00f3n<\/strong>: Puede oponerse al tratamiento de sus datos con fines de venta directa.&nbsp;<\/li>\n\n\n\n<li class=\"has-heading-font-family\"><strong>Derecho a la portabilidad de datos<\/strong>: Tiene derecho a solicitar sus datos en un formato estructurado y de uso com\u00fan.&nbsp;<\/li>\n<\/ul>\n<\/div>\n<\/div>\n<\/div>\n<\/div>\n\n\n\n<div class=\"wp-block-group is-vertical is-layout-flex wp-container-core-group-is-layout-7d44d595 wp-block-group-is-layout-flex\" style=\"margin-top:var(--wp--preset--spacing--20);margin-bottom:var(--wp--preset--spacing--20);padding-right:var(--wp--preset--spacing--60);padding-left:var(--wp--preset--spacing--60)\">\n<div class=\"wp-block-group is-nowrap is-layout-flex wp-container-core-group-is-layout-581d59e2 wp-block-group-is-layout-flex\" style=\"padding-right:var(--wp--preset--spacing--20);padding-left:var(--wp--preset--spacing--20)\">\n<div class=\"wp-block-group is-vertical is-layout-flex wp-container-core-group-is-layout-fe9cc265 wp-block-group-is-layout-flex\">\n<h2 class=\"wp-block-heading has-text-color has-link-color has-heading-font-family wp-elements-4eb1c76bdc6e9b11c5889267fe76c9c5\" style=\"color:#ecf0f1;font-style:normal;font-weight:400\"><strong><strong><strong><strong><strong><strong><strong><strong>7. Compartir sus datos<\/strong>&nbsp;<\/strong><\/strong><\/strong>&nbsp;<\/strong>&nbsp;<\/strong><\/strong><\/strong><\/h2>\n\n\n\n<div class=\"wp-block-group is-vertical is-layout-flex wp-container-core-group-is-layout-fe9cc265 wp-block-group-is-layout-flex\">\n<p class=\"has-text-color has-link-color has-heading-font-family has-medium-font-size wp-elements-8bdf19e9d25bf5b9289a41874217b84e\" style=\"color:#ecf0f1;font-style:normal;font-weight:400\">No compartiremos sus datos personales con terceros a menos que lo exija la ley o con fines de prestaci\u00f3n de servicios (como procesadores de pagos). Los terceros implicados en el tratamiento de sus datos est\u00e1n sujetos a acuerdos de confidencialidad y al cumplimiento del GDPR.<\/p>\n<\/div>\n<\/div>\n<\/div>\n<\/div>\n\n\n\n<div class=\"wp-block-group is-vertical is-layout-flex wp-container-core-group-is-layout-7d44d595 wp-block-group-is-layout-flex\" style=\"margin-top:var(--wp--preset--spacing--20);margin-bottom:var(--wp--preset--spacing--20);padding-right:var(--wp--preset--spacing--60);padding-left:var(--wp--preset--spacing--60)\">\n<div class=\"wp-block-group is-nowrap is-layout-flex wp-container-core-group-is-layout-581d59e2 wp-block-group-is-layout-flex\" style=\"padding-right:var(--wp--preset--spacing--20);padding-left:var(--wp--preset--spacing--20)\">\n<div class=\"wp-block-group is-vertical is-layout-flex wp-container-core-group-is-layout-fe9cc265 wp-block-group-is-layout-flex\">\n<h2 class=\"wp-block-heading has-text-color has-link-color has-heading-font-family wp-elements-e03e44993bb8e0a2079bbfcabfa3b752\" style=\"color:#ecf0f1;font-style:normal;font-weight:400\"><strong><strong><strong><strong><strong><strong><strong><strong><strong>8. Cookies<\/strong>&nbsp;<\/strong>&nbsp;<\/strong><\/strong><\/strong>&nbsp;<\/strong>&nbsp;<\/strong><\/strong><\/strong><\/h2>\n\n\n\n<div class=\"wp-block-group is-vertical is-layout-flex wp-container-core-group-is-layout-fe9cc265 wp-block-group-is-layout-flex\">\n<p class=\"has-text-color has-link-color has-heading-font-family has-medium-font-size wp-elements-37f1a14f8baed9779a2e600542a44c49\" style=\"color:#ecf0f1;font-style:normal;font-weight:400\">Utilizamos cookies para mejorar su experiencia de navegaci\u00f3n. Las cookies son peque\u00f1os archivos almacenados en su dispositivo que nos ayudan a analizar el tr\u00e1fico web y mejorar nuestro sitio web. Al utilizar nuestro sitio web, usted acepta el uso de cookies de acuerdo con nuestra [Pol\u00edtica de cookies].&nbsp;<\/p>\n<\/div>\n<\/div>\n<\/div>\n<\/div>\n\n\n\n<div class=\"wp-block-group is-vertical is-layout-flex wp-container-core-group-is-layout-7d44d595 wp-block-group-is-layout-flex\" style=\"margin-top:var(--wp--preset--spacing--20);margin-bottom:var(--wp--preset--spacing--20);padding-right:var(--wp--preset--spacing--60);padding-left:var(--wp--preset--spacing--60)\">\n<div class=\"wp-block-group is-nowrap is-layout-flex wp-container-core-group-is-layout-581d59e2 wp-block-group-is-layout-flex\" style=\"padding-right:var(--wp--preset--spacing--20);padding-left:var(--wp--preset--spacing--20)\">\n<div class=\"wp-block-group is-vertical is-layout-flex wp-container-core-group-is-layout-fe9cc265 wp-block-group-is-layout-flex\">\n<h2 class=\"wp-block-heading has-text-color has-link-color has-heading-font-family wp-elements-f79a943faf03d5659d580e0ed632fb22\" style=\"color:#ecf0f1;font-style:normal;font-weight:400\"><strong><strong><strong><strong><strong><strong><strong><strong><strong><strong>9. Seguridad de los datos<\/strong>&nbsp;<\/strong>&nbsp;<\/strong>&nbsp;<\/strong><\/strong><\/strong>&nbsp;<\/strong>&nbsp;<\/strong><\/strong><\/strong><\/h2>\n\n\n\n<div class=\"wp-block-group is-vertical is-layout-flex wp-container-core-group-is-layout-fe9cc265 wp-block-group-is-layout-flex\">\n<p class=\"has-text-color has-link-color has-heading-font-family has-medium-font-size wp-elements-f44d3cd47d2b801d2ef1652c71a0bd49\" style=\"color:#ecf0f1;font-style:normal;font-weight:400\">Aplicamos medidas de seguridad para proteger sus datos personales contra el acceso, la divulgaci\u00f3n, la alteraci\u00f3n o la destrucci\u00f3n no autorizados. Entre ellas se incluyen el cifrado, los servidores seguros y los controles de acceso.&nbsp;<\/p>\n<\/div>\n<\/div>\n<\/div>\n<\/div>\n\n\n\n<div class=\"wp-block-group is-vertical is-layout-flex wp-container-core-group-is-layout-7d44d595 wp-block-group-is-layout-flex\" style=\"margin-top:var(--wp--preset--spacing--20);margin-bottom:var(--wp--preset--spacing--20);padding-right:var(--wp--preset--spacing--60);padding-left:var(--wp--preset--spacing--60)\">\n<div class=\"wp-block-group is-nowrap is-layout-flex wp-container-core-group-is-layout-581d59e2 wp-block-group-is-layout-flex\" style=\"padding-right:var(--wp--preset--spacing--20);padding-left:var(--wp--preset--spacing--20)\">\n<div class=\"wp-block-group is-vertical is-layout-flex wp-container-core-group-is-layout-fe9cc265 wp-block-group-is-layout-flex\">\n<h2 class=\"wp-block-heading has-text-color has-link-color has-heading-font-family wp-elements-91f3d711476b99c2ba77f1554d42ae2e\" style=\"color:#ecf0f1;font-style:normal;font-weight:400\"><strong><strong><strong><strong><strong><strong><strong><strong><strong><strong><strong>10. Cambios en la pol\u00edtica de privacidad<\/strong>&nbsp;<\/strong>&nbsp;<\/strong>&nbsp;<\/strong>&nbsp;<\/strong><\/strong><\/strong>&nbsp;<\/strong>&nbsp;<\/strong><\/strong><\/strong><\/h2>\n\n\n\n<div class=\"wp-block-group is-vertical is-layout-flex wp-container-core-group-is-layout-fe9cc265 wp-block-group-is-layout-flex\">\n<p class=\"has-text-color has-link-color has-heading-font-family has-medium-font-size wp-elements-749f4c37904ff20faa7acb26d3930bef\" style=\"color:#ecf0f1;font-style:normal;font-weight:400\">Podemos actualizar esta Pol\u00edtica de Privacidad de vez en cuando. Cualquier cambio se publicar\u00e1 en esta p\u00e1gina y, cuando proceda, se le notificar\u00e1 por correo electr\u00f3nico.&nbsp;<\/p>\n<\/div>\n<\/div>\n<\/div>\n<\/div>\n\n\n\n<div class=\"wp-block-group is-vertical is-layout-flex wp-container-core-group-is-layout-7d44d595 wp-block-group-is-layout-flex\" style=\"margin-top:var(--wp--preset--spacing--20);margin-bottom:var(--wp--preset--spacing--20);padding-right:var(--wp--preset--spacing--60);padding-left:var(--wp--preset--spacing--60)\">\n<div class=\"wp-block-group is-nowrap is-layout-flex wp-container-core-group-is-layout-581d59e2 wp-block-group-is-layout-flex\" style=\"padding-right:var(--wp--preset--spacing--20);padding-left:var(--wp--preset--spacing--20)\">\n<div class=\"wp-block-group is-vertical is-layout-flex wp-container-core-group-is-layout-fe9cc265 wp-block-group-is-layout-flex\">\n<h2 class=\"wp-block-heading has-text-color has-link-color has-heading-font-family wp-elements-4e69674fe98030e61acf8f5727355a8e\" style=\"color:#ecf0f1;font-style:normal;font-weight:400\"><strong><strong><strong><strong><strong><strong><strong><strong><strong><strong><strong><strong><strong>Contacto<\/strong>&nbsp;<\/strong><\/strong><\/strong><\/strong>&nbsp;<\/strong>&nbsp;<\/strong>&nbsp;<\/strong>&nbsp;<\/strong><\/strong><\/strong><\/strong><\/strong><\/h2>\n\n\n\n<p class=\"has-text-color has-link-color has-heading-font-family has-medium-font-size wp-elements-8d3981ef7b2b8b3b1e96b9040c546836\" style=\"color:#ecf0f1;font-style:normal;font-weight:400\">Si tiene alguna pregunta o duda sobre c\u00f3mo tratamos sus datos personales, o si desea ejercer sus derechos, p\u00f3ngase en contacto con nosotros:&nbsp;<\/p>\n\n\n\n<p>Kaida Estancia<\/p>\n\n\n\n<p>Correo electr\u00f3nico: hola@kaidastay.com<\/p>\n\n\n\n<p>Tel: +34 62 360 2332<\/p>\n<\/div>\n<\/div>\n<\/div>","protected":false},"excerpt":{"rendered":"<p>General Data Protection Regulation At Kaida Stay, we are committed to protecting the privacy and personal data of our users. This Privacy Policy outlines how we collect, use, and protect your data in compliance with the General Data Protection Regulation (GDPR).&nbsp; 1. Data Controller&nbsp; Kaida Stay&nbsp; Email: hola@kaidastay.com&nbsp; Address: Monteolivo 36, Co\u00edn 29100, Malaga, Espa\u00f1a. [&hellip;]<\/p>","protected":false},"author":1,"featured_media":0,"parent":0,"menu_order":0,"comment_status":"closed","ping_status":"closed","template":"page-no-title","meta":{"_acf_changed":false,"footnotes":""},"class_list":["post-1088","page","type-page","status-publish","hentry"],"acf":[],"_links":{"self":[{"href":"https:\/\/kaidastay.com\/es\/wp-json\/wp\/v2\/pages\/1088","targetHints":{"allow":["GET"]}}],"collection":[{"href":"https:\/\/kaidastay.com\/es\/wp-json\/wp\/v2\/pages"}],"about":[{"href":"https:\/\/kaidastay.com\/es\/wp-json\/wp\/v2\/types\/page"}],"author":[{"embeddable":true,"href":"https:\/\/kaidastay.com\/es\/wp-json\/wp\/v2\/users\/1"}],"replies":[{"embeddable":true,"href":"https:\/\/kaidastay.com\/es\/wp-json\/wp\/v2\/comments?post=1088"}],"version-history":[{"count":2,"href":"https:\/\/kaidastay.com\/es\/wp-json\/wp\/v2\/pages\/1088\/revisions"}],"predecessor-version":[{"id":1440,"href":"https:\/\/kaidastay.com\/es\/wp-json\/wp\/v2\/pages\/1088\/revisions\/1440"}],"wp:attachment":[{"href":"https:\/\/kaidastay.com\/es\/wp-json\/wp\/v2\/media?parent=1088"}],"curies":[{"name":"wp","href":"https:\/\/api.w.org\/{rel}","templated":true}]}}