{"id":1072,"date":"2024-11-17T11:19:42","date_gmt":"2024-11-17T11:19:42","guid":{"rendered":"https:\/\/kaidastay.com\/?page_id=1072"},"modified":"2025-02-19T12:40:24","modified_gmt":"2025-02-19T11:40:24","slug":"termsconditions","status":"publish","type":"page","link":"https:\/\/kaidastay.com\/lt\/termsconditions\/","title":{"rendered":"S\u0105lygos ir nuostatos"},"content":{"rendered":"<div style=\"background-image:url(&apos;https:\/\/kaidastay.com\/wp-content\/uploads\/2024\/09\/About-it.png&apos;);background-position:50% 0;background-size:cover;\" class=\"wp-block-group has-global-padding is-layout-constrained wp-block-group-is-layout-constrained has-background\">\n<div style=\"height:8px\" aria-hidden=\"true\" class=\"wp-block-spacer\"><\/div>\n\n\n\n<h1 class=\"wp-block-heading has-text-align-center has-text-color has-link-color has-heading-font-family wp-elements-8f98beb44216d9df309a0ba7f031f416\" style=\"color:#1a7a89;font-size:clamp(1.502rem, 1.502rem + ((1vw - 0.2rem) * 1.663), 2.5rem);font-style:normal;font-weight:700\">taisykl\u0117mis<\/h1>\n\n\n\n<div style=\"height:124px\" aria-hidden=\"true\" class=\"wp-block-spacer\"><\/div>\n<\/div>\n\n\n\n<div class=\"wp-block-group is-vertical is-layout-flex wp-container-core-group-is-layout-7d44d595 wp-block-group-is-layout-flex\" style=\"margin-top:var(--wp--preset--spacing--20);margin-bottom:var(--wp--preset--spacing--20);padding-right:var(--wp--preset--spacing--60);padding-left:var(--wp--preset--spacing--60)\">\n<div class=\"wp-block-group is-nowrap is-layout-flex wp-container-core-group-is-layout-581d59e2 wp-block-group-is-layout-flex\" style=\"padding-right:var(--wp--preset--spacing--20);padding-left:var(--wp--preset--spacing--20)\">\n<div class=\"wp-block-group is-vertical is-layout-flex wp-container-core-group-is-layout-fe9cc265 wp-block-group-is-layout-flex\">\n<h2 class=\"wp-block-heading has-text-color has-link-color has-heading-font-family wp-elements-037a06609ea39fe800227d853bfbdf68\" style=\"color:#ecf0f1;font-style:normal;font-weight:400\"><strong><strong>1. \u012evadas<\/strong><\/strong><\/h2>\n\n\n\n<div class=\"wp-block-group is-nowrap is-layout-flex wp-container-core-group-is-layout-6c531013 wp-block-group-is-layout-flex\">\n<p class=\"has-text-color has-link-color has-heading-font-family has-medium-font-size wp-elements-005a347ce823310f177316b4f8d4dfab\" style=\"color:#ecf0f1;font-style:normal;font-weight:400\">Sveiki atvyk\u0119 \u012f <strong>Kaida Stay<\/strong>. Prisijungdami prie m\u016bs\u0173 svetain\u0117s ir naudodamiesi ja (<a href=\"http:\/\/www.kaidaystay.com\/\" target=\"_blank\" rel=\"noreferrer noopener\">www.kaidaystay.com<\/a>) ir paslaugas, sutinkate laikytis \u0161i\u0173 S\u0105lyg\u0173 ir nuostat\u0173. \u0160ios s\u0105lygos taikomos visiems naudotojams, nesvarbu, ar esate turto savininkas, ar sve\u010dias, u\u017esisakantis nuomojam\u0105 turt\u0105. Jei nesutinkate su kuria nors \u0161i\u0173 s\u0105lyg\u0173 dalimi, nutraukite naudojim\u0105si m\u016bs\u0173 paslaugomis.&nbsp;<\/p>\n<\/div>\n<\/div>\n<\/div>\n<\/div>\n\n\n\n<div class=\"wp-block-group is-vertical is-layout-flex wp-container-core-group-is-layout-7d44d595 wp-block-group-is-layout-flex\" style=\"margin-top:var(--wp--preset--spacing--20);margin-bottom:var(--wp--preset--spacing--20);padding-right:var(--wp--preset--spacing--60);padding-left:var(--wp--preset--spacing--60)\">\n<div class=\"wp-block-group is-nowrap is-layout-flex wp-container-core-group-is-layout-581d59e2 wp-block-group-is-layout-flex\" style=\"padding-right:var(--wp--preset--spacing--20);padding-left:var(--wp--preset--spacing--20)\">\n<div class=\"wp-block-group is-vertical is-layout-flex wp-container-core-group-is-layout-fe9cc265 wp-block-group-is-layout-flex\">\n<h2 class=\"wp-block-heading has-text-color has-link-color has-heading-font-family wp-elements-90f2a27c5e699f92b9e55738d020673c\" style=\"color:#ecf0f1;font-style:normal;font-weight:400\"><strong><strong><strong>2. Paslaugos<\/strong><\/strong><\/strong><\/h2>\n\n\n\n<div class=\"wp-block-group is-vertical is-layout-flex wp-container-core-group-is-layout-fe9cc265 wp-block-group-is-layout-flex\">\n<p class=\"has-text-color has-link-color has-heading-font-family has-medium-font-size wp-elements-f5c65cb8988ae503ff89759722d244f0\" style=\"color:#ecf0f1;font-style:normal;font-weight:400\">\"Kaida Stay\" teikia atostog\u0173 nuomos valdymo paslaugas, kurios, be kita ko, apima:&nbsp;<\/p>\n\n\n\n<ul class=\"wp-block-list\">\n<li class=\"has-heading-font-family\">Trumpalaik\u0117s nuomos objekt\u0173 skelbimas&nbsp;<\/li>\n\n\n\n<li class=\"has-heading-font-family\">Nekilnojamojo turto prie\u017ei\u016bra ir nam\u0173 tvarkymas&nbsp;<\/li>\n\n\n\n<li class=\"has-heading-font-family\">palengvinti sve\u010di\u0173 registravim\u0105 ir (arba) i\u0161registravim\u0105&nbsp;<\/li>\n\n\n\n<li class=\"has-heading-font-family\">Nuomos mok\u0117jim\u0173 ir u\u017esakym\u0173 valdymas&nbsp;<\/li>\n<\/ul>\n<\/div>\n<\/div>\n<\/div>\n<\/div>\n\n\n\n<div class=\"wp-block-group is-vertical is-layout-flex wp-container-core-group-is-layout-7d44d595 wp-block-group-is-layout-flex\" style=\"margin-top:var(--wp--preset--spacing--20);margin-bottom:var(--wp--preset--spacing--20);padding-right:var(--wp--preset--spacing--60);padding-left:var(--wp--preset--spacing--60)\">\n<div class=\"wp-block-group is-nowrap is-layout-flex wp-container-core-group-is-layout-581d59e2 wp-block-group-is-layout-flex\" style=\"padding-right:var(--wp--preset--spacing--20);padding-left:var(--wp--preset--spacing--20)\">\n<div class=\"wp-block-group is-vertical is-layout-flex wp-container-core-group-is-layout-fe9cc265 wp-block-group-is-layout-flex\">\n<h2 class=\"wp-block-heading has-text-color has-link-color has-heading-font-family wp-elements-8ff9467f4b3321f5e73ac7d9086b5d7f\" style=\"color:#ecf0f1;font-style:normal;font-weight:400\"><strong><strong><strong><strong>3. U\u017esakymo ir mok\u0117jimo s\u0105lygos<\/strong>&nbsp;<\/strong><\/strong><\/strong><\/h2>\n\n\n\n<div class=\"wp-block-group is-vertical is-layout-flex wp-container-core-group-is-layout-fe9cc265 wp-block-group-is-layout-flex\">\n<ul class=\"wp-block-list\">\n<li class=\"has-heading-font-family\"><strong>Sve\u010diai<\/strong>: U\u017esisakydami apgyvendinimo paslaug\u0105 per Kaida Stay, j\u016bs sutinkate sumok\u0117ti vis\u0105 sum\u0105, nurodyt\u0105 u\u017esakymo patvirtinime. Mok\u0117jimo b\u016bdai nurodomi u\u017esakymo metu. At\u0161aukimo taisykl\u0117s skiriasi priklausomai nuo apgyvendinimo \u012fstaigos ir yra i\u0161samiai apra\u0161ytos u\u017esakymo patvirtinime.&nbsp;<\/li>\n\n\n\n<li class=\"has-heading-font-family\"><strong>Savininkai<\/strong>: \"Kaida Stay\" tvarkys apgyvendinimo \u012fstaig\u0105 j\u016bs\u0173 vardu ir palengvins u\u017esakymus. D\u0117l komisini\u0173 ir mok\u0117jimo s\u0105lyg\u0173 bus susitarta atskiroje sutartyje. Savininkai gaus nuomos pajamas, at\u0117mus m\u016bs\u0173 valdymo mokes\u010dius, kaip numatyta sutartyje.&nbsp;&nbsp;<\/li>\n<\/ul>\n<\/div>\n<\/div>\n<\/div>\n<\/div>\n\n\n\n<div class=\"wp-block-group is-vertical is-layout-flex wp-container-core-group-is-layout-7d44d595 wp-block-group-is-layout-flex\" style=\"margin-top:var(--wp--preset--spacing--20);margin-bottom:var(--wp--preset--spacing--20);padding-right:var(--wp--preset--spacing--60);padding-left:var(--wp--preset--spacing--60)\">\n<div class=\"wp-block-group is-nowrap is-layout-flex wp-container-core-group-is-layout-581d59e2 wp-block-group-is-layout-flex\" style=\"padding-right:var(--wp--preset--spacing--20);padding-left:var(--wp--preset--spacing--20)\">\n<div class=\"wp-block-group is-vertical is-layout-flex wp-container-core-group-is-layout-fe9cc265 wp-block-group-is-layout-flex\">\n<h2 class=\"wp-block-heading has-text-color has-link-color has-heading-font-family wp-elements-180df1c62ec87a00a26c96950f3e4404\" style=\"color:#ecf0f1;font-style:normal;font-weight:400\"><strong><strong><strong><strong><strong>4. At\u0161aukimo ir pinig\u0173 gr\u0105\u017einimo politika<\/strong><\/strong><\/strong><\/strong><\/strong><\/h2>\n\n\n\n<div class=\"wp-block-group is-vertical is-layout-flex wp-container-core-group-is-layout-fe9cc265 wp-block-group-is-layout-flex\">\n<ul class=\"wp-block-list\">\n<li class=\"has-heading-font-family\"><strong>Sve\u010diai<\/strong>: Norint susigr\u0105\u017einti pinigus, at\u0161aukimas turi b\u016bti atliktas per u\u017esakymo patvirtinime nurodyt\u0105 laikotarp\u012f. U\u017e v\u0117lyv\u0105 at\u0161aukim\u0105 gali b\u016bti imamas mokestis arba pinigai gali b\u016bti negr\u0105\u017einami, priklausomai nuo konkre\u010dios apgyvendinimo \u012fstaigos at\u0161aukimo politikos.&nbsp;<\/li>\n\n\n\n<li class=\"has-heading-font-family\"><strong>Savininkai<\/strong>: Jei sve\u010diai at\u0161aukia u\u017esakym\u0105, savininkai neturi teis\u0117s \u012f nuomos pajamas u\u017e t\u0105 laikotarp\u012f, nebent valdymo sutartyje nurodyta kitaip.&nbsp;&nbsp;<\/li>\n<\/ul>\n<\/div>\n<\/div>\n<\/div>\n<\/div>\n\n\n\n<div class=\"wp-block-group is-vertical is-layout-flex wp-container-core-group-is-layout-7d44d595 wp-block-group-is-layout-flex\" style=\"margin-top:var(--wp--preset--spacing--20);margin-bottom:var(--wp--preset--spacing--20);padding-right:var(--wp--preset--spacing--60);padding-left:var(--wp--preset--spacing--60)\">\n<div class=\"wp-block-group is-nowrap is-layout-flex wp-container-core-group-is-layout-581d59e2 wp-block-group-is-layout-flex\" style=\"padding-right:var(--wp--preset--spacing--20);padding-left:var(--wp--preset--spacing--20)\">\n<div class=\"wp-block-group is-vertical is-layout-flex wp-container-core-group-is-layout-fe9cc265 wp-block-group-is-layout-flex\">\n<h2 class=\"wp-block-heading has-text-color has-link-color has-heading-font-family wp-elements-9b9c45667e4fe208c838369705ecca77\" style=\"color:#ecf0f1;font-style:normal;font-weight:400\"><strong><strong><strong><strong><strong><strong>5. Turto prie\u017ei\u016bra ir atsakomyb\u0117<\/strong>&nbsp;<\/strong><\/strong><\/strong><\/strong><\/strong><\/h2>\n\n\n\n<p class=\"has-text-color has-link-color has-heading-font-family has-medium-font-size wp-elements-d46c3a01d4fbc97365d3aaab0c021d65\" style=\"color:#ecf0f1;font-style:normal;font-weight:400\">\"Kaida Stay\" pri\u017ei\u016br\u0117s turt\u0105 pagal sutartas valdymo paslaugas. Ta\u010diau \"Kaida Stay\" neatsako u\u017e:&nbsp;&nbsp;<\/p>\n\n\n\n<div class=\"wp-block-group is-vertical is-layout-flex wp-container-core-group-is-layout-fe9cc265 wp-block-group-is-layout-flex\">\n<ul class=\"wp-block-list has-medium-font-size\">\n<li class=\"has-heading-font-family has-medium-font-size\">vandalizmo aktai, stichin\u0117s nelaim\u0117s ar kiti nuo m\u016bs\u0173 nepriklausantys incidentai.&nbsp;<\/li>\n\n\n\n<li class=\"has-heading-font-family\">nuosavyb\u0117je palikt\u0173 asmenini\u0173 daikt\u0173 praradimas arba sugadinimas&nbsp;<\/li>\n<\/ul>\n<\/div>\n\n\n\n<p class=\"has-text-color has-link-color has-heading-font-family has-medium-font-size wp-elements-95e06469de1c7d7c4982f7ea31e80ca8\" style=\"color:#ecf0f1;font-style:normal;font-weight:400\">Savininkai privalo u\u017etikrinti, kad j\u0173 turtas b\u016bt\u0173 tinkamai apdraustas.&nbsp;<\/p>\n<\/div>\n<\/div>\n<\/div>\n\n\n\n<div class=\"wp-block-group is-vertical is-layout-flex wp-container-core-group-is-layout-7d44d595 wp-block-group-is-layout-flex\" style=\"margin-top:var(--wp--preset--spacing--20);margin-bottom:var(--wp--preset--spacing--20);padding-right:var(--wp--preset--spacing--60);padding-left:var(--wp--preset--spacing--60)\">\n<div class=\"wp-block-group is-nowrap is-layout-flex wp-container-core-group-is-layout-581d59e2 wp-block-group-is-layout-flex\" style=\"padding-right:var(--wp--preset--spacing--20);padding-left:var(--wp--preset--spacing--20)\">\n<div class=\"wp-block-group is-vertical is-layout-flex wp-container-core-group-is-layout-fe9cc265 wp-block-group-is-layout-flex\">\n<h2 class=\"wp-block-heading has-text-color has-link-color has-heading-font-family wp-elements-3986e0e76cc684d2d24d20ef86f9ce2f\" style=\"color:#ecf0f1;font-style:normal;font-weight:400\"><strong><strong><strong><strong><strong><strong><strong>6. Sve\u010dio pareigos<\/strong>&nbsp;<\/strong>&nbsp;<\/strong><\/strong><\/strong><\/strong><\/strong><\/h2>\n\n\n\n<p class=\"has-text-color has-link-color has-heading-font-family has-medium-font-size wp-elements-6a8c87fb90ac50f2d2c4c40c28c88c97\" style=\"color:#ecf0f1;font-style:normal;font-weight:400\">Tikimasi, kad sve\u010diai:&nbsp;<\/p>\n\n\n\n<div class=\"wp-block-group is-vertical is-layout-flex wp-container-core-group-is-layout-fe9cc265 wp-block-group-is-layout-flex\">\n<ul class=\"wp-block-list has-medium-font-size\">\n<li class=\"has-heading-font-family has-medium-font-size\">Gerbti turt\u0105 ir laikytis u\u017esakymo metu nurodyt\u0173 nam\u0173 taisykli\u0173.&nbsp;&nbsp;<\/li>\n\n\n\n<li class=\"has-heading-font-family\">Nedelsiant prane\u0161kite apie bet kokius pa\u017eeidimus ar problemas&nbsp;&nbsp;<\/li>\n\n\n\n<li class=\"has-heading-font-family\">I\u0161siregistruoti nurodytu laiku, nebent su \"Kaida Stay\" susitarta kitaip.&nbsp;&nbsp;&nbsp;<\/li>\n<\/ul>\n<\/div>\n\n\n\n<p class=\"has-text-color has-link-color has-heading-font-family has-medium-font-size wp-elements-19b10fef6764e382fb88dd305b724389\" style=\"color:#ecf0f1;font-style:normal;font-weight:400\">Nesilaikant \u0161i\u0173 pareig\u0173, gali tekti mok\u0117ti papildomus mokes\u010dius u\u017e \u017eal\u0105 ar neleistin\u0105 naudojim\u0105.&nbsp;&nbsp;<\/p>\n<\/div>\n<\/div>\n<\/div>\n\n\n\n<div class=\"wp-block-group is-vertical is-layout-flex wp-container-core-group-is-layout-7d44d595 wp-block-group-is-layout-flex\" style=\"margin-top:var(--wp--preset--spacing--20);margin-bottom:var(--wp--preset--spacing--20);padding-right:var(--wp--preset--spacing--60);padding-left:var(--wp--preset--spacing--60)\">\n<div class=\"wp-block-group is-nowrap is-layout-flex wp-container-core-group-is-layout-581d59e2 wp-block-group-is-layout-flex\" style=\"padding-right:var(--wp--preset--spacing--20);padding-left:var(--wp--preset--spacing--20)\">\n<div class=\"wp-block-group is-vertical is-layout-flex wp-container-core-group-is-layout-fe9cc265 wp-block-group-is-layout-flex\">\n<h2 class=\"wp-block-heading has-text-color has-link-color has-heading-font-family wp-elements-7cbef07085d1fd07fd925ac6a4819057\" style=\"color:#ecf0f1;font-style:normal;font-weight:400\"><strong><strong><strong><strong><strong><strong><strong><strong>7. Savininko atsakomyb\u0117<\/strong>&nbsp;<\/strong>&nbsp;<\/strong>&nbsp;<\/strong><\/strong><\/strong><\/strong><\/strong><\/h2>\n\n\n\n<p class=\"has-text-color has-link-color has-heading-font-family has-medium-font-size wp-elements-7380f95cf91a39134c0fea3716eeea12\" style=\"color:#ecf0f1;font-style:normal;font-weight:400\">I\u0161 savinink\u0173 tikimasi:&nbsp;&nbsp;<\/p>\n\n\n\n<div class=\"wp-block-group is-vertical is-layout-flex wp-container-core-group-is-layout-fe9cc265 wp-block-group-is-layout-flex\">\n<ul class=\"wp-block-list has-medium-font-size\">\n<li class=\"has-heading-font-family has-medium-font-size\">Pateikite tiksli\u0105 ir atnaujint\u0105 informacij\u0105 apie savo turt\u0105, \u012fskaitant nam\u0173 taisykles, turto savybes ir patogumus.&nbsp;&nbsp;&nbsp;<\/li>\n\n\n\n<li class=\"has-heading-font-family\">U\u017etikrinkite, kad nuosavyb\u0117 atitikt\u0173 visus vietos \u012fstatymus ir taisykles, susijusias su trumpalaike nuoma.&nbsp;&nbsp;&nbsp;<\/li>\n\n\n\n<li class=\"has-heading-font-family\">u\u017etikrinti tinkam\u0105 turto draudim\u0105&nbsp;&nbsp;&nbsp;<\/li>\n<\/ul>\n<\/div>\n<\/div>\n<\/div>\n<\/div>\n\n\n\n<div class=\"wp-block-group is-vertical is-layout-flex wp-container-core-group-is-layout-7d44d595 wp-block-group-is-layout-flex\" style=\"margin-top:var(--wp--preset--spacing--20);margin-bottom:var(--wp--preset--spacing--20);padding-right:var(--wp--preset--spacing--60);padding-left:var(--wp--preset--spacing--60)\">\n<div class=\"wp-block-group is-nowrap is-layout-flex wp-container-core-group-is-layout-581d59e2 wp-block-group-is-layout-flex\" style=\"padding-right:var(--wp--preset--spacing--20);padding-left:var(--wp--preset--spacing--20)\">\n<div class=\"wp-block-group is-vertical is-layout-flex wp-container-core-group-is-layout-fe9cc265 wp-block-group-is-layout-flex\">\n<h2 class=\"wp-block-heading has-text-color has-link-color has-heading-font-family wp-elements-f0cba16afccbeb2cef286bca352b408f\" style=\"color:#ecf0f1;font-style:normal;font-weight:400\"><strong><strong><strong><strong><strong><strong><strong><strong><strong>8. Privatumas ir duomen\u0173 apsauga<\/strong>&nbsp;<\/strong>&nbsp;<\/strong>&nbsp;<\/strong>&nbsp;<\/strong><\/strong><\/strong><\/strong><\/strong><\/h2>\n\n\n\n<p class=\"has-text-color has-link-color has-heading-font-family has-medium-font-size wp-elements-e385775e17789740983557fee3b167c6\" style=\"color:#ecf0f1;font-style:normal;font-weight:400\">\"Kaida Stay\" vertina j\u016bs\u0173 privatum\u0105. Asmeniniai duomenys, surinkti u\u017esakym\u0173 ar u\u017eklaus\u0173 metu, bus tvarkomi pagal m\u016bs\u0173 privatumo politik\u0105. Be j\u016bs\u0173 sutikimo nesidalinsime j\u016bs\u0173 duomenimis su tre\u010diosiomis \u0161alimis, i\u0161skyrus atvejus, kai tai b\u016btina m\u016bs\u0173 paslaugoms teikti.&nbsp;&nbsp;&nbsp;<\/p>\n<\/div>\n<\/div>\n<\/div>\n\n\n\n<div class=\"wp-block-group is-vertical is-layout-flex wp-container-core-group-is-layout-7d44d595 wp-block-group-is-layout-flex\" style=\"margin-top:var(--wp--preset--spacing--20);margin-bottom:var(--wp--preset--spacing--20);padding-right:var(--wp--preset--spacing--60);padding-left:var(--wp--preset--spacing--60)\">\n<div class=\"wp-block-group is-nowrap is-layout-flex wp-container-core-group-is-layout-581d59e2 wp-block-group-is-layout-flex\" style=\"padding-right:var(--wp--preset--spacing--20);padding-left:var(--wp--preset--spacing--20)\">\n<div class=\"wp-block-group is-vertical is-layout-flex wp-container-core-group-is-layout-fe9cc265 wp-block-group-is-layout-flex\">\n<h2 class=\"wp-block-heading has-text-color has-link-color has-heading-font-family wp-elements-babbe0a64ab5e3e04609fbc78c933183\" style=\"color:#ecf0f1;font-style:normal;font-weight:400\"><strong><strong><strong><strong><strong><strong><strong><strong><strong><strong>9. Intelektin\u0117 nuosavyb\u0117<\/strong>&nbsp;<\/strong>&nbsp;<\/strong>&nbsp;<\/strong>&nbsp;<\/strong>&nbsp;<\/strong><\/strong><\/strong><\/strong><\/strong><\/h2>\n\n\n\n<p class=\"has-text-color has-link-color has-heading-font-family has-medium-font-size wp-elements-70fc153565457bdba7197c1f5971b3c3\" style=\"color:#ecf0f1;font-style:normal;font-weight:400\">Visas turinys <a href=\"http:\/\/www.kaidaystay.com\/\" target=\"_blank\" rel=\"noreferrer noopener\">www.kaidaystay.com<\/a>, \u012fskaitant tekst\u0105, paveiksl\u0117lius, logotipus ir dizain\u0105, yra Kaida Stay intelektin\u0117 nuosavyb\u0117, jei nenurodyta kitaip. Draud\u017eiama neteis\u0117tai atgaminti ar naudoti \u0161\u012f turin\u012f.<\/p>\n<\/div>\n<\/div>\n<\/div>\n\n\n\n<div class=\"wp-block-group is-vertical is-layout-flex wp-container-core-group-is-layout-7d44d595 wp-block-group-is-layout-flex\" style=\"margin-top:var(--wp--preset--spacing--20);margin-bottom:var(--wp--preset--spacing--20);padding-right:var(--wp--preset--spacing--60);padding-left:var(--wp--preset--spacing--60)\">\n<div class=\"wp-block-group is-nowrap is-layout-flex wp-container-core-group-is-layout-581d59e2 wp-block-group-is-layout-flex\" style=\"padding-right:var(--wp--preset--spacing--20);padding-left:var(--wp--preset--spacing--20)\">\n<div class=\"wp-block-group is-vertical is-layout-flex wp-container-core-group-is-layout-fe9cc265 wp-block-group-is-layout-flex\">\n<h2 class=\"wp-block-heading has-text-color has-link-color has-heading-font-family wp-elements-1bbd170289ac008a241029603ae9ff3c\" style=\"color:#ecf0f1;font-style:normal;font-weight:400\"><strong><strong><strong><strong><strong><strong><strong><strong><strong><strong><strong>10. Gin\u010d\u0173 sprendimas<\/strong>&nbsp;<\/strong>&nbsp;<\/strong>&nbsp;<\/strong>&nbsp;<\/strong>&nbsp;<\/strong>&nbsp;<\/strong><\/strong><\/strong><\/strong><\/strong><\/h2>\n\n\n\n<p class=\"has-text-color has-link-color has-heading-font-family has-medium-font-size wp-elements-361b396e82d944f2a4f2f1bc56f77f9e\" style=\"color:#ecf0f1;font-style:normal;font-weight:400\">Kilus gin\u010dui, abi \u0161alys (sve\u010diai arba savininkai) sutinka pirmiausia ie\u0161koti sprendimo tiesiogiai bendraudamos su Kaida Stay. Jei nepavyksta susitarti, gali b\u016bti imamasi teisini\u0173 veiksm\u0173 pagal vietos jurisdikcij\u0105.&nbsp;<\/p>\n<\/div>\n<\/div>\n<\/div>\n\n\n\n<div class=\"wp-block-group is-vertical is-layout-flex wp-container-core-group-is-layout-7d44d595 wp-block-group-is-layout-flex\" style=\"margin-top:var(--wp--preset--spacing--20);margin-bottom:var(--wp--preset--spacing--20);padding-right:var(--wp--preset--spacing--60);padding-left:var(--wp--preset--spacing--60)\">\n<div class=\"wp-block-group is-nowrap is-layout-flex wp-container-core-group-is-layout-581d59e2 wp-block-group-is-layout-flex\" style=\"padding-right:var(--wp--preset--spacing--20);padding-left:var(--wp--preset--spacing--20)\">\n<div class=\"wp-block-group is-vertical is-layout-flex wp-container-core-group-is-layout-fe9cc265 wp-block-group-is-layout-flex\">\n<h2 class=\"wp-block-heading has-text-color has-link-color has-heading-font-family wp-elements-a13810de5db12b9a30497083df2468f3\" style=\"color:#ecf0f1;font-style:normal;font-weight:400\"><strong><strong><strong><strong><strong><strong><strong><strong><strong><strong><strong><strong>11. S\u0105lyg\u0173 pakeitimai<\/strong><\/strong><\/strong><\/strong>&nbsp;<\/strong>&nbsp;<\/strong>&nbsp;<\/strong>&nbsp;<\/strong><\/strong><\/strong><\/strong><\/strong><\/h2>\n\n\n\n<p class=\"has-text-color has-link-color has-heading-font-family has-medium-font-size wp-elements-d37001dbd159fdfda1e155ed06c13215\" style=\"color:#ecf0f1;font-style:normal;font-weight:400\">\"Kaida Stay\" pasilieka teis\u0119 bet kuriuo metu atnaujinti ar keisti \u0161ias Taisykles ir s\u0105lygas be i\u0161ankstinio \u012fsp\u0117jimo. J\u016bs\u0173 pareiga yra periodi\u0161kai per\u017ei\u016br\u0117ti \u0161ias s\u0105lygas. Tolesnis naudojimasis m\u016bs\u0173 paslaugomis po bet koki\u0173 pakeitim\u0173 rei\u0161kia, kad sutinkate su pakeistomis s\u0105lygomis.&nbsp;&nbsp;<\/p>\n<\/div>\n<\/div>\n<\/div>\n\n\n\n<div class=\"wp-block-group is-vertical is-layout-flex wp-container-core-group-is-layout-7d44d595 wp-block-group-is-layout-flex\" style=\"margin-top:var(--wp--preset--spacing--20);margin-bottom:var(--wp--preset--spacing--20);padding-right:var(--wp--preset--spacing--60);padding-left:var(--wp--preset--spacing--60)\">\n<div class=\"wp-block-group is-nowrap is-layout-flex wp-container-core-group-is-layout-581d59e2 wp-block-group-is-layout-flex\" style=\"padding-right:var(--wp--preset--spacing--20);padding-left:var(--wp--preset--spacing--20)\">\n<div class=\"wp-block-group is-vertical is-layout-flex wp-container-core-group-is-layout-fe9cc265 wp-block-group-is-layout-flex\">\n<h2 class=\"wp-block-heading has-text-color has-link-color has-heading-font-family wp-elements-2c49c20381c416d752cbf40f5c55c30e\" style=\"color:#ecf0f1;font-style:normal;font-weight:400\"><strong><strong><strong><strong><strong><strong><strong><strong><strong><strong><strong><strong><strong>12. Taikytina teis\u0117<\/strong>&nbsp;<\/strong><\/strong><\/strong><\/strong>&nbsp;<\/strong>&nbsp;<\/strong>&nbsp;<\/strong>&nbsp;<\/strong><\/strong><\/strong><\/strong><\/strong><\/h2>\n\n\n\n<p class=\"has-text-color has-link-color has-heading-font-family has-medium-font-size wp-elements-4d34e76e2556bea11b5a1a8f2fd763c7\" style=\"color:#ecf0f1;font-style:normal;font-weight:400\">\u0160ioms s\u0105lygoms taikomi Ispanijos \u012fstatymai. Bet kokie gin\u010dai, kylantys d\u0117l \u0161i\u0173 s\u0105lyg\u0173 ar su jomis susij\u0119, priklauso i\u0161imtinei Malagos (Ispanija) teism\u0173 jurisdikcijai.&nbsp;&nbsp;&nbsp;<\/p>\n<\/div>\n<\/div>\n<\/div>\n\n\n\n<div class=\"wp-block-group is-vertical is-layout-flex wp-container-core-group-is-layout-7d44d595 wp-block-group-is-layout-flex\" style=\"margin-top:var(--wp--preset--spacing--20);margin-bottom:var(--wp--preset--spacing--20);padding-right:var(--wp--preset--spacing--60);padding-left:var(--wp--preset--spacing--60)\">\n<div class=\"wp-block-group is-nowrap is-layout-flex wp-container-core-group-is-layout-581d59e2 wp-block-group-is-layout-flex\" style=\"padding-right:var(--wp--preset--spacing--20);padding-left:var(--wp--preset--spacing--20)\">\n<div class=\"wp-block-group is-vertical is-layout-flex wp-container-core-group-is-layout-fe9cc265 wp-block-group-is-layout-flex\">\n<h2 class=\"wp-block-heading has-text-color has-link-color has-heading-font-family wp-elements-4e69674fe98030e61acf8f5727355a8e\" style=\"color:#ecf0f1;font-style:normal;font-weight:400\"><strong><strong><strong><strong><strong><strong><strong><strong><strong><strong><strong><strong><strong>Susisiekite<\/strong>&nbsp;<\/strong><\/strong><\/strong><\/strong>&nbsp;<\/strong>&nbsp;<\/strong>&nbsp;<\/strong>&nbsp;<\/strong><\/strong><\/strong><\/strong><\/strong><\/h2>\n\n\n\n<p class=\"has-text-color has-link-color has-heading-font-family has-medium-font-size wp-elements-d6a78411cd449bdf3c0857487f886f2d\" style=\"color:#ecf0f1;font-style:normal;font-weight:400\">Jei turite klausim\u0173 d\u0117l \u0161i\u0173 S\u0105lyg\u0173 ir nuostat\u0173, susisiekite su mumis \u0161iuo adresu:&nbsp;<\/p>\n\n\n\n<p>Kaida Stay<\/p>\n\n\n\n<p>El. pa\u0161tas: hola@kaidastay.com<\/p>\n\n\n\n<p>Telefonas: +34 62 360 2332<\/p>\n<\/div>\n<\/div>\n<\/div>","protected":false},"excerpt":{"rendered":"<p>Terms &amp; Conditions 1. Introduction Welcome to Kaida Stay. By accessing and using our website (www.kaidaystay.com) and services, you agree to be bound by the following Terms and Conditions. These terms apply to all users, whether you&#8217;re a property owner or a guest booking a rental property. If you disagree with any part of these [&hellip;]<\/p>","protected":false},"author":1,"featured_media":0,"parent":0,"menu_order":0,"comment_status":"closed","ping_status":"closed","template":"page-no-title","meta":{"_acf_changed":false,"footnotes":""},"class_list":["post-1072","page","type-page","status-publish","hentry"],"acf":[],"_links":{"self":[{"href":"https:\/\/kaidastay.com\/lt\/wp-json\/wp\/v2\/pages\/1072","targetHints":{"allow":["GET"]}}],"collection":[{"href":"https:\/\/kaidastay.com\/lt\/wp-json\/wp\/v2\/pages"}],"about":[{"href":"https:\/\/kaidastay.com\/lt\/wp-json\/wp\/v2\/types\/page"}],"author":[{"embeddable":true,"href":"https:\/\/kaidastay.com\/lt\/wp-json\/wp\/v2\/users\/1"}],"replies":[{"embeddable":true,"href":"https:\/\/kaidastay.com\/lt\/wp-json\/wp\/v2\/comments?post=1072"}],"version-history":[{"count":3,"href":"https:\/\/kaidastay.com\/lt\/wp-json\/wp\/v2\/pages\/1072\/revisions"}],"predecessor-version":[{"id":1441,"href":"https:\/\/kaidastay.com\/lt\/wp-json\/wp\/v2\/pages\/1072\/revisions\/1441"}],"wp:attachment":[{"href":"https:\/\/kaidastay.com\/lt\/wp-json\/wp\/v2\/media?parent=1072"}],"curies":[{"name":"wp","href":"https:\/\/api.w.org\/{rel}","templated":true}]}}