{"id":1088,"date":"2024-11-17T12:20:51","date_gmt":"2024-11-17T12:20:51","guid":{"rendered":"https:\/\/kaidastay.com\/?page_id=1088"},"modified":"2025-02-19T12:39:36","modified_gmt":"2025-02-19T11:39:36","slug":"gdpr","status":"publish","type":"page","link":"https:\/\/kaidastay.com\/lt\/gdpr\/","title":{"rendered":"BDAR"},"content":{"rendered":"<div style=\"background-image:url(&apos;https:\/\/kaidastay.com\/wp-content\/uploads\/2024\/09\/About-it.png&apos;);background-position:50% 0;background-size:cover;\" class=\"wp-block-group has-global-padding is-layout-constrained wp-block-group-is-layout-constrained has-background\">\n<div style=\"height:60px\" aria-hidden=\"true\" class=\"wp-block-spacer\"><\/div>\n\n\n\n<h1 class=\"wp-block-heading has-text-align-center has-text-color has-link-color has-heading-font-family wp-elements-445dcbc586bf97ae1d889d537d960899\" style=\"color:#1a7a89;font-size:clamp(1.502rem, 1.502rem + ((1vw - 0.2rem) * 1.663), 2.5rem);font-style:normal;font-weight:700\">Bendrasis duomen\u0173 apsaugos reglamentas<\/h1>\n\n\n\n<div style=\"height:63px\" aria-hidden=\"true\" class=\"wp-block-spacer\"><\/div>\n<\/div>\n\n\n\n<div class=\"wp-block-group is-vertical is-layout-flex wp-container-core-group-is-layout-7d44d595 wp-block-group-is-layout-flex\" style=\"margin-top:var(--wp--preset--spacing--20);margin-bottom:var(--wp--preset--spacing--20);padding-right:var(--wp--preset--spacing--60);padding-left:var(--wp--preset--spacing--60)\">\n<div class=\"wp-block-group is-nowrap is-layout-flex wp-container-core-group-is-layout-581d59e2 wp-block-group-is-layout-flex\" style=\"padding-right:var(--wp--preset--spacing--20);padding-left:var(--wp--preset--spacing--20)\">\n<div class=\"wp-block-group is-vertical is-layout-flex wp-container-core-group-is-layout-fe9cc265 wp-block-group-is-layout-flex\">\n<p class=\"has-text-color has-link-color has-heading-font-family has-medium-font-size wp-elements-bc83240608e55a0fe22dd1cd921b242d\" style=\"color:#ecf0f1;font-style:normal;font-weight:400\">Svetain\u0117je <strong>Kaida Stay<\/strong>esame \u012fsipareigoj\u0119 saugoti savo naudotoj\u0173 privatum\u0105 ir asmens duomenis. \u0160ioje privatumo politikoje apra\u0161oma, kaip renkame, naudojame ir saugome j\u016bs\u0173 duomenis laikydamiesi <strong>Bendrasis duomen\u0173 apsaugos reglamentas (BDAR)<\/strong>.&nbsp;<\/p>\n\n\n\n<h2 class=\"wp-block-heading has-text-color has-link-color has-heading-font-family wp-elements-f9244713d6eb29687d7276d35fce3236\" style=\"color:#ecf0f1;font-style:normal;font-weight:400\"><strong><strong><strong>1. Duomen\u0173 valdytojas<\/strong>&nbsp;<\/strong><\/strong><\/h2>\n\n\n\n<div class=\"wp-block-group is-vertical is-layout-flex wp-container-core-group-is-layout-fe9cc265 wp-block-group-is-layout-flex\">\n<p class=\"has-text-color has-link-color has-heading-font-family has-medium-font-size wp-elements-6530a9a852354b33b6fb77fb1654b9fe\" style=\"color:#ecf0f1;font-style:normal;font-weight:400\"><strong>Kaida Stay<\/strong>&nbsp;<\/p>\n\n\n\n<p>El. pa\u0161tas: <a href=\"mailto:hola@kaidastay.com\" target=\"_blank\" rel=\"noreferrer noopener\">hola@kaidastay.com<\/a>&nbsp;<\/p>\n\n\n\n<p class=\"has-text-color has-link-color has-heading-font-family has-medium-font-size wp-elements-bf96a62672ab19bb8203719f918db188\" style=\"color:#ecf0f1;font-style:normal;font-weight:400\">Adresas: Monteolivo 36, Co\u00edn 29100, Malaga, Ispanija.<\/p>\n<\/div>\n<\/div>\n<\/div>\n<\/div>\n\n\n\n<div class=\"wp-block-group is-vertical is-layout-flex wp-container-core-group-is-layout-7d44d595 wp-block-group-is-layout-flex\" style=\"margin-top:var(--wp--preset--spacing--20);margin-bottom:var(--wp--preset--spacing--20);padding-right:var(--wp--preset--spacing--60);padding-left:var(--wp--preset--spacing--60)\">\n<div class=\"wp-block-group is-nowrap is-layout-flex wp-container-core-group-is-layout-581d59e2 wp-block-group-is-layout-flex\" style=\"padding-right:var(--wp--preset--spacing--20);padding-left:var(--wp--preset--spacing--20)\">\n<div class=\"wp-block-group is-vertical is-layout-flex wp-container-core-group-is-layout-fe9cc265 wp-block-group-is-layout-flex\">\n<h2 class=\"wp-block-heading has-text-color has-link-color has-heading-font-family wp-elements-a148a8d9c7c3b7a45c376d243bff8ab8\" style=\"color:#ecf0f1;font-style:normal;font-weight:400\"><strong><strong><strong><strong>2. Kokius duomenis renkame<\/strong>&nbsp;<\/strong><\/strong><\/strong><\/h2>\n\n\n\n<div class=\"wp-block-group is-vertical is-layout-flex wp-container-core-group-is-layout-fe9cc265 wp-block-group-is-layout-flex\">\n<p class=\"has-text-color has-link-color has-heading-font-family has-medium-font-size wp-elements-72ec736023ac9041a0a5b8ee2345b2c2\" style=\"color:#ecf0f1;font-style:normal;font-weight:400\">Kai lankot\u0117s m\u016bs\u0173 svetain\u0117je, prenumeruojate m\u016bs\u0173 naujienlai\u0161k\u012f arba pateikiate u\u017eklausas per formas, galime rinkti \u0161iuos asmens duomenis:&nbsp;<\/p>\n\n\n\n<ul class=\"wp-block-list\">\n<li class=\"has-heading-font-family\"><strong>Vardas<\/strong><\/li>\n\n\n\n<li class=\"has-heading-font-family\"><strong>El. pa\u0161to adresas<\/strong>&nbsp;<\/li>\n\n\n\n<li class=\"has-heading-font-family\"><strong><strong>Vieta<\/strong><\/strong>&nbsp;<\/li>\n\n\n\n<li class=\"has-heading-font-family\"><strong>Telefono numeris<\/strong>&nbsp;<\/li>\n<\/ul>\n<\/div>\n<\/div>\n<\/div>\n<\/div>\n\n\n\n<div class=\"wp-block-group is-vertical is-layout-flex wp-container-core-group-is-layout-7d44d595 wp-block-group-is-layout-flex\" style=\"margin-top:var(--wp--preset--spacing--20);margin-bottom:var(--wp--preset--spacing--20);padding-right:var(--wp--preset--spacing--60);padding-left:var(--wp--preset--spacing--60)\">\n<div class=\"wp-block-group is-nowrap is-layout-flex wp-container-core-group-is-layout-581d59e2 wp-block-group-is-layout-flex\" style=\"padding-right:var(--wp--preset--spacing--20);padding-left:var(--wp--preset--spacing--20)\">\n<div class=\"wp-block-group is-vertical is-layout-flex wp-container-core-group-is-layout-fe9cc265 wp-block-group-is-layout-flex\">\n<h2 class=\"wp-block-heading has-text-color has-link-color has-heading-font-family wp-elements-9b87419bd8433d46865a5650db43bdab\" style=\"color:#ecf0f1;font-style:normal;font-weight:400\"><strong><strong><strong><strong><strong>3. Kaip mes naudojame j\u016bs\u0173 duomenis<\/strong>&nbsp;<\/strong>&nbsp;<\/strong><\/strong><\/strong><\/h2>\n\n\n\n<div class=\"wp-block-group is-vertical is-layout-flex wp-container-core-group-is-layout-fe9cc265 wp-block-group-is-layout-flex\">\n<p class=\"has-text-color has-link-color has-heading-font-family has-medium-font-size wp-elements-db905051f1b817a3032500baa699bba9\" style=\"color:#ecf0f1;font-style:normal;font-weight:400\">M\u016bs\u0173 surinkti duomenys naudojami \u0161iais tikslais:<\/p>\n\n\n\n<ul class=\"wp-block-list\">\n<li class=\"has-heading-font-family\"><strong><strong>atsakymai \u012f u\u017eklausas ar pra\u0161ymus<\/strong> per m\u016bs\u0173 svetain\u0119.<\/strong><\/li>\n\n\n\n<li class=\"has-heading-font-family\"><strong><strong>Rinkodaros prane\u0161im\u0173 siuntimas<\/strong> pvz., naujienlai\u0161kius ar pasi\u016blymus, tik tuo atveju, jei to pageidaujate.&nbsp;<\/strong>&nbsp;<\/li>\n\n\n\n<li class=\"has-heading-font-family\"><strong><strong><strong>Tobulinti m\u016bs\u0173 svetain\u0119 ir paslaugas.<\/strong>.<\/strong><\/strong>&nbsp;<\/li>\n\n\n\n<li class=\"has-heading-font-family\"><strong><strong>M\u016bs\u0173 svetain\u0117s ir paslaug\u0173 saugumo u\u017etikrinimas<\/strong>.<\/strong>&nbsp;<\/li>\n<\/ul>\n<\/div>\n<\/div>\n<\/div>\n<\/div>\n\n\n\n<div class=\"wp-block-group is-vertical is-layout-flex wp-container-core-group-is-layout-7d44d595 wp-block-group-is-layout-flex\" style=\"margin-top:var(--wp--preset--spacing--20);margin-bottom:var(--wp--preset--spacing--20);padding-right:var(--wp--preset--spacing--60);padding-left:var(--wp--preset--spacing--60)\">\n<div class=\"wp-block-group is-nowrap is-layout-flex wp-container-core-group-is-layout-581d59e2 wp-block-group-is-layout-flex\" style=\"padding-right:var(--wp--preset--spacing--20);padding-left:var(--wp--preset--spacing--20)\">\n<div class=\"wp-block-group is-vertical is-layout-flex wp-container-core-group-is-layout-fe9cc265 wp-block-group-is-layout-flex\">\n<h2 class=\"wp-block-heading has-text-color has-link-color has-heading-font-family wp-elements-b85c48109d1d256d4c1188766209129d\" style=\"color:#ecf0f1;font-style:normal;font-weight:400\"><strong><strong><strong><strong><strong><strong>4. Duomen\u0173 tvarkymo teisinis pagrindas<\/strong>&nbsp;<\/strong>&nbsp;<\/strong>&nbsp;<\/strong><\/strong><\/strong><\/h2>\n\n\n\n<div class=\"wp-block-group is-vertical is-layout-flex wp-container-core-group-is-layout-fe9cc265 wp-block-group-is-layout-flex\">\n<p class=\"has-text-color has-link-color has-heading-font-family has-medium-font-size wp-elements-7d5989feaed95d6e3566d18bfbd23ce4\" style=\"color:#ecf0f1;font-style:normal;font-weight:400\">J\u016bs\u0173 duomenis tvarkome remdamiesi \u0161iais teisiniais pagrindais:&nbsp;<\/p>\n\n\n\n<ul class=\"wp-block-list\">\n<li class=\"has-heading-font-family\"><strong><strong><strong>Sutikimas<\/strong>: Prenumeruodami m\u016bs\u0173 naujienlai\u0161k\u012f arba pateikdami u\u017eklaus\u0105, j\u016bs duodate mums sutikim\u0105 tvarkyti j\u016bs\u0173 duomenis komunikacijos ir rinkodaros tikslais.<\/strong><\/strong><\/li>\n\n\n\n<li class=\"has-heading-font-family\"><strong>Teis\u0117tas interesas<\/strong>: Galime tvarkyti j\u016bs\u0173 duomenis, kad patobulintume savo svetain\u0119, pagerintume naudotojo patirt\u012f arba \u012fvykdytume j\u016bs\u0173 u\u017eklausas.&nbsp;<\/li>\n<\/ul>\n<\/div>\n<\/div>\n<\/div>\n<\/div>\n\n\n\n<div class=\"wp-block-group is-vertical is-layout-flex wp-container-core-group-is-layout-7d44d595 wp-block-group-is-layout-flex\" style=\"margin-top:var(--wp--preset--spacing--20);margin-bottom:var(--wp--preset--spacing--20);padding-right:var(--wp--preset--spacing--60);padding-left:var(--wp--preset--spacing--60)\">\n<div class=\"wp-block-group is-nowrap is-layout-flex wp-container-core-group-is-layout-581d59e2 wp-block-group-is-layout-flex\" style=\"padding-right:var(--wp--preset--spacing--20);padding-left:var(--wp--preset--spacing--20)\">\n<div class=\"wp-block-group is-vertical is-layout-flex wp-container-core-group-is-layout-fe9cc265 wp-block-group-is-layout-flex\">\n<h2 class=\"wp-block-heading has-text-color has-link-color has-heading-font-family wp-elements-9dc5e43439545ae05c13145ead679ff9\" style=\"color:#ecf0f1;font-style:normal;font-weight:400\"><strong><strong><strong><strong><strong><strong><strong>5. Duomen\u0173 saugojimas<\/strong><\/strong><\/strong>&nbsp;<\/strong>&nbsp;<\/strong><\/strong><\/strong><\/h2>\n\n\n\n<div class=\"wp-block-group is-vertical is-layout-flex wp-container-core-group-is-layout-fe9cc265 wp-block-group-is-layout-flex\">\n<p class=\"has-text-color has-link-color has-heading-font-family has-medium-font-size wp-elements-c493e09b99367ebde1df275ac60c82ef\" style=\"color:#ecf0f1;font-style:normal;font-weight:400\">J\u016bs\u0173 asmens duomenis saugosime tol, kol tai bus b\u016btina \u0161ioje politikoje nurodytiems tikslams \u012fgyvendinti arba kaip to reikalauja \u012fstatymai.&nbsp;&nbsp;<\/p>\n<\/div>\n<\/div>\n<\/div>\n<\/div>\n\n\n\n<div class=\"wp-block-group is-vertical is-layout-flex wp-container-core-group-is-layout-7d44d595 wp-block-group-is-layout-flex\" style=\"margin-top:var(--wp--preset--spacing--20);margin-bottom:var(--wp--preset--spacing--20);padding-right:var(--wp--preset--spacing--60);padding-left:var(--wp--preset--spacing--60)\">\n<div class=\"wp-block-group is-nowrap is-layout-flex wp-container-core-group-is-layout-581d59e2 wp-block-group-is-layout-flex\" style=\"padding-right:var(--wp--preset--spacing--20);padding-left:var(--wp--preset--spacing--20)\">\n<div class=\"wp-block-group is-vertical is-layout-flex wp-container-core-group-is-layout-fe9cc265 wp-block-group-is-layout-flex\">\n<h2 class=\"wp-block-heading has-text-color has-link-color has-heading-font-family wp-elements-253ad9a4372aa1b57c78f3116627f2db\" style=\"color:#ecf0f1;font-style:normal;font-weight:400\"><strong><strong><strong><strong><strong><strong><strong>6. J\u016bs\u0173 teis\u0117s pagal BDAR<\/strong>&nbsp;<\/strong>&nbsp;<\/strong>&nbsp;<\/strong>&nbsp;<\/strong><\/strong><\/strong><\/h2>\n\n\n\n<div class=\"wp-block-group is-vertical is-layout-flex wp-container-core-group-is-layout-fe9cc265 wp-block-group-is-layout-flex\">\n<p class=\"has-text-color has-link-color has-heading-font-family has-medium-font-size wp-elements-0fe785456791f868d3c0911766159ba1\" style=\"color:#ecf0f1;font-style:normal;font-weight:400\">Kaip m\u016bs\u0173 paslaug\u0173 naudotojas turite \u0161ias teises:&nbsp;<\/p>\n\n\n\n<ul class=\"wp-block-list\">\n<li class=\"has-heading-font-family\"><strong><strong><strong><strong>Teis\u0117 \u012f prieig\u0105<\/strong>: Galite papra\u0161yti m\u016bs\u0173 turim\u0173 j\u016bs\u0173 asmens duomen\u0173 kopijos.&nbsp;<\/strong><\/strong><\/strong><\/li>\n\n\n\n<li class=\"has-heading-font-family\"><strong>Teis\u0117 \u012f i\u0161taisym\u0105<\/strong>: Galite papra\u0161yti m\u016bs\u0173 i\u0161taisyti netikslius ar nei\u0161samius duomenis.&nbsp;&nbsp;<\/li>\n\n\n\n<li class=\"has-heading-font-family\"><strong>Teis\u0117 \u012f i\u0161trynim\u0105<\/strong>: Galite pra\u0161yti i\u0161trinti savo asmens duomenis, kai jie nebereikalingi.&nbsp;<\/li>\n\n\n\n<li class=\"has-heading-font-family\"><strong>Teis\u0117 apriboti duomen\u0173 tvarkym\u0105<\/strong>: Galite papra\u0161yti, kad apribotume j\u016bs\u0173 duomen\u0173 naudojim\u0105.&nbsp;<\/li>\n\n\n\n<li class=\"has-heading-font-family\"><strong>Teis\u0117 pareik\u0161ti prie\u0161taravim\u0105<\/strong>: Galite nesutikti, kad j\u016bs\u0173 duomenys b\u016bt\u0173 tvarkomi tiesiogin\u0117s rinkodaros tikslais.&nbsp;<\/li>\n\n\n\n<li class=\"has-heading-font-family\"><strong>Teis\u0117 \u012f duomen\u0173 perkeliamum\u0105<\/strong>: Turite teis\u0119 pra\u0161yti pateikti savo duomenis strukt\u016brizuotu, \u012fprastai naudojamu formatu.&nbsp;<\/li>\n<\/ul>\n<\/div>\n<\/div>\n<\/div>\n<\/div>\n\n\n\n<div class=\"wp-block-group is-vertical is-layout-flex wp-container-core-group-is-layout-7d44d595 wp-block-group-is-layout-flex\" style=\"margin-top:var(--wp--preset--spacing--20);margin-bottom:var(--wp--preset--spacing--20);padding-right:var(--wp--preset--spacing--60);padding-left:var(--wp--preset--spacing--60)\">\n<div class=\"wp-block-group is-nowrap is-layout-flex wp-container-core-group-is-layout-581d59e2 wp-block-group-is-layout-flex\" style=\"padding-right:var(--wp--preset--spacing--20);padding-left:var(--wp--preset--spacing--20)\">\n<div class=\"wp-block-group is-vertical is-layout-flex wp-container-core-group-is-layout-fe9cc265 wp-block-group-is-layout-flex\">\n<h2 class=\"wp-block-heading has-text-color has-link-color has-heading-font-family wp-elements-4eb1c76bdc6e9b11c5889267fe76c9c5\" style=\"color:#ecf0f1;font-style:normal;font-weight:400\"><strong><strong><strong><strong><strong><strong><strong><strong>7. Dalijimasis duomenimis<\/strong>&nbsp;<\/strong><\/strong><\/strong>&nbsp;<\/strong>&nbsp;<\/strong><\/strong><\/strong><\/h2>\n\n\n\n<div class=\"wp-block-group is-vertical is-layout-flex wp-container-core-group-is-layout-fe9cc265 wp-block-group-is-layout-flex\">\n<p class=\"has-text-color has-link-color has-heading-font-family has-medium-font-size wp-elements-8bdf19e9d25bf5b9289a41874217b84e\" style=\"color:#ecf0f1;font-style:normal;font-weight:400\">J\u016bs\u0173 asmens duomenimis nesidalijame su tre\u010diosiomis \u0161alimis, i\u0161skyrus atvejus, kai to reikalauja \u012fstatymai arba kai tai reikalinga paslaug\u0173 teikimo tikslais (pvz., mok\u0117jim\u0173 tvarkytojams). Visos tre\u010diosios \u0161alys, dalyvaujan\u010dios tvarkant j\u016bs\u0173 duomenis, privalo laikytis konfidencialumo susitarim\u0173 ir BDAR reikalavim\u0173.<\/p>\n<\/div>\n<\/div>\n<\/div>\n<\/div>\n\n\n\n<div class=\"wp-block-group is-vertical is-layout-flex wp-container-core-group-is-layout-7d44d595 wp-block-group-is-layout-flex\" style=\"margin-top:var(--wp--preset--spacing--20);margin-bottom:var(--wp--preset--spacing--20);padding-right:var(--wp--preset--spacing--60);padding-left:var(--wp--preset--spacing--60)\">\n<div class=\"wp-block-group is-nowrap is-layout-flex wp-container-core-group-is-layout-581d59e2 wp-block-group-is-layout-flex\" style=\"padding-right:var(--wp--preset--spacing--20);padding-left:var(--wp--preset--spacing--20)\">\n<div class=\"wp-block-group is-vertical is-layout-flex wp-container-core-group-is-layout-fe9cc265 wp-block-group-is-layout-flex\">\n<h2 class=\"wp-block-heading has-text-color has-link-color has-heading-font-family wp-elements-e03e44993bb8e0a2079bbfcabfa3b752\" style=\"color:#ecf0f1;font-style:normal;font-weight:400\"><strong><strong><strong><strong><strong><strong><strong><strong><strong>8. Slapukai<\/strong>&nbsp;<\/strong>&nbsp;<\/strong><\/strong><\/strong>&nbsp;<\/strong>&nbsp;<\/strong><\/strong><\/strong><\/h2>\n\n\n\n<div class=\"wp-block-group is-vertical is-layout-flex wp-container-core-group-is-layout-fe9cc265 wp-block-group-is-layout-flex\">\n<p class=\"has-text-color has-link-color has-heading-font-family has-medium-font-size wp-elements-37f1a14f8baed9779a2e600542a44c49\" style=\"color:#ecf0f1;font-style:normal;font-weight:400\">Naudojame slapukus, kad pagerintume j\u016bs\u0173 nar\u0161ymo patirt\u012f. Slapukai - tai ma\u017ei failai, saugomi j\u016bs\u0173 \u012frenginyje, kurie padeda mums analizuoti interneto sraut\u0105 ir tobulinti m\u016bs\u0173 svetain\u0119. Naudodamiesi m\u016bs\u0173 svetaine sutinkate, kad slapukai b\u016bt\u0173 naudojami pagal m\u016bs\u0173 [Slapuk\u0173 politik\u0105].&nbsp;<\/p>\n<\/div>\n<\/div>\n<\/div>\n<\/div>\n\n\n\n<div class=\"wp-block-group is-vertical is-layout-flex wp-container-core-group-is-layout-7d44d595 wp-block-group-is-layout-flex\" style=\"margin-top:var(--wp--preset--spacing--20);margin-bottom:var(--wp--preset--spacing--20);padding-right:var(--wp--preset--spacing--60);padding-left:var(--wp--preset--spacing--60)\">\n<div class=\"wp-block-group is-nowrap is-layout-flex wp-container-core-group-is-layout-581d59e2 wp-block-group-is-layout-flex\" style=\"padding-right:var(--wp--preset--spacing--20);padding-left:var(--wp--preset--spacing--20)\">\n<div class=\"wp-block-group is-vertical is-layout-flex wp-container-core-group-is-layout-fe9cc265 wp-block-group-is-layout-flex\">\n<h2 class=\"wp-block-heading has-text-color has-link-color has-heading-font-family wp-elements-f79a943faf03d5659d580e0ed632fb22\" style=\"color:#ecf0f1;font-style:normal;font-weight:400\"><strong><strong><strong><strong><strong><strong><strong><strong><strong><strong>9. Duomen\u0173 saugumas<\/strong>&nbsp;<\/strong>&nbsp;<\/strong>&nbsp;<\/strong><\/strong><\/strong>&nbsp;<\/strong>&nbsp;<\/strong><\/strong><\/strong><\/h2>\n\n\n\n<div class=\"wp-block-group is-vertical is-layout-flex wp-container-core-group-is-layout-fe9cc265 wp-block-group-is-layout-flex\">\n<p class=\"has-text-color has-link-color has-heading-font-family has-medium-font-size wp-elements-f44d3cd47d2b801d2ef1652c71a0bd49\" style=\"color:#ecf0f1;font-style:normal;font-weight:400\">\u012egyvendiname saugumo priemones, kad apsaugotume j\u016bs\u0173 asmens duomenis nuo neteis\u0117tos prieigos, atskleidimo, pakeitimo ar sunaikinimo. \u0160ios priemon\u0117s apima \u0161ifravim\u0105, saugius serverius ir prieigos kontrol\u0119.&nbsp;<\/p>\n<\/div>\n<\/div>\n<\/div>\n<\/div>\n\n\n\n<div class=\"wp-block-group is-vertical is-layout-flex wp-container-core-group-is-layout-7d44d595 wp-block-group-is-layout-flex\" style=\"margin-top:var(--wp--preset--spacing--20);margin-bottom:var(--wp--preset--spacing--20);padding-right:var(--wp--preset--spacing--60);padding-left:var(--wp--preset--spacing--60)\">\n<div class=\"wp-block-group is-nowrap is-layout-flex wp-container-core-group-is-layout-581d59e2 wp-block-group-is-layout-flex\" style=\"padding-right:var(--wp--preset--spacing--20);padding-left:var(--wp--preset--spacing--20)\">\n<div class=\"wp-block-group is-vertical is-layout-flex wp-container-core-group-is-layout-fe9cc265 wp-block-group-is-layout-flex\">\n<h2 class=\"wp-block-heading has-text-color has-link-color has-heading-font-family wp-elements-91f3d711476b99c2ba77f1554d42ae2e\" style=\"color:#ecf0f1;font-style:normal;font-weight:400\"><strong><strong><strong><strong><strong><strong><strong><strong><strong><strong><strong>10. Privatumo politikos pakeitimai<\/strong>&nbsp;<\/strong>&nbsp;<\/strong>&nbsp;<\/strong>&nbsp;<\/strong><\/strong><\/strong>&nbsp;<\/strong>&nbsp;<\/strong><\/strong><\/strong><\/h2>\n\n\n\n<div class=\"wp-block-group is-vertical is-layout-flex wp-container-core-group-is-layout-fe9cc265 wp-block-group-is-layout-flex\">\n<p class=\"has-text-color has-link-color has-heading-font-family has-medium-font-size wp-elements-749f4c37904ff20faa7acb26d3930bef\" style=\"color:#ecf0f1;font-style:normal;font-weight:400\">Kartais galime atnaujinti \u0161i\u0105 privatumo politik\u0105. Visi pakeitimai bus skelbiami \u0161iame puslapyje, o prireikus apie juos informuosime el. pa\u0161tu.&nbsp;<\/p>\n<\/div>\n<\/div>\n<\/div>\n<\/div>\n\n\n\n<div class=\"wp-block-group is-vertical is-layout-flex wp-container-core-group-is-layout-7d44d595 wp-block-group-is-layout-flex\" style=\"margin-top:var(--wp--preset--spacing--20);margin-bottom:var(--wp--preset--spacing--20);padding-right:var(--wp--preset--spacing--60);padding-left:var(--wp--preset--spacing--60)\">\n<div class=\"wp-block-group is-nowrap is-layout-flex wp-container-core-group-is-layout-581d59e2 wp-block-group-is-layout-flex\" style=\"padding-right:var(--wp--preset--spacing--20);padding-left:var(--wp--preset--spacing--20)\">\n<div class=\"wp-block-group is-vertical is-layout-flex wp-container-core-group-is-layout-fe9cc265 wp-block-group-is-layout-flex\">\n<h2 class=\"wp-block-heading has-text-color has-link-color has-heading-font-family wp-elements-4e69674fe98030e61acf8f5727355a8e\" style=\"color:#ecf0f1;font-style:normal;font-weight:400\"><strong><strong><strong><strong><strong><strong><strong><strong><strong><strong><strong><strong><strong>Susisiekite<\/strong>&nbsp;<\/strong><\/strong><\/strong><\/strong>&nbsp;<\/strong>&nbsp;<\/strong>&nbsp;<\/strong>&nbsp;<\/strong><\/strong><\/strong><\/strong><\/strong><\/h2>\n\n\n\n<p class=\"has-text-color has-link-color has-heading-font-family has-medium-font-size wp-elements-8d3981ef7b2b8b3b1e96b9040c546836\" style=\"color:#ecf0f1;font-style:normal;font-weight:400\">Jei turite klausim\u0173 ar abejoni\u0173 d\u0117l to, kaip tvarkome j\u016bs\u0173 asmens duomenis, arba jei norite pasinaudoti savo teis\u0117mis, susisiekite su mumis \u0161iuo adresu:&nbsp;<\/p>\n\n\n\n<p>Kaida Stay<\/p>\n\n\n\n<p>El. pa\u0161tas: hola@kaidastay.com<\/p>\n\n\n\n<p>Telefonas: +34 62 360 2332<\/p>\n<\/div>\n<\/div>\n<\/div>","protected":false},"excerpt":{"rendered":"<p>General Data Protection Regulation At Kaida Stay, we are committed to protecting the privacy and personal data of our users. This Privacy Policy outlines how we collect, use, and protect your data in compliance with the General Data Protection Regulation (GDPR).&nbsp; 1. Data Controller&nbsp; Kaida Stay&nbsp; Email: hola@kaidastay.com&nbsp; Address: Monteolivo 36, Co\u00edn 29100, Malaga, Espa\u00f1a. [&hellip;]<\/p>","protected":false},"author":1,"featured_media":0,"parent":0,"menu_order":0,"comment_status":"closed","ping_status":"closed","template":"page-no-title","meta":{"_acf_changed":false,"footnotes":""},"class_list":["post-1088","page","type-page","status-publish","hentry"],"acf":[],"_links":{"self":[{"href":"https:\/\/kaidastay.com\/lt\/wp-json\/wp\/v2\/pages\/1088","targetHints":{"allow":["GET"]}}],"collection":[{"href":"https:\/\/kaidastay.com\/lt\/wp-json\/wp\/v2\/pages"}],"about":[{"href":"https:\/\/kaidastay.com\/lt\/wp-json\/wp\/v2\/types\/page"}],"author":[{"embeddable":true,"href":"https:\/\/kaidastay.com\/lt\/wp-json\/wp\/v2\/users\/1"}],"replies":[{"embeddable":true,"href":"https:\/\/kaidastay.com\/lt\/wp-json\/wp\/v2\/comments?post=1088"}],"version-history":[{"count":2,"href":"https:\/\/kaidastay.com\/lt\/wp-json\/wp\/v2\/pages\/1088\/revisions"}],"predecessor-version":[{"id":1440,"href":"https:\/\/kaidastay.com\/lt\/wp-json\/wp\/v2\/pages\/1088\/revisions\/1440"}],"wp:attachment":[{"href":"https:\/\/kaidastay.com\/lt\/wp-json\/wp\/v2\/media?parent=1088"}],"curies":[{"name":"wp","href":"https:\/\/api.w.org\/{rel}","templated":true}]}}