{"id":144,"date":"2024-09-08T20:35:55","date_gmt":"2024-09-08T20:35:55","guid":{"rendered":"https:\/\/kaidastay.com\/?page_id=144"},"modified":"2024-12-16T20:47:15","modified_gmt":"2024-12-16T19:47:15","slug":"owners-property-management","status":"publish","type":"page","link":"https:\/\/kaidastay.com\/lt\/owners-property-management\/","title":{"rendered":"Nekilnojamojo turto prie\u017ei\u016bra"},"content":{"rendered":"<div class=\"wp-block-group has-background has-global-padding is-layout-constrained wp-container-core-group-is-layout-b032f2a4 wp-block-group-is-layout-constrained\" style=\"background-color:#ecf0f1;margin-top:0;margin-bottom:0;padding-top:var(--wp--preset--spacing--10);padding-right:0;padding-bottom:var(--wp--preset--spacing--10);padding-left:0\">\n<h1 class=\"wp-block-heading has-text-align-center has-text-color has-link-color wp-elements-863c99ec1a519c83ead75a7c808bee67\" style=\"color:#34495e;font-size:4vh;font-style:normal;font-weight:700\">Paslaugos. Nekilnojamojo turto prie\u017ei\u016bra<\/h1>\n\n\n\n<h2 class=\"wp-block-heading has-text-align-center is-style-default has-text-color has-link-color wp-elements-a4deb2ddfa3e47033298c5aecb648868\" style=\"color:#34495e;font-size:2.5vh\">J\u016bs\u0173 nuosavyb\u0117 - m\u016bs\u0173 prie\u017ei\u016bra. Paruo\u0161ta ir saugi j\u016bs\u0173 atostogoms<\/h2>\n<\/div>\n\n\n\n<div class=\"wp-block-group has-background is-content-justification-center is-layout-flex wp-container-core-group-is-layout-d1e46979 wp-block-group-is-layout-flex\" style=\"background-color:#ecf0f1;padding-top:var(--wp--preset--spacing--10);padding-bottom:var(--wp--preset--spacing--10)\">\n<div class=\"wp-block-group has-background is-vertical is-content-justification-stretch is-nowrap is-layout-flex wp-container-core-group-is-layout-a5b16306 wp-block-group-is-layout-flex\" style=\"background-color:#ecf0f1;margin-top:0;margin-bottom:0;padding-top:var(--wp--preset--spacing--20);padding-right:var(--wp--preset--spacing--30);padding-bottom:var(--wp--preset--spacing--20);padding-left:var(--wp--preset--spacing--30)\">\n<div class=\"wp-block-group is-content-justification-left is-nowrap is-layout-flex wp-container-core-group-is-layout-fc9f69e7 wp-block-group-is-layout-flex\">\n<figure class=\"wp-block-image size-full is-resized\"><img loading=\"lazy\" decoding=\"async\" width=\"1563\" height=\"1563\" src=\"https:\/\/kaidastay.com\/wp-content\/uploads\/2024\/09\/Inspection-1.png\" alt=\"\" class=\"wp-image-99\" style=\"width:60px\" srcset=\"https:\/\/kaidastay.com\/wp-content\/uploads\/2024\/09\/Inspection-1.png 1563w, https:\/\/kaidastay.com\/wp-content\/uploads\/2024\/09\/Inspection-1-300x300.png 300w, https:\/\/kaidastay.com\/wp-content\/uploads\/2024\/09\/Inspection-1-1024x1024.png 1024w, https:\/\/kaidastay.com\/wp-content\/uploads\/2024\/09\/Inspection-1-150x150.png 150w, https:\/\/kaidastay.com\/wp-content\/uploads\/2024\/09\/Inspection-1-768x768.png 768w, https:\/\/kaidastay.com\/wp-content\/uploads\/2024\/09\/Inspection-1-1536x1536.png 1536w\" sizes=\"auto, (max-width: 1563px) 100vw, 1563px\" \/><\/figure>\n\n\n\n<p class=\"has-text-align-center has-text-color has-link-color has-heading-font-family wp-elements-0ff7d24e73a4039162a67654417765bc\" style=\"color:#34495e;font-size:2vh;font-style:normal;font-weight:700\">Tikrinimas ir ataskait\u0173 teikimas<\/p>\n<\/div>\n\n\n\n<div class=\"wp-block-group has-text-color has-link-color wp-elements-9b00447554f88bedd8ac6d11ef9b0653 is-nowrap is-layout-flex wp-container-core-group-is-layout-6c531013 wp-block-group-is-layout-flex\" style=\"color:#34495e\">\n<figure class=\"wp-block-image size-full is-resized\"><img loading=\"lazy\" decoding=\"async\" width=\"1563\" height=\"1563\" src=\"https:\/\/kaidastay.com\/wp-content\/uploads\/2024\/09\/Key-holding.png\" alt=\"\" class=\"wp-image-100\" style=\"width:60px\" srcset=\"https:\/\/kaidastay.com\/wp-content\/uploads\/2024\/09\/Key-holding.png 1563w, https:\/\/kaidastay.com\/wp-content\/uploads\/2024\/09\/Key-holding-300x300.png 300w, https:\/\/kaidastay.com\/wp-content\/uploads\/2024\/09\/Key-holding-1024x1024.png 1024w, https:\/\/kaidastay.com\/wp-content\/uploads\/2024\/09\/Key-holding-150x150.png 150w, https:\/\/kaidastay.com\/wp-content\/uploads\/2024\/09\/Key-holding-768x768.png 768w, https:\/\/kaidastay.com\/wp-content\/uploads\/2024\/09\/Key-holding-1536x1536.png 1536w\" sizes=\"auto, (max-width: 1563px) 100vw, 1563px\" \/><\/figure>\n\n\n\n<p class=\"has-text-align-center has-heading-font-family\" style=\"font-size:2vh;font-style:normal;font-weight:700\">Rakt\u0173 saugojimas<\/p>\n<\/div>\n\n\n\n<div class=\"wp-block-group has-text-color has-link-color wp-elements-0b2bd22227f7c09158d823c75ddd62c3 is-nowrap is-layout-flex wp-container-core-group-is-layout-6c531013 wp-block-group-is-layout-flex\" style=\"color:#34495e\">\n<figure class=\"wp-block-image size-full is-resized\"><img loading=\"lazy\" decoding=\"async\" width=\"1563\" height=\"1563\" src=\"https:\/\/kaidastay.com\/wp-content\/uploads\/2024\/09\/Mail-handling.png\" alt=\"\" class=\"wp-image-101\" style=\"width:60px\" srcset=\"https:\/\/kaidastay.com\/wp-content\/uploads\/2024\/09\/Mail-handling.png 1563w, https:\/\/kaidastay.com\/wp-content\/uploads\/2024\/09\/Mail-handling-300x300.png 300w, https:\/\/kaidastay.com\/wp-content\/uploads\/2024\/09\/Mail-handling-1024x1024.png 1024w, https:\/\/kaidastay.com\/wp-content\/uploads\/2024\/09\/Mail-handling-150x150.png 150w, https:\/\/kaidastay.com\/wp-content\/uploads\/2024\/09\/Mail-handling-768x768.png 768w, https:\/\/kaidastay.com\/wp-content\/uploads\/2024\/09\/Mail-handling-1536x1536.png 1536w\" sizes=\"auto, (max-width: 1563px) 100vw, 1563px\" \/><\/figure>\n\n\n\n<p class=\"has-text-align-center has-heading-font-family\" style=\"font-size:2vh;font-style:normal;font-weight:700\">Pa\u0161to d\u0117\u017eut\u0117s administravimas<\/p>\n<\/div>\n\n\n\n<div class=\"wp-block-group is-nowrap is-layout-flex wp-container-core-group-is-layout-6c531013 wp-block-group-is-layout-flex\">\n<figure class=\"wp-block-image size-full is-resized\"><img loading=\"lazy\" decoding=\"async\" width=\"1563\" height=\"1563\" src=\"https:\/\/kaidastay.com\/wp-content\/uploads\/2024\/09\/Meintenance-management.png\" alt=\"\" class=\"wp-image-102\" style=\"width:60px\" srcset=\"https:\/\/kaidastay.com\/wp-content\/uploads\/2024\/09\/Meintenance-management.png 1563w, https:\/\/kaidastay.com\/wp-content\/uploads\/2024\/09\/Meintenance-management-300x300.png 300w, https:\/\/kaidastay.com\/wp-content\/uploads\/2024\/09\/Meintenance-management-1024x1024.png 1024w, https:\/\/kaidastay.com\/wp-content\/uploads\/2024\/09\/Meintenance-management-150x150.png 150w, https:\/\/kaidastay.com\/wp-content\/uploads\/2024\/09\/Meintenance-management-768x768.png 768w, https:\/\/kaidastay.com\/wp-content\/uploads\/2024\/09\/Meintenance-management-1536x1536.png 1536w\" sizes=\"auto, (max-width: 1563px) 100vw, 1563px\" \/><\/figure>\n\n\n\n<p class=\"has-text-align-center has-text-color has-link-color has-heading-font-family wp-elements-566e61f9425c7bd37b8d0af670115c86\" style=\"color:#34495e;font-size:2vh;font-style:normal;font-weight:700\">Remonto darb\u0173 organizavimas<\/p>\n<\/div>\n\n\n\n<div class=\"wp-block-group is-nowrap is-layout-flex wp-container-core-group-is-layout-6c531013 wp-block-group-is-layout-flex\">\n<figure class=\"wp-block-image size-full is-resized\"><img loading=\"lazy\" decoding=\"async\" width=\"1563\" height=\"1563\" src=\"https:\/\/kaidastay.com\/wp-content\/uploads\/2024\/09\/Cleaning-Housekeeping.png\" alt=\"\" class=\"wp-image-103\" style=\"width:60px\" srcset=\"https:\/\/kaidastay.com\/wp-content\/uploads\/2024\/09\/Cleaning-Housekeeping.png 1563w, https:\/\/kaidastay.com\/wp-content\/uploads\/2024\/09\/Cleaning-Housekeeping-300x300.png 300w, https:\/\/kaidastay.com\/wp-content\/uploads\/2024\/09\/Cleaning-Housekeeping-1024x1024.png 1024w, https:\/\/kaidastay.com\/wp-content\/uploads\/2024\/09\/Cleaning-Housekeeping-150x150.png 150w, https:\/\/kaidastay.com\/wp-content\/uploads\/2024\/09\/Cleaning-Housekeeping-768x768.png 768w, https:\/\/kaidastay.com\/wp-content\/uploads\/2024\/09\/Cleaning-Housekeeping-1536x1536.png 1536w\" sizes=\"auto, (max-width: 1563px) 100vw, 1563px\" \/><\/figure>\n\n\n\n<p class=\"has-text-align-center has-text-color has-link-color has-heading-font-family wp-elements-db405b875fa8da537345f4475348f674\" style=\"color:#34495e;font-size:2vh;font-style:normal;font-weight:700\">Valymo paslaugos<\/p>\n<\/div>\n\n\n\n<div class=\"wp-block-group is-nowrap is-layout-flex wp-container-core-group-is-layout-6c531013 wp-block-group-is-layout-flex\">\n<figure class=\"wp-block-image size-full is-resized\"><img loading=\"lazy\" decoding=\"async\" width=\"1563\" height=\"1563\" src=\"https:\/\/kaidastay.com\/wp-content\/uploads\/2024\/09\/Concierge-Service.png\" alt=\"\" class=\"wp-image-104\" style=\"width:60px\" srcset=\"https:\/\/kaidastay.com\/wp-content\/uploads\/2024\/09\/Concierge-Service.png 1563w, https:\/\/kaidastay.com\/wp-content\/uploads\/2024\/09\/Concierge-Service-300x300.png 300w, https:\/\/kaidastay.com\/wp-content\/uploads\/2024\/09\/Concierge-Service-1024x1024.png 1024w, https:\/\/kaidastay.com\/wp-content\/uploads\/2024\/09\/Concierge-Service-150x150.png 150w, https:\/\/kaidastay.com\/wp-content\/uploads\/2024\/09\/Concierge-Service-768x768.png 768w, https:\/\/kaidastay.com\/wp-content\/uploads\/2024\/09\/Concierge-Service-1536x1536.png 1536w\" sizes=\"auto, (max-width: 1563px) 100vw, 1563px\" \/><\/figure>\n\n\n\n<p class=\"has-text-align-center has-text-color has-link-color has-heading-font-family wp-elements-8a8eeb06618aedc88d45d61fd4138ba3\" style=\"color:#34495e;font-size:2vh;font-style:normal;font-weight:700\">Papildomos paslaugos<\/p>\n<\/div>\n<\/div>\n\n\n\n<div class=\"wp-block-group is-vertical is-content-justification-stretch is-nowrap is-layout-flex wp-container-core-group-is-layout-5b999852 wp-block-group-is-layout-flex\" style=\"padding-top:var(--wp--preset--spacing--20);padding-right:var(--wp--preset--spacing--50);padding-bottom:var(--wp--preset--spacing--20);padding-left:var(--wp--preset--spacing--50)\">\n<p class=\"has-text-color has-link-color has-heading-font-family wp-elements-cc9d19811cfc1673433b10b75e2accf7 translation-block\" style=\"color:#34495e;font-size:2vh;font-style:normal;font-weight:400\"><strong>M\u0117nesinis b\u016bsto patikrinimas: <\/strong> siekiant u\u017etikrinti maksimali\u0105 b\u016bsto prie\u017ei\u016br\u0105 ir saugum\u0105.<\/p>\n\n\n\n<p class=\"has-text-color has-link-color has-heading-font-family wp-elements-a39d796f0bae7e15c44a7cb9177b7a04\" style=\"color:#34495e;font-size:2vh;font-style:normal;font-weight:400\"><strong><strong>S\u0105ra\u0161o sudarymas:<\/strong><\/strong> detalus b\u016bsto patikrinimas.<\/p>\n\n\n\n<p class=\"has-text-color has-link-color has-heading-font-family wp-elements-c7180dbe706b0198d0321a51eca522e0\" style=\"color:#34495e;font-size:2vh;font-style:normal;font-weight:500\"><strong>Nuotraukos ir ataskaitos: <\/strong>kasm\u0117nesin\u0117 b\u016bsto ataskaita su nuotraukomis ir apra\u0161ymu.<\/p>\n<\/div>\n<\/div>\n\n\n\n<main class=\"wp-block-group has-text-color has-background has-link-color wp-elements-d2ca55dba882e5efc35ac95621a476f3 is-content-justification-center is-layout-flex wp-container-core-group-is-layout-a41c1a53 wp-block-group-is-layout-flex\" style=\"color:#ecf0f1;background-color:#2c3e50;margin-top:0;padding-top:var(--wp--preset--spacing--30);padding-bottom:var(--wp--preset--spacing--30)\">\n<div class=\"wp-block-group has-background has-global-padding is-layout-constrained wp-container-core-group-is-layout-7b727929 wp-block-group-is-layout-constrained\" style=\"border-radius:30px;background-color:#ecf0f1;margin-top:0;margin-bottom:0;padding-top:var(--wp--preset--spacing--20);padding-right:var(--wp--preset--spacing--30);padding-bottom:var(--wp--preset--spacing--20);padding-left:var(--wp--preset--spacing--30)\">\n<p class=\"has-text-align-center has-text-color has-link-color has-heading-font-family wp-elements-d1db32a59ba97aeccdc9ee5f5c277c77\" style=\"color:#34495e;font-size:3.5vh;font-style:normal;font-weight:400\">Standartinis paketas<\/p>\n\n\n\n<div class=\"wp-block-group has-global-padding is-layout-constrained wp-container-core-group-is-layout-c9115f92 wp-block-group-is-layout-constrained\" style=\"padding-right:var(--wp--preset--spacing--20);padding-left:var(--wp--preset--spacing--20)\">\n<p class=\"has-text-color has-link-color has-heading-font-family wp-elements-1dd6cc278905ad4c2835a071555a28fe wp-container-content-c9763a5f\" style=\"color:#34495e;font-size:2.5vh;font-style:normal;font-weight:400\">M\u0117nesinis b\u016bsto patikrinimas<\/p>\n\n\n\n<p class=\"has-text-color has-link-color has-heading-font-family wp-elements-92b43118d288603dd0db58d194011011 wp-container-content-c9763a5f\" style=\"color:#34495e;font-size:2.5vh;font-style:normal;font-weight:500\">Detalus b\u016bsto \u012fvertinimas<\/p>\n\n\n\n<p class=\"has-text-color has-link-color has-heading-font-family wp-elements-1456961f00a3d51342d0cafa14ddca0e wp-container-content-c9763a5f\" style=\"color:#34495e;font-size:2.5vh;font-style:normal;font-weight:500\">Vandens pratek\u0117jimo ir santechnikos patikra<\/p>\n\n\n\n<p class=\"has-text-color has-link-color has-heading-font-family wp-elements-6c3c44941a53858fdbfd7fdf734caa22 wp-container-content-c9763a5f\" style=\"color:#34495e;font-size:2.5vh;font-style:normal;font-weight:500\">Elektros ir \u0161viestuv\u0173 patikrinimas<\/p>\n\n\n\n<p class=\"has-text-color has-link-color has-heading-font-family wp-elements-e16085fb8646b1831747991aa03ee3e6 wp-container-content-c9763a5f\" style=\"color:#34495e;font-size:2.5vh;font-style:normal;font-weight:500\">Buitini\u0173 prietais\u0173 patikrinimas<\/p>\n\n\n\n<p class=\"has-text-color has-link-color has-heading-font-family wp-elements-309624d0b9187c78a4e8034c2653b949 wp-container-content-c9763a5f\" style=\"color:#34495e;font-size:2.5vh;font-style:normal;font-weight:500\">Pagalba skubos atvejais 24\/7<\/p>\n\n\n\n<p class=\"has-text-color has-link-color has-heading-font-family wp-elements-78563102bce00a67824a35fb7def4e39 wp-container-content-c9763a5f\" style=\"color:#34495e;font-size:2.5vh;font-style:normal;font-weight:500\">Rakt\u0173 saugojimas<\/p>\n\n\n\n<p class=\"has-text-color has-link-color has-heading-font-family wp-elements-84c9c8d34c98d116c898ed00197e99f0 wp-container-content-c9763a5f\" style=\"color:#34495e;font-size:2.5vh;font-style:normal;font-weight:500\">Pa\u0161to administravimas<\/p>\n\n\n\n<p class=\"has-text-color has-link-color has-heading-font-family wp-elements-5252fcf761a639c9d9ee9759b5c83e2c wp-container-content-c9763a5f\" style=\"color:#34495e;font-size:2.5vh;font-style:normal;font-weight:500\">Patarimai d\u0117l remonto<\/p>\n\n\n\n<p class=\"has-text-color has-link-color has-heading-font-family wp-elements-457bbca0f2c33f59a85dedeeb0c41759 wp-container-content-c9763a5f\" style=\"color:#34495e;font-size:2.5vh;font-style:normal;font-weight:500\">M\u0117nesinis b\u016bsto v\u0117dinimas<\/p>\n\n\n\n<p class=\"has-text-color has-link-color has-heading-font-family wp-elements-bb96a4b52711b355649eaaa70b3ac909 wp-container-content-c9763a5f\" style=\"color:#34495e;font-size:2.5vh;font-style:normal;font-weight:500\">M\u0117nesin\u0117 ataskaita<\/p>\n<\/div>\n\n\n\n<p class=\"has-text-align-center has-text-color has-link-color has-heading-font-family wp-elements-24e629f932cb2cf5b32c4c2977273a10\" style=\"color:#34495e;font-size:3.5vh;font-style:normal;font-weight:500\">Nuo 40 Eur\/ m\u0117nes\u012f<\/p>\n\n\n\n<div class=\"wp-block-buttons is-content-justification-center is-layout-flex wp-container-core-buttons-is-layout-a89b3969 wp-block-buttons-is-layout-flex\">\n<div class=\"wp-block-button has-custom-font-size has-body-font-family\" style=\"font-size:2vh;font-style:normal;font-weight:700\"><a class=\"wp-block-button__link has-text-color has-background has-link-color has-border-color wp-element-button\" href=\"https:\/\/kaidastay.com\/lt\/register_1\/\" style=\"border-color:#34495e;border-style:solid;border-width:2px;border-radius:20px;color:#ecf0f1;background-color:#1a7a89;padding-top:var(--wp--preset--spacing--10);padding-right:var(--wp--preset--spacing--30);padding-bottom:var(--wp--preset--spacing--10);padding-left:var(--wp--preset--spacing--30)\">Registruotis<\/a><\/div>\n<\/div>\n<\/div>\n\n\n\n<div class=\"wp-block-group wp-container-content-efc64ef7 has-global-padding is-layout-constrained wp-container-core-group-is-layout-a4e526f7 wp-block-group-is-layout-constrained\" style=\"padding-top:0;padding-bottom:0\">\n<h3 class=\"wp-block-heading alignfull has-text-align-center is-style-default has-text-color has-link-color wp-elements-883fc1e960f77168f41675b873e526e2\" style=\"color:#f39c12;font-size:3vh\">\"Nuo Vidur\u017eemio j\u016bros pakrant\u0117s iki kaln\u0173 miest\u0173 ir miesteli\u0173 u\u017etikriname ir pri\u017ei\u016brime J\u016bs\u0173 turt\u0105.\"<\/h3>\n\n\n\n<div style=\"height:3vh;width:0px\" aria-hidden=\"true\" class=\"wp-block-spacer\"><\/div>\n\n\n\n<figure class=\"wp-block-image alignwide size-large\"><img loading=\"lazy\" decoding=\"async\" width=\"724\" height=\"1024\" src=\"https:\/\/kaidastay.com\/wp-content\/uploads\/2024\/09\/Web-Pic-AI-2-1-724x1024.png\" alt=\"\" class=\"wp-image-909\" srcset=\"https:\/\/kaidastay.com\/wp-content\/uploads\/2024\/09\/Web-Pic-AI-2-1-724x1024.png 724w, https:\/\/kaidastay.com\/wp-content\/uploads\/2024\/09\/Web-Pic-AI-2-1-212x300.png 212w, https:\/\/kaidastay.com\/wp-content\/uploads\/2024\/09\/Web-Pic-AI-2-1-768x1086.png 768w, https:\/\/kaidastay.com\/wp-content\/uploads\/2024\/09\/Web-Pic-AI-2-1.png 794w\" sizes=\"auto, (max-width: 724px) 100vw, 724px\" \/><\/figure>\n<\/div>\n<\/main>\n\n\n\n<p><\/p>","protected":false},"excerpt":{"rendered":"<p>Services. Owners Property Care Your Property &#8211; Our Care. Ready &amp; Safe for Your Vacations Inspection &amp; Reporting Key Holding Mail Handling Maintenance Management Cleaning &amp; Housekeeping Concierge Service Monthly visits: Conduct regular inspections to maintain property standards. Checklist Preparation: Use a detailed checklist to review all key areas. Photos and Reports: Provide monthly photo [&hellip;]<\/p>","protected":false},"author":1,"featured_media":0,"parent":0,"menu_order":0,"comment_status":"closed","ping_status":"closed","template":"page-no-title","meta":{"_acf_changed":false,"footnotes":""},"class_list":["post-144","page","type-page","status-publish","hentry"],"acf":[],"_links":{"self":[{"href":"https:\/\/kaidastay.com\/lt\/wp-json\/wp\/v2\/pages\/144","targetHints":{"allow":["GET"]}}],"collection":[{"href":"https:\/\/kaidastay.com\/lt\/wp-json\/wp\/v2\/pages"}],"about":[{"href":"https:\/\/kaidastay.com\/lt\/wp-json\/wp\/v2\/types\/page"}],"author":[{"embeddable":true,"href":"https:\/\/kaidastay.com\/lt\/wp-json\/wp\/v2\/users\/1"}],"replies":[{"embeddable":true,"href":"https:\/\/kaidastay.com\/lt\/wp-json\/wp\/v2\/comments?post=144"}],"version-history":[{"count":13,"href":"https:\/\/kaidastay.com\/lt\/wp-json\/wp\/v2\/pages\/144\/revisions"}],"predecessor-version":[{"id":1243,"href":"https:\/\/kaidastay.com\/lt\/wp-json\/wp\/v2\/pages\/144\/revisions\/1243"}],"wp:attachment":[{"href":"https:\/\/kaidastay.com\/lt\/wp-json\/wp\/v2\/media?parent=144"}],"curies":[{"name":"wp","href":"https:\/\/api.w.org\/{rel}","templated":true}]}}