{"id":168,"date":"2024-09-08T21:30:27","date_gmt":"2024-09-08T21:30:27","guid":{"rendered":"https:\/\/kaidastay.com\/?page_id=168"},"modified":"2024-12-14T10:23:55","modified_gmt":"2024-12-14T10:23:55","slug":"free-rental-analysis","status":"publish","type":"page","link":"https:\/\/kaidastay.com\/lt\/free-rental-analysis\/","title":{"rendered":"Gauti nuomos prognoz\u0119"},"content":{"rendered":"<div class=\"wp-block-group has-global-padding is-layout-constrained wp-container-core-group-is-layout-86dba5ee wp-block-group-is-layout-constrained\" style=\"border-radius:20px;padding-top:var(--wp--preset--spacing--10);padding-right:var(--wp--preset--spacing--10);padding-bottom:var(--wp--preset--spacing--10);padding-left:var(--wp--preset--spacing--10)\">\n<div class=\"wp-block-group alignwide has-background is-content-justification-center is-layout-flex wp-container-core-group-is-layout-1430c736 wp-block-group-is-layout-flex\" style=\"border-radius:25px;background-color:#ecf0f1;padding-top:var(--wp--preset--spacing--20);padding-right:0;padding-bottom:var(--wp--preset--spacing--20);padding-left:0\">\n<div class=\"wp-block-group wp-container-content-2986cc17 is-vertical is-content-justification-center is-nowrap is-layout-flex wp-container-core-group-is-layout-94d38333 wp-block-group-is-layout-flex\" style=\"margin-top:var(--wp--preset--spacing--30);margin-bottom:var(--wp--preset--spacing--30);padding-right:var(--wp--preset--spacing--30);padding-left:var(--wp--preset--spacing--30)\">\n<h2 class=\"wp-block-heading has-text-align-center has-text-color has-link-color has-heading-font-family wp-elements-51ff17f80f90cb0fd04e9564e15eade2\" style=\"color:#34495e;font-size:3.5vh\">Vos 2 \u017eingsniai ir nemokama nuomos prognoz\u0117<\/h2>\n\n\n\n<h3 class=\"wp-block-heading has-text-align-center is-style-default has-text-color has-link-color wp-elements-a4effc9d5241b660afe966de9124e6c9\" style=\"color:#34495e;font-size:2vh\">Nesvarbu, ar nuomojat\u0117s, ar ie\u0161kote naujo partnerio. Atraskite savo turto nuomos potencial\u0105.<\/h3>\n\n\n\n<figure class=\"wp-block-image size-large is-resized\"><img loading=\"lazy\" decoding=\"async\" width=\"1024\" height=\"256\" src=\"https:\/\/kaidastay.com\/wp-content\/uploads\/2024\/09\/Loading-logo-1024x256.png\" alt=\"\" class=\"wp-image-173\" style=\"width:248px;height:auto\" srcset=\"https:\/\/kaidastay.com\/wp-content\/uploads\/2024\/09\/Loading-logo-1024x256.png 1024w, https:\/\/kaidastay.com\/wp-content\/uploads\/2024\/09\/Loading-logo-300x75.png 300w, https:\/\/kaidastay.com\/wp-content\/uploads\/2024\/09\/Loading-logo-768x192.png 768w, https:\/\/kaidastay.com\/wp-content\/uploads\/2024\/09\/Loading-logo-1536x384.png 1536w, https:\/\/kaidastay.com\/wp-content\/uploads\/2024\/09\/Loading-logo-2048x512.png 2048w\" sizes=\"auto, (max-width: 1024px) 100vw, 1024px\" \/><\/figure>\n<\/div>\n\n\n\n<div class=\"wp-block-group wp-container-content-2986cc17 has-global-padding is-layout-constrained wp-block-group-is-layout-constrained\"><style id=\"wpforms-css-vars-root\">\n\t\t\t\t:root {\n\t\t\t\t\t--wpforms-field-border-radius: 3px;\n--wpforms-field-border-style: solid;\n--wpforms-field-border-size: 1px;\n--wpforms-field-background-color: #ffffff;\n--wpforms-field-border-color: rgba( 0, 0, 0, 0.25 );\n--wpforms-field-border-color-spare: rgba( 0, 0, 0, 0.25 );\n--wpforms-field-text-color: rgba( 0, 0, 0, 0.7 );\n--wpforms-field-menu-color: #ffffff;\n--wpforms-label-color: rgba( 0, 0, 0, 0.85 );\n--wpforms-label-sublabel-color: rgba( 0, 0, 0, 0.55 );\n--wpforms-label-error-color: #d63637;\n--wpforms-button-border-radius: 3px;\n--wpforms-button-border-style: none;\n--wpforms-button-border-size: 1px;\n--wpforms-button-background-color: #066aab;\n--wpforms-button-border-color: #066aab;\n--wpforms-button-text-color: #ffffff;\n--wpforms-page-break-color: #066aab;\n--wpforms-background-image: none;\n--wpforms-background-position: center center;\n--wpforms-background-repeat: no-repeat;\n--wpforms-background-size: cover;\n--wpforms-background-width: 100px;\n--wpforms-background-height: 100px;\n--wpforms-background-color: rgba( 0, 0, 0, 0 );\n--wpforms-background-url: none;\n--wpforms-container-padding: 0px;\n--wpforms-container-border-style: none;\n--wpforms-container-border-width: 1px;\n--wpforms-container-border-color: #000000;\n--wpforms-container-border-radius: 3px;\n--wpforms-field-size-input-height: 43px;\n--wpforms-field-size-input-spacing: 15px;\n--wpforms-field-size-font-size: 16px;\n--wpforms-field-size-line-height: 19px;\n--wpforms-field-size-padding-h: 14px;\n--wpforms-field-size-checkbox-size: 16px;\n--wpforms-field-size-sublabel-spacing: 5px;\n--wpforms-field-size-icon-size: 1;\n--wpforms-label-size-font-size: 16px;\n--wpforms-label-size-line-height: 19px;\n--wpforms-label-size-sublabel-font-size: 14px;\n--wpforms-label-size-sublabel-line-height: 17px;\n--wpforms-button-size-font-size: 17px;\n--wpforms-button-size-height: 41px;\n--wpforms-button-size-padding-h: 15px;\n--wpforms-button-size-margin-top: 10px;\n--wpforms-container-shadow-size-box-shadow: none;\n\n\t\t\t\t}\n\t\t\t<\/style><style id=\"wpforms-css-vars-192-block-9fe7d80b-36c6-4497-87b8-9c1d3e17e2c6\">\n\t\t\t\t#wpforms-192.wpforms-block-9fe7d80b-36c6-4497-87b8-9c1d3e17e2c6 {\n\t\t\t\t\t--wpforms-label-color: #1a7a89;\n--wpforms-label-error-color: #f39c12;\n--wpforms-field-border-size: 3px;\n--wpforms-field-border-radius: 20px;\n--wpforms-field-background-color: #ecf0f1;\n--wpforms-field-border-color: #1a7a89;\n--wpforms-field-border-color-spare: #1a7a89;\n--wpforms-field-text-color: #1a7a89;\n--wpforms-field-menu-color: #f9f9f9;\n--wpforms-button-border-radius: 25px;\n--wpforms-button-background-color: #f39c12;\n--wpforms-button-text-color: #1a7a89;\n--wpforms-background-color: #fafafa00;\n--wpforms-field-size-input-height: 50px;\n--wpforms-field-size-input-spacing: 20px;\n--wpforms-field-size-font-size: 18px;\n--wpforms-field-size-line-height: 21px;\n--wpforms-field-size-padding-h: 14px;\n--wpforms-field-size-checkbox-size: 18px;\n--wpforms-field-size-sublabel-spacing: 10px;\n--wpforms-field-size-icon-size: 1.25;\n--wpforms-label-size-font-size: 14px;\n--wpforms-label-size-line-height: 17px;\n--wpforms-label-size-sublabel-font-size: 13px;\n--wpforms-label-size-sublabel-line-height: 16px;\n--wpforms-button-size-font-size: 20px;\n--wpforms-button-size-height: 48px;\n--wpforms-button-size-padding-h: 20px;\n--wpforms-button-size-margin-top: 15px;\n\n\t\t\t\t}\n\t\t\t<\/style><style id=\"wpforms-custom-css-192-block-9fe7d80b-36c6-4497-87b8-9c1d3e17e2c6\">\n\t\t\t\t#wpforms-192 .wpforms-submit {\n    display: block;\n    margin: 20px auto;\n    text-align: ;\n}\n\t\t\t<\/style><div class=\"wpforms-container wpforms-container-full wpforms-block wpforms-block-9fe7d80b-36c6-4497-87b8-9c1d3e17e2c6 wpforms-render-modern\" id=\"wpforms-192\"><form id=\"wpforms-form-192\" class=\"wpforms-validate wpforms-form wpforms-ajax-form\" data-formid=\"192\" method=\"post\" enctype=\"multipart\/form-data\" action=\"\/wp-json\/wp\/v2\/pages\/168\" data-token=\"ac3e1ce7af43c8da63139ffeac1b737f\" data-token-time=\"1776779627\" data-trp-original-action=\"\/lt\/wp-json\/wp\/v2\/pages\/168\"><noscript class=\"wpforms-error-noscript\">Nor\u0117dami u\u017epildyti \u0161i\u0105 form\u0105, nar\u0161ykl\u0117je \u012fjunkite \"JavaScript\".<\/noscript><div class=\"wpforms-hidden\" id=\"wpforms-error-noscript\">Nor\u0117dami u\u017epildyti \u0161i\u0105 form\u0105, nar\u0161ykl\u0117je \u012fjunkite \"JavaScript\".<\/div><div class=\"wpforms-field-container\"><div id=\"wpforms-192-field_6-container\" class=\"wpforms-field wpforms-field-layout\" data-field-id=\"6\"><div class=\"wpforms-field-layout-columns wpforms-field-layout-preset-25-50-25\"><div class=\"wpforms-layout-column wpforms-layout-column-25\" ><\/div><div class=\"wpforms-layout-column wpforms-layout-column-50\" ><div id=\"wpforms-192-field_1-container\" class=\"wpforms-field wpforms-field-select wpforms-field-select-style-modern\" data-field-id=\"1\"><label class=\"wpforms-field-label wpforms-label-hide\" for=\"wpforms-192-field_1\" aria-hidden=\"false\">Vieta <span class=\"wpforms-required-label\" aria-hidden=\"true\">*<\/span><\/label><select id=\"wpforms-192-field_1\" class=\"wpforms-field-medium wpforms-field-required choicesjs-select\" data-size-class=\"wpforms-field-row wpforms-field-medium\" data-search-enabled=\"1\" name=\"wpforms[fields][1]\" required=\"required\"><option value=\"\" class=\"placeholder\" disabled selected='selected'>Vieta<\/option><option value=\"La Cala de Mijas\" >La Cala de Mijas<\/option><option value=\"Calahonda\" >Calahonda<\/option><option value=\"Marbella\" >Marbella<\/option><option value=\"Mijas Pueblo\" >Mijas Pueblo<\/option><option value=\"Alhaur\u00edn el Grande\" >Alhaur\u00edn el Grande<\/option><option value=\"Alhaur\u00edn Golf\" >Alhaur\u00edn Golf<\/option><option value=\"Co\u00edn\" >Co\u00edn<\/option><option value=\"Monda\" >Monda<\/option><option value=\"Oj\u00e9n\" >Oj\u00e9n<\/option><\/select><\/div><div id=\"wpforms-192-field_5-container\" class=\"wpforms-field wpforms-field-text\" data-field-id=\"5\"><label class=\"wpforms-field-label wpforms-label-hide\" for=\"wpforms-192-field_5\" aria-hidden=\"false\">Gatv\u0117s pavadinimas <span class=\"wpforms-required-label\" aria-hidden=\"true\">*<\/span><\/label><input type=\"text\" id=\"wpforms-192-field_5\" class=\"wpforms-field-medium wpforms-field-required\" name=\"wpforms[fields][5]\" placeholder=\"Gatv\u0117\" aria-errormessage=\"wpforms-192-field_5-error\" required><\/div><div id=\"wpforms-192-field_2-container\" class=\"wpforms-field wpforms-field-select wpforms-field-select-style-modern\" data-field-id=\"2\"><label class=\"wpforms-field-label wpforms-label-hide\" for=\"wpforms-192-field_2\" aria-hidden=\"false\">Tipas <span class=\"wpforms-required-label\" aria-hidden=\"true\">*<\/span><\/label><select id=\"wpforms-192-field_2\" class=\"wpforms-field-medium wpforms-field-required choicesjs-select\" data-size-class=\"wpforms-field-row wpforms-field-medium\" data-search-enabled=\"\" name=\"wpforms[fields][2]\" required=\"required\"><option value=\"\" class=\"placeholder\" disabled selected='selected'>Tipas<\/option><option value=\"Apartment\" >Apartamentai<\/option><option value=\"Villa\" >Vila<\/option><option value=\"Detached house\" >Atskiras namas<\/option><option value=\"Off-grid house\" >Namas be elektros tinklo<\/option><option value=\"Other\" >Kita<\/option><\/select><\/div><div id=\"wpforms-192-field_3-container\" class=\"wpforms-field wpforms-field-select wpforms-field-select-style-modern\" data-field-id=\"3\"><label class=\"wpforms-field-label wpforms-label-hide\" for=\"wpforms-192-field_3\" aria-hidden=\"false\">Miegamieji <span class=\"wpforms-required-label\" aria-hidden=\"true\">*<\/span><\/label><select id=\"wpforms-192-field_3\" class=\"wpforms-field-medium wpforms-field-required choicesjs-select\" data-size-class=\"wpforms-field-row wpforms-field-medium\" data-search-enabled=\"\" name=\"wpforms[fields][3]\" required=\"required\"><option value=\"\" class=\"placeholder\" disabled selected='selected'>Miegamieji<\/option><option value=\"1\" >1<\/option><option value=\"2\" >2<\/option><option value=\"3\" >3<\/option><option value=\"4\" >4<\/option><option value=\"More\" >Daugiau<\/option><\/select><\/div><\/div><div class=\"wpforms-layout-column wpforms-layout-column-25\" ><\/div><\/div><\/div><\/div><!-- .wpforms-field-container --><div class=\"wpforms-submit-container\" ><input type=\"hidden\" name=\"wpforms[id]\" value=\"192\"><input type=\"hidden\" name=\"page_title\" value=\"\"><input type=\"hidden\" name=\"page_url\" value=\"https:\/\/kaidastay.com\/lt\/wp-json\/wp\/v2\/pages\/168\"><button type=\"submit\" name=\"wpforms[submit]\" id=\"wpforms-submit-192\" class=\"wpforms-submit\" data-alt-text=\"Waiting...\" data-submit-text=\"STEP 2\" aria-live=\"assertive\" value=\"wpforms-submit\">Kitas<\/button><img loading=\"lazy\" decoding=\"async\" src=\"https:\/\/kaidastay.com\/wp-content\/plugins\/wpforms\/assets\/images\/submit-spin.svg\" class=\"wpforms-submit-spinner\" style=\"display: none;\" width=\"26\" height=\"26\" alt=\"Loading\"><\/div><input type=\"hidden\" name=\"trp-form-language\" value=\"lt\"\/><\/form><\/div>  <!-- .wpforms-container --><\/div>\n<\/div>\n<\/div>","protected":false},"excerpt":{"rendered":"<p>Just 2 Steps &amp; Get a Free Rental Forecast Whether You&#8217;re renting or seeking a new partner. Discover your property&#8217;s rental potential.<\/p>","protected":false},"author":1,"featured_media":0,"parent":0,"menu_order":0,"comment_status":"closed","ping_status":"closed","template":"page-no-title","meta":{"_acf_changed":false,"footnotes":""},"class_list":["post-168","page","type-page","status-publish","hentry"],"acf":[],"_links":{"self":[{"href":"https:\/\/kaidastay.com\/lt\/wp-json\/wp\/v2\/pages\/168","targetHints":{"allow":["GET"]}}],"collection":[{"href":"https:\/\/kaidastay.com\/lt\/wp-json\/wp\/v2\/pages"}],"about":[{"href":"https:\/\/kaidastay.com\/lt\/wp-json\/wp\/v2\/types\/page"}],"author":[{"embeddable":true,"href":"https:\/\/kaidastay.com\/lt\/wp-json\/wp\/v2\/users\/1"}],"replies":[{"embeddable":true,"href":"https:\/\/kaidastay.com\/lt\/wp-json\/wp\/v2\/comments?post=168"}],"version-history":[{"count":67,"href":"https:\/\/kaidastay.com\/lt\/wp-json\/wp\/v2\/pages\/168\/revisions"}],"predecessor-version":[{"id":1227,"href":"https:\/\/kaidastay.com\/lt\/wp-json\/wp\/v2\/pages\/168\/revisions\/1227"}],"wp:attachment":[{"href":"https:\/\/kaidastay.com\/lt\/wp-json\/wp\/v2\/media?parent=168"}],"curies":[{"name":"wp","href":"https:\/\/api.w.org\/{rel}","templated":true}]}}