{"id":622,"date":"2024-09-23T14:35:54","date_gmt":"2024-09-23T14:35:54","guid":{"rendered":"https:\/\/kaidastay.com\/?page_id=622"},"modified":"2025-07-29T18:51:46","modified_gmt":"2025-07-29T16:51:46","slug":"book-a-call","status":"publish","type":"page","link":"https:\/\/kaidastay.com\/lt\/book-a-call\/","title":{"rendered":"U\u017esisakykite skambut\u012f"},"content":{"rendered":"<div id=\"Book\" class=\"wp-block-group is-content-justification-center is-nowrap is-layout-flex wp-container-core-group-is-layout-f8547d34 wp-block-group-is-layout-flex\" style=\"margin-top:0;margin-bottom:0;padding-top:0;padding-right:0;padding-bottom:0;padding-left:0\">\n<div class=\"wp-block-group has-global-padding is-layout-constrained wp-container-core-group-is-layout-f9a37a7f wp-block-group-is-layout-constrained\" style=\"margin-top:0;margin-bottom:0\">\n<h1 class=\"wp-block-heading has-text-align-center has-text-color has-link-color wp-elements-071b2a4b34b7161ccae132c707e078e2\" style=\"color:#f39c12;font-size:4vh;font-style:normal;font-weight:700\">Viskas prasideda nuo pokalbio<\/h1>\n\n\n\n<p class=\"has-text-align-center has-text-color has-link-color wp-elements-41d3a98a7f2113400f69f20616cc1261\" style=\"color:#ecf0f1;margin-top:0;margin-right:0;margin-bottom:0;margin-left:0;padding-top:0;padding-right:0;padding-bottom:0;padding-left:0;font-size:2vh\">Tikime, kad tikri ry\u0161iai yra svarb\u016bs.<\/p>\n\n\n\n<p class=\"has-text-align-center has-text-color has-link-color wp-elements-6d478b5ef05383e647a6f231399ea417\" style=\"color:#ecf0f1;margin-top:0;margin-right:0;margin-bottom:0;margin-left:0;padding-top:0;padding-right:0;padding-bottom:0;padding-left:0;font-size:2vh\">U\u017esisakykite 15 minu\u010di\u0173 pokalb\u012f, kad su\u017einotum\u0117te, kaip galime pad\u0117ti j\u016bs\u0173 poreikiams ir pateikti ai\u0161kius, asmeninius sprendimus.<\/p>\n<\/div>\n<\/div>\n\n\n\n<div class=\"wp-block-group is-content-justification-center is-layout-flex wp-container-core-group-is-layout-dd52dbbd wp-block-group-is-layout-flex\" style=\"margin-top:0;margin-bottom:0;padding-top:0;padding-right:0;padding-bottom:0;padding-left:0\">\n<div class=\"wp-block-group has-background wp-container-content-d6b592e4 has-global-padding is-layout-constrained wp-block-group-is-layout-constrained\" style=\"border-radius:20px;background-color:#1a7a89;padding-top:0;padding-bottom:0\"><style id=\"wpforms-css-vars-root\">\n\t\t\t\t:root {\n\t\t\t\t\t--wpforms-field-border-radius: 3px;\n--wpforms-field-border-style: solid;\n--wpforms-field-border-size: 1px;\n--wpforms-field-background-color: #ffffff;\n--wpforms-field-border-color: rgba( 0, 0, 0, 0.25 );\n--wpforms-field-border-color-spare: rgba( 0, 0, 0, 0.25 );\n--wpforms-field-text-color: rgba( 0, 0, 0, 0.7 );\n--wpforms-field-menu-color: #ffffff;\n--wpforms-label-color: rgba( 0, 0, 0, 0.85 );\n--wpforms-label-sublabel-color: rgba( 0, 0, 0, 0.55 );\n--wpforms-label-error-color: #d63637;\n--wpforms-button-border-radius: 3px;\n--wpforms-button-border-style: none;\n--wpforms-button-border-size: 1px;\n--wpforms-button-background-color: #066aab;\n--wpforms-button-border-color: #066aab;\n--wpforms-button-text-color: #ffffff;\n--wpforms-page-break-color: #066aab;\n--wpforms-background-image: none;\n--wpforms-background-position: center center;\n--wpforms-background-repeat: no-repeat;\n--wpforms-background-size: cover;\n--wpforms-background-width: 100px;\n--wpforms-background-height: 100px;\n--wpforms-background-color: rgba( 0, 0, 0, 0 );\n--wpforms-background-url: none;\n--wpforms-container-padding: 0px;\n--wpforms-container-border-style: none;\n--wpforms-container-border-width: 1px;\n--wpforms-container-border-color: #000000;\n--wpforms-container-border-radius: 3px;\n--wpforms-field-size-input-height: 43px;\n--wpforms-field-size-input-spacing: 15px;\n--wpforms-field-size-font-size: 16px;\n--wpforms-field-size-line-height: 19px;\n--wpforms-field-size-padding-h: 14px;\n--wpforms-field-size-checkbox-size: 16px;\n--wpforms-field-size-sublabel-spacing: 5px;\n--wpforms-field-size-icon-size: 1;\n--wpforms-label-size-font-size: 16px;\n--wpforms-label-size-line-height: 19px;\n--wpforms-label-size-sublabel-font-size: 14px;\n--wpforms-label-size-sublabel-line-height: 17px;\n--wpforms-button-size-font-size: 17px;\n--wpforms-button-size-height: 41px;\n--wpforms-button-size-padding-h: 15px;\n--wpforms-button-size-margin-top: 10px;\n--wpforms-container-shadow-size-box-shadow: none;\n\n\t\t\t\t}\n\t\t\t<\/style><style id=\"wpforms-css-vars-316-block-1bede120-e5e9-4c55-b43d-c36a75cf0d90\">\n\t\t\t\t#wpforms-316.wpforms-block-1bede120-e5e9-4c55-b43d-c36a75cf0d90 {\n\t\t\t\t\t--wpforms-label-color: #1a7a89;\n--wpforms-label-error-color: #f39c12;\n--wpforms-field-border-size: 3px;\n--wpforms-field-border-radius: 20px;\n--wpforms-field-background-color: #ecf0f1;\n--wpforms-field-border-color: #1a7a89;\n--wpforms-field-border-color-spare: #1a7a89;\n--wpforms-field-text-color: #1a7a89;\n--wpforms-field-menu-color: #ecf0f1;\n--wpforms-container-padding: 0%;\n--wpforms-container-border-radius: 0px;\n--wpforms-button-border-radius: 25px;\n--wpforms-button-background-color: #f39c12;\n--wpforms-button-text-color: #1a7a89;\n--wpforms-field-size-input-height: 50px;\n--wpforms-field-size-input-spacing: 20px;\n--wpforms-field-size-font-size: 18px;\n--wpforms-field-size-line-height: 21px;\n--wpforms-field-size-padding-h: 14px;\n--wpforms-field-size-checkbox-size: 18px;\n--wpforms-field-size-sublabel-spacing: 10px;\n--wpforms-field-size-icon-size: 1.25;\n--wpforms-label-size-font-size: 14px;\n--wpforms-label-size-line-height: 17px;\n--wpforms-label-size-sublabel-font-size: 13px;\n--wpforms-label-size-sublabel-line-height: 16px;\n--wpforms-button-size-font-size: 20px;\n--wpforms-button-size-height: 48px;\n--wpforms-button-size-padding-h: 20px;\n--wpforms-button-size-margin-top: 15px;\n--wpforms-container-shadow-size-box-shadow: none;\n\n\t\t\t\t}\n\t\t\t<\/style><style id=\"wpforms-custom-css-316-block-1bede120-e5e9-4c55-b43d-c36a75cf0d90\">\n\t\t\t\t#wpforms-316 .wpforms-submit {\n    display: block;\n    margin: 20px auto;\n    text-align: ;\n}\n\t\t\t<\/style><div class=\"wpforms-container wpforms-container-full wpforms-block wpforms-block-1bede120-e5e9-4c55-b43d-c36a75cf0d90 wpforms-render-modern\" id=\"wpforms-316\"><form id=\"wpforms-form-316\" class=\"wpforms-validate wpforms-form wpforms-ajax-form\" data-formid=\"316\" method=\"post\" enctype=\"multipart\/form-data\" action=\"\/wp-json\/wp\/v2\/pages\/622\" data-token=\"a5b291adb524e7cd7a57f177615ffd6a\" data-token-time=\"1776779642\" data-trp-original-action=\"\/lt\/wp-json\/wp\/v2\/pages\/622\"><noscript class=\"wpforms-error-noscript\">Nor\u0117dami u\u017epildyti \u0161i\u0105 form\u0105, nar\u0161ykl\u0117je \u012fjunkite \"JavaScript\".<\/noscript><div class=\"wpforms-hidden\" id=\"wpforms-error-noscript\">Nor\u0117dami u\u017epildyti \u0161i\u0105 form\u0105, nar\u0161ykl\u0117je \u012fjunkite \"JavaScript\".<\/div><div class=\"wpforms-field-container\"><div id=\"wpforms-316-field_19-container\" class=\"wpforms-field wpforms-field-layout\" data-field-id=\"19\"><div class=\"wpforms-field-layout-rows wpforms-field-large\"><div class=\"wpforms-layout-row\"><div class=\"wpforms-layout-column wpforms-layout-column-25\"><\/div><div class=\"wpforms-layout-column wpforms-layout-column-50\"><div id=\"wpforms-316-field_4-container\" class=\"wpforms-field wpforms-field-text\" data-field-id=\"4\"><label class=\"wpforms-field-label wpforms-label-hide\" for=\"wpforms-316-field_4\" aria-hidden=\"false\">Vardas <span class=\"wpforms-required-label\" aria-hidden=\"true\">*<\/span><\/label><input type=\"text\" id=\"wpforms-316-field_4\" class=\"wpforms-field-medium wpforms-field-required\" name=\"wpforms[fields][4]\" placeholder=\"Vardas\" aria-errormessage=\"wpforms-316-field_4-error\" required><\/div><\/div><div class=\"wpforms-layout-column wpforms-layout-column-25\"><\/div><\/div><div class=\"wpforms-layout-row\"><div class=\"wpforms-layout-column wpforms-layout-column-25\"><\/div><div class=\"wpforms-layout-column wpforms-layout-column-50\"><div id=\"wpforms-316-field_5-container\" class=\"wpforms-field wpforms-field-email\" data-field-id=\"5\"><label class=\"wpforms-field-label wpforms-label-hide\" for=\"wpforms-316-field_5\" aria-hidden=\"false\">El.pa\u0161tas <span class=\"wpforms-required-label\" aria-hidden=\"true\">*<\/span><\/label><input type=\"email\" id=\"wpforms-316-field_5\" class=\"wpforms-field-medium wpforms-field-required\" name=\"wpforms[fields][5]\" placeholder=\"El.pa\u0161tas\" spellcheck=\"false\" aria-errormessage=\"wpforms-316-field_5-error\" required><\/div><\/div><div class=\"wpforms-layout-column wpforms-layout-column-25\"><\/div><\/div><div class=\"wpforms-layout-row\"><div class=\"wpforms-layout-column wpforms-layout-column-25\"><\/div><div class=\"wpforms-layout-column wpforms-layout-column-50\"><div id=\"wpforms-316-field_20-container\" class=\"wpforms-field wpforms-field-phone\" data-field-id=\"20\"><label class=\"wpforms-field-label wpforms-label-hide\" for=\"wpforms-316-field_20\" aria-hidden=\"false\">Telefonas<\/label><input type=\"tel\" id=\"wpforms-316-field_20\" class=\"wpforms-field-medium wpforms-smart-phone-field\" data-rule-smart-phone-field=\"true\" name=\"wpforms[fields][20]\" placeholder=\"Telefonas\" aria-label=\"Telefonas\" aria-errormessage=\"wpforms-316-field_20-error\" ><\/div><\/div><div class=\"wpforms-layout-column wpforms-layout-column-25\"><\/div><\/div><div class=\"wpforms-layout-row\"><div class=\"wpforms-layout-column wpforms-layout-column-25\"><\/div><div class=\"wpforms-layout-column wpforms-layout-column-50\"><div id=\"wpforms-316-field_9-container\" class=\"wpforms-field wpforms-field-date-time\" data-field-id=\"9\"><label class=\"wpforms-field-label wpforms-label-hide\" for=\"wpforms-316-field_9\" aria-hidden=\"false\">Data <span class=\"wpforms-required-label\" aria-hidden=\"true\">*<\/span><\/label><div class=\"wpforms-datepicker-wrap\"><input type=\"text\" id=\"wpforms-316-field_9\" class=\"wpforms-field-date-time-date wpforms-datepicker wpforms-field-required wpforms-field-medium\" data-date-format=\"m\/d\/Y\" data-limit-days=\"mon,tue,wed,thu,fri\" data-disable-past-dates=\"1\" data-disable-todays-date=\"1\" data-input=\"true\" name=\"wpforms[fields][9][date]\" placeholder=\"Data\" aria-errormessage=\"wpforms-316-field_9-error\" required><a title=\"I\u0161valymo data\" data-clear class=\"wpforms-datepicker-clear\" style=\"display:none;\"><\/a><\/div><\/div><\/div><div class=\"wpforms-layout-column wpforms-layout-column-25\"><\/div><\/div><div class=\"wpforms-layout-row\"><div class=\"wpforms-layout-column wpforms-layout-column-25\"><\/div><div class=\"wpforms-layout-column wpforms-layout-column-50\"><div id=\"wpforms-316-field_13-container\" class=\"wpforms-field wpforms-field-date-time\" data-field-id=\"13\"><label class=\"wpforms-field-label wpforms-label-hide\" for=\"wpforms-316-field_13-time\" aria-hidden=\"false\">Laikas <span class=\"wpforms-required-label\" aria-hidden=\"true\">*<\/span><\/label><input type=\"text\" id=\"wpforms-316-field_13-time\" class=\"wpforms-field-date-time-time wpforms-timepicker wpforms-field-required wpforms-field-medium\" data-time-format=\"H:i\" data-step=\"30\" data-rule-time24h=\"true\" data-min-time=\"08:00\" data-max-time=\"20:00\" data-rule-time-limit=\"true\" name=\"wpforms[fields][13][time]\" placeholder=\"Laikas (CET)\" aria-errormessage=\"wpforms-316-field_13-time-error\" required><\/div><\/div><div class=\"wpforms-layout-column wpforms-layout-column-25\"><\/div><\/div><\/div><\/div><\/div><!-- .wpforms-field-container --><div class=\"wpforms-submit-container\" ><input type=\"hidden\" name=\"wpforms[id]\" value=\"316\"><input type=\"hidden\" name=\"page_title\" value=\"\"><input type=\"hidden\" name=\"page_url\" value=\"https:\/\/kaidastay.com\/lt\/wp-json\/wp\/v2\/pages\/622\"><button type=\"submit\" name=\"wpforms[submit]\" id=\"wpforms-submit-316\" class=\"wpforms-submit\" data-alt-text=\"Sending...\" data-submit-text=\"Submit\" aria-live=\"assertive\" value=\"wpforms-submit\">Si\u0173sti<\/button><img loading=\"lazy\" decoding=\"async\" src=\"https:\/\/kaidastay.com\/wp-content\/plugins\/wpforms\/assets\/images\/submit-spin.svg\" class=\"wpforms-submit-spinner\" style=\"display: none;\" width=\"26\" height=\"26\" alt=\"Loading\"><\/div><input type=\"hidden\" name=\"trp-form-language\" value=\"lt\"\/><\/form><\/div>  <!-- .wpforms-container --><\/div>\n\n\n\n<div class=\"wp-block-group has-background is-vertical is-content-justification-center is-layout-flex wp-container-core-group-is-layout-0fffb9ab wp-block-group-is-layout-flex\" style=\"border-radius:25px;background-color:#ecf0f1;margin-top:0;margin-bottom:0;padding-top:var(--wp--preset--spacing--20);padding-right:var(--wp--preset--spacing--40);padding-bottom:var(--wp--preset--spacing--20);padding-left:var(--wp--preset--spacing--40)\">\n<h2 class=\"wp-block-heading has-text-color has-link-color has-heading-font-family wp-elements-f71ad7e8129f8620e05c57e1f505d476\" style=\"color:#f39c12;font-style:normal;font-weight:400\">Negalite laukti?<\/h2>\n\n\n\n<p class=\"has-text-align-center has-text-color has-link-color wp-elements-da8833c08ae9fb33ebe73ebc23427979\" style=\"color:#34495e;margin-top:0;margin-right:0;margin-bottom:0;margin-left:0;padding-top:0;padding-right:0;padding-bottom:0;padding-left:0\">Pasiekite mus dabar<\/p>\n\n\n\n<div style=\"height:30px;width:0px\" aria-hidden=\"true\" class=\"wp-block-spacer wp-container-content-cf2db169\"><\/div>\n\n\n\n<div class=\"wp-block-group is-nowrap is-layout-flex wp-container-core-group-is-layout-6c531013 wp-block-group-is-layout-flex\">\n<div class=\"wp-block-wpzoom-blocks-social-icons is-style-with-canvas-round\" style=\"--wpz-social-icons-block-item-font-size:25px;--wpz-social-icons-block-item-padding-horizontal:6px;--wpz-social-icons-block-item-padding-vertical:6px;--wpz-social-icons-block-item-margin-horizontal:5px;--wpz-social-icons-block-item-margin-vertical:5px;--wpz-social-icons-block-item-border-radius:50px;--wpz-social-icons-block-label-font-size:16px;--wpz-social-icons-block-label-color:#2e3131;--wpz-social-icons-block-label-color-hover:#2e3131;--wpz-social-icons-alignment:center\"><a href=\"https:\/\/wa.me\/+34623602332\" class=\"social-icon-link\" title=\"Whatsapp\" style=\"--wpz-social-icons-block-item-color:#f39c12;--wpz-social-icons-block-item-color-hover:#1a7a89\" target=\"_blank\" rel=\"noopener\"><span class=\"social-icon socicon socicon-whatsapp\"><\/span><\/a><\/div>\n\n\n\n<div class=\"wp-block-wpzoom-blocks-social-icons is-style-with-canvas-round\" style=\"--wpz-social-icons-block-item-font-size:25px;--wpz-social-icons-block-item-padding-horizontal:6px;--wpz-social-icons-block-item-padding-vertical:6px;--wpz-social-icons-block-item-margin-horizontal:5px;--wpz-social-icons-block-item-margin-vertical:5px;--wpz-social-icons-block-item-border-radius:50px;--wpz-social-icons-block-label-font-size:16px;--wpz-social-icons-block-label-color:#2e3131;--wpz-social-icons-block-label-color-hover:#2e3131;--wpz-social-icons-alignment:center\"><a href=\"tel: 34623602332\" class=\"social-icon-link\" title=\"Telefonas\" style=\"--wpz-social-icons-block-item-color:#f39c12;--wpz-social-icons-block-item-color-hover:#1a7a89\"><span class=\"social-icon dashicons dashicons-phone\"><\/span><\/a><\/div>\n\n\n\n<div class=\"wp-block-wpzoom-blocks-social-icons is-style-with-canvas-round\" style=\"--wpz-social-icons-block-item-font-size:25px;--wpz-social-icons-block-item-padding-horizontal:6px;--wpz-social-icons-block-item-padding-vertical:6px;--wpz-social-icons-block-item-margin-horizontal:5px;--wpz-social-icons-block-item-margin-vertical:5px;--wpz-social-icons-block-item-border-radius:50px;--wpz-social-icons-block-label-font-size:16px;--wpz-social-icons-block-label-color:#2e3131;--wpz-social-icons-block-label-color-hover:#2e3131;--wpz-social-icons-alignment:center\"><a href=\"mailto:hola@kaidastay.com\" class=\"social-icon-link\" title=\"Pa\u0161tas\" style=\"--wpz-social-icons-block-item-color:#f39c12;--wpz-social-icons-block-item-color-hover:#1a7a89\"><span class=\"social-icon socicon socicon-mail\"><\/span><\/a><\/div>\n<\/div>\n<\/div>\n<\/div>","protected":false},"excerpt":{"rendered":"<p>Viskas prasideda nuo pokalbio Mes tikime, kad tikri ry\u0161iai lemia visk\u0105. U\u017esisakykite 15 minu\u010di\u0173 pokalb\u012f, kad su\u017einotum\u0117te, kaip galime pad\u0117ti j\u016bs\u0173 poreikiams ir pateikti ai\u0161kius, asmeninius sprendimus Negalite laukti? Susisiekite su mumis dabar<\/p>","protected":false},"author":1,"featured_media":0,"parent":0,"menu_order":0,"comment_status":"closed","ping_status":"closed","template":"page-no-title","meta":{"_acf_changed":false,"footnotes":""},"class_list":["post-622","page","type-page","status-publish","hentry"],"acf":[],"_links":{"self":[{"href":"https:\/\/kaidastay.com\/lt\/wp-json\/wp\/v2\/pages\/622","targetHints":{"allow":["GET"]}}],"collection":[{"href":"https:\/\/kaidastay.com\/lt\/wp-json\/wp\/v2\/pages"}],"about":[{"href":"https:\/\/kaidastay.com\/lt\/wp-json\/wp\/v2\/types\/page"}],"author":[{"embeddable":true,"href":"https:\/\/kaidastay.com\/lt\/wp-json\/wp\/v2\/users\/1"}],"replies":[{"embeddable":true,"href":"https:\/\/kaidastay.com\/lt\/wp-json\/wp\/v2\/comments?post=622"}],"version-history":[{"count":20,"href":"https:\/\/kaidastay.com\/lt\/wp-json\/wp\/v2\/pages\/622\/revisions"}],"predecessor-version":[{"id":1498,"href":"https:\/\/kaidastay.com\/lt\/wp-json\/wp\/v2\/pages\/622\/revisions\/1498"}],"wp:attachment":[{"href":"https:\/\/kaidastay.com\/lt\/wp-json\/wp\/v2\/media?parent=622"}],"curies":[{"name":"wp","href":"https:\/\/api.w.org\/{rel}","templated":true}]}}