{"id":124,"date":"2024-09-08T20:08:05","date_gmt":"2024-09-08T20:08:05","guid":{"rendered":"https:\/\/kaidastay.com\/?page_id=124"},"modified":"2025-07-29T18:50:56","modified_gmt":"2025-07-29T16:50:56","slug":"contacts","status":"publish","type":"page","link":"https:\/\/kaidastay.com\/ru\/contacts\/","title":{"rendered":"\u041a\u043e\u043d\u0442\u0430\u043a\u0442\u044b"},"content":{"rendered":"<div class=\"wp-block-group has-background is-content-justification-center is-nowrap is-layout-flex wp-container-core-group-is-layout-82f3d72c wp-block-group-is-layout-flex\" style=\"background-color:#ecf0f1;margin-top:0;margin-bottom:0;padding-top:var(--wp--preset--spacing--30);padding-right:0;padding-bottom:var(--wp--preset--spacing--30);padding-left:0\">\n<div class=\"wp-block-group has-global-padding is-layout-constrained wp-container-core-group-is-layout-92b9201d wp-block-group-is-layout-constrained\">\n<h1 class=\"wp-block-heading has-text-align-center has-text-color has-link-color wp-elements-b602a026b9d4051a63bafd24fad5fd3f\" style=\"color:#34495e;font-size:clamp(1.25rem, 1.25rem + ((1vw - 0.2rem) * 1.25), 2rem);font-style:normal;font-weight:700\">\u0421\u0432\u044f\u0436\u0438\u0442\u0435\u0441\u044c \u0441 \u043d\u0430\u043c\u0438<\/h1>\n\n\n\n<p class=\"has-text-align-center has-text-color has-link-color wp-elements-2fac04b27f63950479063885f200441f\" style=\"color:#34495e;margin-top:0;margin-right:0;margin-bottom:0;margin-left:0;padding-top:0;padding-right:0;padding-bottom:0;padding-left:0\">\u0414\u0430\u0432\u0430\u0439\u0442\u0435 \u043e\u0431\u0441\u0443\u0434\u0438\u043c \u0443\u043f\u0440\u0430\u0432\u043b\u0435\u043d\u0438\u0435 \u0432\u0430\u0448\u0435\u0439 \u043d\u0435\u0434\u0432\u0438\u0436\u0438\u043c\u043e\u0441\u0442\u044c\u044e! \u041a\u043e\u0441\u0442\u0430-\u0434\u0435\u043b\u044c-\u0421\u043e\u043b\u044c \u0438 \u0432\u043d\u0443\u0442\u0440\u0435\u043d\u043d\u0438\u0435 \u0440\u0430\u0439\u043e\u043d\u044b<\/p>\n<\/div>\n<\/div>\n\n\n\n<div class=\"wp-block-group has-background is-content-justification-center is-layout-flex wp-container-core-group-is-layout-d2adf7b6 wp-block-group-is-layout-flex\" style=\"background-color:#ecf0f1;margin-top:0;margin-bottom:0;padding-top:var(--wp--preset--spacing--30);padding-right:var(--wp--preset--spacing--30);padding-bottom:var(--wp--preset--spacing--30);padding-left:var(--wp--preset--spacing--30)\">\n<div class=\"wp-block-group is-vertical is-layout-flex wp-container-core-group-is-layout-98bb686d wp-block-group-is-layout-flex\">\n<div class=\"wp-block-group is-nowrap is-layout-flex wp-container-core-group-is-layout-6c531013 wp-block-group-is-layout-flex\">\n<div class=\"wp-block-wpzoom-blocks-social-icons is-style-with-canvas-round\" style=\"--wpz-social-icons-block-item-font-size:25px;--wpz-social-icons-block-item-padding-horizontal:6px;--wpz-social-icons-block-item-padding-vertical:6px;--wpz-social-icons-block-item-margin-horizontal:5px;--wpz-social-icons-block-item-margin-vertical:5px;--wpz-social-icons-block-item-border-radius:50px;--wpz-social-icons-block-label-font-size:16px;--wpz-social-icons-block-label-color:#2e3131;--wpz-social-icons-block-label-color-hover:#2e3131;--wpz-social-icons-alignment:center\"><a href=\"https:\/\/wa.me\/+34623602332\" class=\"social-icon-link\" title=\"WhatsApp\" style=\"--wpz-social-icons-block-item-color:#1a7a89;--wpz-social-icons-block-item-color-hover:#1a7a89\" target=\"_blank\" rel=\"noopener\"><span class=\"social-icon socicon socicon-whatsapp\"><\/span><\/a><\/div>\n\n\n\n<p class=\"has-text-align-center has-text-color has-link-color has-heading-font-family wp-elements-2349835a1a1dfa82cf1b18814a440b3b\" style=\"color:#34495e;font-size:clamp(0.984rem, 0.984rem + ((1vw - 0.2rem) * 0.86), 1.5rem);font-style:normal;font-weight:400\">+34 62 360 2332<\/p>\n<\/div>\n\n\n\n<div class=\"wp-block-group has-text-color has-link-color wp-elements-d8c6e73da3fa6a7fa9667416ef1f7b7b is-nowrap is-layout-flex wp-container-core-group-is-layout-6c531013 wp-block-group-is-layout-flex\" style=\"color:#34495e\">\n<div class=\"wp-block-wpzoom-blocks-social-icons is-style-with-canvas-round\" style=\"--wpz-social-icons-block-item-font-size:25px;--wpz-social-icons-block-item-padding-horizontal:6px;--wpz-social-icons-block-item-padding-vertical:6px;--wpz-social-icons-block-item-margin-horizontal:5px;--wpz-social-icons-block-item-margin-vertical:5px;--wpz-social-icons-block-item-border-radius:50px;--wpz-social-icons-block-label-font-size:16px;--wpz-social-icons-block-label-color:#2e3131;--wpz-social-icons-block-label-color-hover:#2e3131;--wpz-social-icons-alignment:center\"><a href=\"\/ru\/\u0442\u0435\u043b: 34623602332\/\" class=\"social-icon-link\" title=\"\u0422\u0435\u043b\u0435\u0444\u043e\u043d\" style=\"--wpz-social-icons-block-item-color:#1a7a89;--wpz-social-icons-block-item-color-hover:#1a7a89\"><span class=\"social-icon dashicons dashicons-phone\"><\/span><\/a><\/div>\n\n\n\n<p class=\"has-text-align-center has-heading-font-family\" style=\"font-size:clamp(0.984rem, 0.984rem + ((1vw - 0.2rem) * 0.86), 1.5rem);font-style:normal;font-weight:400\">+34 62 360 2332<\/p>\n<\/div>\n\n\n\n<div class=\"wp-block-group has-text-color has-link-color wp-elements-a4e81bd7e0741bc6bb87841833a76c56 is-nowrap is-layout-flex wp-container-core-group-is-layout-6c531013 wp-block-group-is-layout-flex\" style=\"color:#34495e\">\n<div class=\"wp-block-wpzoom-blocks-social-icons is-style-with-canvas-round\" style=\"--wpz-social-icons-block-item-font-size:25px;--wpz-social-icons-block-item-padding-horizontal:6px;--wpz-social-icons-block-item-padding-vertical:6px;--wpz-social-icons-block-item-margin-horizontal:5px;--wpz-social-icons-block-item-margin-vertical:5px;--wpz-social-icons-block-item-border-radius:50px;--wpz-social-icons-block-label-font-size:16px;--wpz-social-icons-block-label-color:#2e3131;--wpz-social-icons-block-label-color-hover:#2e3131;--wpz-social-icons-alignment:center\"><a href=\"mailto:hola@kaidastay.com\" class=\"social-icon-link\" title=\"\u041f\u043e\u0447\u0442\u0430\" style=\"--wpz-social-icons-block-item-color:#1a7a89;--wpz-social-icons-block-item-color-hover:#1a7a89\"><span class=\"social-icon socicon socicon-mail\"><\/span><\/a><\/div>\n\n\n\n<p class=\"has-text-align-center has-heading-font-family\" style=\"font-size:clamp(0.984rem, 0.984rem + ((1vw - 0.2rem) * 0.86), 1.5rem);font-style:normal;font-weight:400\">Hola@kaidastay.com<\/p>\n<\/div>\n\n\n\n<div class=\"wp-block-group has-text-color has-link-color wp-elements-bdd0f0b2f80e34279e288de3e4b4fae0 is-vertical is-layout-flex wp-container-core-group-is-layout-ab79abe2 wp-block-group-is-layout-flex\" style=\"color:#34495e;padding-top:var(--wp--preset--spacing--30);padding-bottom:var(--wp--preset--spacing--30)\">\n<p class=\"has-text-align-center has-heading-font-family\" style=\"font-size:clamp(0.984rem, 0.984rem + ((1vw - 0.2rem) * 0.86), 1.5rem);font-style:normal;font-weight:400\"><strong>\u0423\u0434\u0430\u043b\u0435\u043d\u043d\u044b\u0439 \u043e\u0444\u0438\u0441<\/strong><\/p>\n\n\n\n<p class=\"has-text-align-center has-heading-font-family\" style=\"font-size:clamp(0.984rem, 0.984rem + ((1vw - 0.2rem) * 0.86), 1.5rem);font-style:normal;font-weight:400\"><strong>\u041f\u043e\u0447\u0442\u043e\u0432\u044b\u0439 \u0430\u0434\u0440\u0435\u0441:<\/strong> <\/p>\n\n\n\n<p class=\"has-medium-font-size\">\u0421. \u041c\u043e\u043d\u0442\u0435\u043e\u043b\u0438\u0301\u0432\u043e, 36, \u041a\u043e\u0438\u0301\u043d, 29100, \u041c\u0430\u0301\u043b\u0430\u0433\u0430, \u0418\u0441\u043f\u0430\u0301\u043d\u0438\u044f <\/p>\n<\/div>\n<\/div>\n\n\n\n<div class=\"wp-block-group is-vertical is-content-justification-center is-layout-flex wp-container-core-group-is-layout-ce155fab wp-block-group-is-layout-flex\">\n<div class=\"wp-block-group has-background has-global-padding is-layout-constrained wp-container-core-group-is-layout-982ec413 wp-block-group-is-layout-constrained\" style=\"border-radius:20px;background-color:#1a7a89;padding-top:var(--wp--preset--spacing--20);padding-right:0;padding-bottom:var(--wp--preset--spacing--20);padding-left:0\">\n<h2 class=\"wp-block-heading has-text-align-center has-text-color has-link-color has-heading-font-family wp-elements-d86cea9e03459e08080e9b053eac6da9\" style=\"color:#f39c12;font-style:normal;font-weight:400\">\u0417\u0430\u0431\u0440\u043e\u043d\u0438\u0440\u043e\u0432\u0430\u0442\u044c \u0432\u0441\u0442\u0440\u0435\u0447\u0443<\/h2>\n\n\n\n<div class=\"wp-block-group alignwide has-global-padding is-layout-constrained wp-container-core-group-is-layout-c9115f92 wp-block-group-is-layout-constrained\" style=\"padding-right:var(--wp--preset--spacing--20);padding-left:var(--wp--preset--spacing--20)\"><style id=\"wpforms-css-vars-root\">\n\t\t\t\t:root {\n\t\t\t\t\t--wpforms-field-border-radius: 3px;\n--wpforms-field-border-style: solid;\n--wpforms-field-border-size: 1px;\n--wpforms-field-background-color: #ffffff;\n--wpforms-field-border-color: rgba( 0, 0, 0, 0.25 );\n--wpforms-field-border-color-spare: rgba( 0, 0, 0, 0.25 );\n--wpforms-field-text-color: rgba( 0, 0, 0, 0.7 );\n--wpforms-field-menu-color: #ffffff;\n--wpforms-label-color: rgba( 0, 0, 0, 0.85 );\n--wpforms-label-sublabel-color: rgba( 0, 0, 0, 0.55 );\n--wpforms-label-error-color: #d63637;\n--wpforms-button-border-radius: 3px;\n--wpforms-button-border-style: none;\n--wpforms-button-border-size: 1px;\n--wpforms-button-background-color: #066aab;\n--wpforms-button-border-color: #066aab;\n--wpforms-button-text-color: #ffffff;\n--wpforms-page-break-color: #066aab;\n--wpforms-background-image: none;\n--wpforms-background-position: center center;\n--wpforms-background-repeat: no-repeat;\n--wpforms-background-size: cover;\n--wpforms-background-width: 100px;\n--wpforms-background-height: 100px;\n--wpforms-background-color: rgba( 0, 0, 0, 0 );\n--wpforms-background-url: none;\n--wpforms-container-padding: 0px;\n--wpforms-container-border-style: none;\n--wpforms-container-border-width: 1px;\n--wpforms-container-border-color: #000000;\n--wpforms-container-border-radius: 3px;\n--wpforms-field-size-input-height: 43px;\n--wpforms-field-size-input-spacing: 15px;\n--wpforms-field-size-font-size: 16px;\n--wpforms-field-size-line-height: 19px;\n--wpforms-field-size-padding-h: 14px;\n--wpforms-field-size-checkbox-size: 16px;\n--wpforms-field-size-sublabel-spacing: 5px;\n--wpforms-field-size-icon-size: 1;\n--wpforms-label-size-font-size: 16px;\n--wpforms-label-size-line-height: 19px;\n--wpforms-label-size-sublabel-font-size: 14px;\n--wpforms-label-size-sublabel-line-height: 17px;\n--wpforms-button-size-font-size: 17px;\n--wpforms-button-size-height: 41px;\n--wpforms-button-size-padding-h: 15px;\n--wpforms-button-size-margin-top: 10px;\n--wpforms-container-shadow-size-box-shadow: none;\n\n\t\t\t\t}\n\t\t\t<\/style><style id=\"wpforms-css-vars-316-block-1bede120-e5e9-4c55-b43d-c36a75cf0d90\">\n\t\t\t\t#wpforms-316.wpforms-block-1bede120-e5e9-4c55-b43d-c36a75cf0d90 {\n\t\t\t\t\t--wpforms-label-color: #1a7a89;\n--wpforms-label-error-color: #f39c12;\n--wpforms-field-border-size: 3px;\n--wpforms-field-border-radius: 20px;\n--wpforms-field-background-color: #ecf0f1;\n--wpforms-field-border-color: #1a7a89;\n--wpforms-field-border-color-spare: #1a7a89;\n--wpforms-field-text-color: #1a7a89;\n--wpforms-field-menu-color: #ecf0f1;\n--wpforms-container-padding: 0%;\n--wpforms-container-border-radius: 0px;\n--wpforms-button-border-radius: 25px;\n--wpforms-button-background-color: #f39c12;\n--wpforms-button-text-color: #1a7a89;\n--wpforms-field-size-input-height: 50px;\n--wpforms-field-size-input-spacing: 20px;\n--wpforms-field-size-font-size: 18px;\n--wpforms-field-size-line-height: 21px;\n--wpforms-field-size-padding-h: 14px;\n--wpforms-field-size-checkbox-size: 18px;\n--wpforms-field-size-sublabel-spacing: 10px;\n--wpforms-field-size-icon-size: 1.25;\n--wpforms-label-size-font-size: 14px;\n--wpforms-label-size-line-height: 17px;\n--wpforms-label-size-sublabel-font-size: 13px;\n--wpforms-label-size-sublabel-line-height: 16px;\n--wpforms-button-size-font-size: 20px;\n--wpforms-button-size-height: 48px;\n--wpforms-button-size-padding-h: 20px;\n--wpforms-button-size-margin-top: 15px;\n--wpforms-container-shadow-size-box-shadow: none;\n\n\t\t\t\t}\n\t\t\t<\/style><style id=\"wpforms-custom-css-316-block-1bede120-e5e9-4c55-b43d-c36a75cf0d90\">\n\t\t\t\t#wpforms-316 .wpforms-submit {\n    display: block;\n    margin: 20px auto;\n    text-align: ;\n}\n\t\t\t<\/style><div class=\"wpforms-container wpforms-container-full wpforms-block wpforms-block-1bede120-e5e9-4c55-b43d-c36a75cf0d90 wpforms-render-modern\" id=\"wpforms-316\"><form id=\"wpforms-form-316\" class=\"wpforms-validate wpforms-form wpforms-ajax-form\" data-formid=\"316\" method=\"post\" enctype=\"multipart\/form-data\" action=\"\/wp-json\/wp\/v2\/pages\/124\" data-token=\"c77675d54b7362f8b2a5268df0921929\" data-token-time=\"1775830713\" data-trp-original-action=\"\/ru\/wp-json\/wp\/v2\/pages\/124\"><noscript class=\"wpforms-error-noscript\">\u0414\u043b\u044f \u0437\u0430\u043f\u043e\u043b\u043d\u0435\u043d\u0438\u044f \u0434\u0430\u043d\u043d\u043e\u0439 \u0444\u043e\u0440\u043c\u044b \u0432\u043a\u043b\u044e\u0447\u0438\u0442\u0435 JavaScript \u0432 \u0431\u0440\u0430\u0443\u0437\u0435\u0440\u0435.<\/noscript><div class=\"wpforms-hidden\" id=\"wpforms-error-noscript\">\u0414\u043b\u044f \u0437\u0430\u043f\u043e\u043b\u043d\u0435\u043d\u0438\u044f \u0434\u0430\u043d\u043d\u043e\u0439 \u0444\u043e\u0440\u043c\u044b \u0432\u043a\u043b\u044e\u0447\u0438\u0442\u0435 JavaScript \u0432 \u0431\u0440\u0430\u0443\u0437\u0435\u0440\u0435.<\/div><div class=\"wpforms-field-container\"><div id=\"wpforms-316-field_19-container\" class=\"wpforms-field wpforms-field-layout\" data-field-id=\"19\"><div class=\"wpforms-field-layout-rows wpforms-field-large\"><div class=\"wpforms-layout-row\"><div class=\"wpforms-layout-column wpforms-layout-column-25\"><\/div><div class=\"wpforms-layout-column wpforms-layout-column-50\"><div id=\"wpforms-316-field_4-container\" class=\"wpforms-field wpforms-field-text\" data-field-id=\"4\"><label class=\"wpforms-field-label wpforms-label-hide\" for=\"wpforms-316-field_4\" aria-hidden=\"false\">\u0418\u043c\u044f <span class=\"wpforms-required-label\" aria-hidden=\"true\">*<\/span><\/label><input type=\"text\" id=\"wpforms-316-field_4\" class=\"wpforms-field-medium wpforms-field-required\" name=\"wpforms[fields][4]\" placeholder=\"\u0418\u043c\u044f\" aria-errormessage=\"wpforms-316-field_4-error\" required><\/div><\/div><div class=\"wpforms-layout-column wpforms-layout-column-25\"><\/div><\/div><div class=\"wpforms-layout-row\"><div class=\"wpforms-layout-column wpforms-layout-column-25\"><\/div><div class=\"wpforms-layout-column wpforms-layout-column-50\"><div id=\"wpforms-316-field_5-container\" class=\"wpforms-field wpforms-field-email\" data-field-id=\"5\"><label class=\"wpforms-field-label wpforms-label-hide\" for=\"wpforms-316-field_5\" aria-hidden=\"false\">\u042d\u043b\u0435\u043a\u0442\u0440\u043e\u043d\u043d\u0430\u044f \u043f\u043e\u0447\u0442\u0430 <span class=\"wpforms-required-label\" aria-hidden=\"true\">*<\/span><\/label><input type=\"email\" id=\"wpforms-316-field_5\" class=\"wpforms-field-medium wpforms-field-required\" name=\"wpforms[fields][5]\" placeholder=\"\u042d\u043b\u0435\u043a\u0442\u0440\u043e\u043d\u043d\u0430\u044f \u043f\u043e\u0447\u0442\u0430\" spellcheck=\"false\" aria-errormessage=\"wpforms-316-field_5-error\" required><\/div><\/div><div class=\"wpforms-layout-column wpforms-layout-column-25\"><\/div><\/div><div class=\"wpforms-layout-row\"><div class=\"wpforms-layout-column wpforms-layout-column-25\"><\/div><div class=\"wpforms-layout-column wpforms-layout-column-50\"><div id=\"wpforms-316-field_20-container\" class=\"wpforms-field wpforms-field-phone\" data-field-id=\"20\"><label class=\"wpforms-field-label wpforms-label-hide\" for=\"wpforms-316-field_20\" aria-hidden=\"false\">\u0422\u0435\u043b\u0435\u0444\u043e\u043d<\/label><input type=\"tel\" id=\"wpforms-316-field_20\" class=\"wpforms-field-medium wpforms-smart-phone-field\" data-rule-smart-phone-field=\"true\" name=\"wpforms[fields][20]\" placeholder=\"\u0422\u0435\u043b\u0435\u0444\u043e\u043d\" aria-label=\"\u0422\u0435\u043b\u0435\u0444\u043e\u043d\" aria-errormessage=\"wpforms-316-field_20-error\" ><\/div><\/div><div class=\"wpforms-layout-column wpforms-layout-column-25\"><\/div><\/div><div class=\"wpforms-layout-row\"><div class=\"wpforms-layout-column wpforms-layout-column-25\"><\/div><div class=\"wpforms-layout-column wpforms-layout-column-50\"><div id=\"wpforms-316-field_9-container\" class=\"wpforms-field wpforms-field-date-time\" data-field-id=\"9\"><label class=\"wpforms-field-label wpforms-label-hide\" for=\"wpforms-316-field_9\" aria-hidden=\"false\">\u0414\u0430\u0442\u0430 <span class=\"wpforms-required-label\" aria-hidden=\"true\">*<\/span><\/label><div class=\"wpforms-datepicker-wrap\"><input type=\"text\" id=\"wpforms-316-field_9\" class=\"wpforms-field-date-time-date wpforms-datepicker wpforms-field-required wpforms-field-medium\" data-date-format=\"m\/d\/Y\" data-limit-days=\"mon,tue,wed,thu,fri\" data-disable-past-dates=\"1\" data-disable-todays-date=\"1\" data-input=\"true\" name=\"wpforms[fields][9][date]\" placeholder=\"\u0414\u0430\u0442\u0430\" aria-errormessage=\"wpforms-316-field_9-error\" required><a title=\"\u041e\u0447\u0438\u0441\u0442\u0438\u0442\u044c \u0434\u0430\u0442\u0443\" data-clear class=\"wpforms-datepicker-clear\" style=\"display:none;\"><\/a><\/div><\/div><\/div><div class=\"wpforms-layout-column wpforms-layout-column-25\"><\/div><\/div><div class=\"wpforms-layout-row\"><div class=\"wpforms-layout-column wpforms-layout-column-25\"><\/div><div class=\"wpforms-layout-column wpforms-layout-column-50\"><div id=\"wpforms-316-field_13-container\" class=\"wpforms-field wpforms-field-date-time\" data-field-id=\"13\"><label class=\"wpforms-field-label wpforms-label-hide\" for=\"wpforms-316-field_13-time\" aria-hidden=\"false\">\u0412\u0440\u0435\u043c\u044f <span class=\"wpforms-required-label\" aria-hidden=\"true\">*<\/span><\/label><input type=\"text\" id=\"wpforms-316-field_13-time\" class=\"wpforms-field-date-time-time wpforms-timepicker wpforms-field-required wpforms-field-medium\" data-time-format=\"H:i\" data-step=\"30\" data-rule-time24h=\"true\" data-min-time=\"08:00\" data-max-time=\"20:00\" data-rule-time-limit=\"true\" name=\"wpforms[fields][13][time]\" placeholder=\"\u0412\u0440\u0435\u043c\u044f (\u0426\u0415\u0422)\" aria-errormessage=\"wpforms-316-field_13-time-error\" required><\/div><\/div><div class=\"wpforms-layout-column wpforms-layout-column-25\"><\/div><\/div><\/div><\/div><\/div><!-- .wpforms-field-container --><div class=\"wpforms-submit-container\" ><input type=\"hidden\" name=\"wpforms[id]\" value=\"316\"><input type=\"hidden\" name=\"page_title\" value=\"\"><input type=\"hidden\" name=\"page_url\" value=\"https:\/\/kaidastay.com\/ru\/wp-json\/wp\/v2\/pages\/124\"><button type=\"submit\" name=\"wpforms[submit]\" id=\"wpforms-submit-316\" class=\"wpforms-submit\" data-alt-text=\"Sending...\" data-submit-text=\"Submit\" aria-live=\"assertive\" value=\"wpforms-submit\">\u041e\u0442\u043f\u0440\u0430\u0432\u0438\u0442\u044c<\/button><img loading=\"lazy\" decoding=\"async\" src=\"https:\/\/kaidastay.com\/wp-content\/plugins\/wpforms\/assets\/images\/submit-spin.svg\" class=\"wpforms-submit-spinner\" style=\"display: none;\" width=\"26\" height=\"26\" alt=\"\u0417\u0430\u0433\u0440\u0443\u0437\u043a\u0430\"><\/div><input type=\"hidden\" name=\"trp-form-language\" value=\"ru\"\/><\/form><\/div>  <!-- .wpforms-container --><\/div>\n<\/div>\n<\/div>\n<\/div>","protected":false},"excerpt":{"rendered":"<p>Contact Us Let&#8217;s Discuss About Managing Your Property! Costa del Sol &amp; Inland +34 62 360 2332 +34 62 360 2332 Hola@kaidastay.com Remote Office Post Address: C. Monteolivo 36, Co\u00edn, 29100, M\u00e1laga, Espa\u00f1a Book a Meeting<\/p>","protected":false},"author":1,"featured_media":0,"parent":0,"menu_order":0,"comment_status":"closed","ping_status":"closed","template":"page-no-title","meta":{"_acf_changed":false,"footnotes":""},"class_list":["post-124","page","type-page","status-publish","hentry"],"acf":[],"_links":{"self":[{"href":"https:\/\/kaidastay.com\/ru\/wp-json\/wp\/v2\/pages\/124","targetHints":{"allow":["GET"]}}],"collection":[{"href":"https:\/\/kaidastay.com\/ru\/wp-json\/wp\/v2\/pages"}],"about":[{"href":"https:\/\/kaidastay.com\/ru\/wp-json\/wp\/v2\/types\/page"}],"author":[{"embeddable":true,"href":"https:\/\/kaidastay.com\/ru\/wp-json\/wp\/v2\/users\/1"}],"replies":[{"embeddable":true,"href":"https:\/\/kaidastay.com\/ru\/wp-json\/wp\/v2\/comments?post=124"}],"version-history":[{"count":34,"href":"https:\/\/kaidastay.com\/ru\/wp-json\/wp\/v2\/pages\/124\/revisions"}],"predecessor-version":[{"id":1497,"href":"https:\/\/kaidastay.com\/ru\/wp-json\/wp\/v2\/pages\/124\/revisions\/1497"}],"wp:attachment":[{"href":"https:\/\/kaidastay.com\/ru\/wp-json\/wp\/v2\/media?parent=124"}],"curies":[{"name":"wp","href":"https:\/\/api.w.org\/{rel}","templated":true}]}}